{"id":20889,"date":"2025-03-06T14:20:57","date_gmt":"2025-03-06T13:20:57","guid":{"rendered":"https:\/\/www.billigtrikotde.com\/?post_type=product&#038;p=20889"},"modified":"2025-03-06T14:53:54","modified_gmt":"2025-03-06T13:53:54","slug":"billige-trikots-kinder-ac-milan-auswaerts-trikotsatz-2024-25-tammy-abraham-90","status":"publish","type":"product","link":"https:\/\/www.billigtrikotde.com\/it\/billige-trikots-kinder-ac-milan-auswaerts-trikotsatz-2024-25-tammy-abraham-90\/","title":{"rendered":"Cheap Kids Jerseys AC Milan Away Kit 2024-25 Tammy Abraham 90"},"content":{"rendered":"<p>La maglia da trasferta bianca riprende il classico design cromatico dell'AC Milan e presenta un nuovo look per la stagione 24\/25. La maglia bianca presenta un motivo discreto con strisce verticali. Il colletto e le maniche sono decorati con dettagli rossi e neri, e un logo nero completa il design. Ci sono uno stemma dell'AC Milan stampato in silicone e due loghi sponsorizzati trasferiti a caldo.<\/p>\n<p>Questa \u00e8 una maglia da trasferta a maniche corte, a collo alto a coste, perfetta per le giornate di gioco dell'AC Milan e per l'uso quotidiano. La maglia \u00e8 disponibile nelle taglie adulte S\u20132XL ed \u00e8 progettata per offrire il massimo comfort sul campo e fuori. Questa maglia in poliestere leggero \u00e8 traspirante e dotata della tecnologia traspirante di Duracell, che ti mantiene fresco e asciutto.<\/p>\n<p>Suggerimenti per la stampa: Se il nome e il numero dell'immagine sono esattamente quelli desiderati, non \u00e8 necessario inserirli nuovamente. In caso contrario, \u00e8 necessario inserire il nome e il numero desiderati.<\/p>\n<p>Consigli per il lavaggio: Si consiglia di lavare le magliette da calcio a mano. Se si desidera utilizzare la lavatrice, ricordarsi di capovolgere le magliette da calcio e poi lavarle. Riempire la macchina con acqua fredda e utilizzare un ciclo delicato per proteggere meglio i colori.<\/p>","protected":false},"excerpt":{"rendered":"<p>Das wei\u00dfe Ausw\u00e4rtstrikot greift das klassische Farbdesign des AC Mailand auf und pr\u00e4sentiert einen neuen Look f\u00fcr die Saison 24\/25. Das wei\u00dfe Trikot weist ein dezentes Muster mit vertikalen Streifen auf. Der Kragen und die Manschetten sind mit roten und schwarzen Verzierungen versehen, und ein schwarzes Logo rundet das Design ab. Es gibt ein mit [&hellip;]<\/p>","protected":false},"featured_media":20891,"comment_status":"open","ping_status":"closed","template":"","meta":[],"product_brand":[],"product_cat":[92],"product_tag":[630,631,93,20,574,1415,24,1416,94],"class_list":{"0":"post-20889","1":"product","2":"type-product","3":"status-publish","4":"has-post-thumbnail","6":"product_cat-ac-mailand-kindertrikot","7":"product_tag-ac-milan-fussballtrikots-kinder","8":"product_tag-ac-milan-trikot-fuer-kinder","9":"product_tag-ac-milan-trikotsatz-fuer-kinder","10":"product_tag-coole-fussballtrikots","11":"product_tag-fussballtrikot-deutschland","12":"product_tag-fussballtrikots-set","13":"product_tag-guenstiges-fussballtrikot","14":"product_tag-kinder-ac-milan-trikot","15":"product_tag-kinder-fussball-trikotsatz","17":"first","18":"instock","19":"shipping-taxable","20":"purchasable","21":"product-type-variable"},"_links":{"self":[{"href":"https:\/\/www.billigtrikotde.com\/it\/wp-json\/wp\/v2\/product\/20889","targetHints":{"allow":["GET"]}}],"collection":[{"href":"https:\/\/www.billigtrikotde.com\/it\/wp-json\/wp\/v2\/product"}],"about":[{"href":"https:\/\/www.billigtrikotde.com\/it\/wp-json\/wp\/v2\/types\/product"}],"replies":[{"embeddable":true,"href":"https:\/\/www.billigtrikotde.com\/it\/wp-json\/wp\/v2\/comments?post=20889"}],"wp:featuredmedia":[{"embeddable":true,"href":"https:\/\/www.billigtrikotde.com\/it\/wp-json\/wp\/v2\/media\/20891"}],"wp:attachment":[{"href":"https:\/\/www.billigtrikotde.com\/it\/wp-json\/wp\/v2\/media?parent=20889"}],"wp:term":[{"taxonomy":"product_brand","embeddable":true,"href":"https:\/\/www.billigtrikotde.com\/it\/wp-json\/wp\/v2\/product_brand?post=20889"},{"taxonomy":"product_cat","embeddable":true,"href":"https:\/\/www.billigtrikotde.com\/it\/wp-json\/wp\/v2\/product_cat?post=20889"},{"taxonomy":"product_tag","embeddable":true,"href":"https:\/\/www.billigtrikotde.com\/it\/wp-json\/wp\/v2\/product_tag?post=20889"}],"curies":[{"name":"wp","href":"https:\/\/api.w.org\/{rel}","templated":true}]}}