{"id":20656,"date":"2025-01-24T08:17:01","date_gmt":"2025-01-24T07:17:01","guid":{"rendered":"https:\/\/www.billigtrikotde.com\/?post_type=product&#038;p=20656"},"modified":"2025-03-01T09:27:07","modified_gmt":"2025-03-01T08:27:07","slug":"neuen-kinder-fc-barcelona-auswaerts-trikotsatz-2024-25-raphinha-belloli-11","status":"publish","type":"product","link":"https:\/\/www.billigtrikotde.com\/it\/neuen-kinder-fc-barcelona-auswaerts-trikotsatz-2024-25-raphinha-belloli-11\/","title":{"rendered":"Nuovo kit da trasferta del FC Barcellona 2024-25 Raphinha Belloli 11"},"content":{"rendered":"<p>La maglia da trasferta dell'FC Barcelona 2024\/25 presenta le iconiche strisce del Barca su un elegante sfondo nero per un contrasto visivo accattivante. In evidenza lo scudetto del club, in TPU con superficie riflettente e bordo blu e marrone. Il kit da trasferta 2024\/25 viene distribuito in concomitanza con il 125\u00b0 anniversario del Barcellona, il che conferisce un significato speciale all'uscita. La decisione del club di rivisitare questa combinazione di colori \u00e8 un mix di nostalgia e innovazione, che si rivolge sia ai tifosi di vecchia data che a quelli nuovi.<\/p>\n<p>Suggerimenti per la stampa: Se il nome e il numero dell'immagine sono esattamente quelli desiderati, non \u00e8 necessario inserirli nuovamente. In caso contrario, \u00e8 necessario inserire il nome e il numero desiderati.<\/p>\n<p>Consigli per il lavaggio: Si consiglia di lavare le magliette da calcio a mano. Se si desidera utilizzare la lavatrice, ricordarsi di capovolgere le magliette da calcio e poi lavarle. Riempire la macchina con acqua fredda e utilizzare un ciclo delicato per proteggere meglio i colori.<\/p>","protected":false},"excerpt":{"rendered":"<p>Das Ausw\u00e4rtstrikot 2024\/25 des FC Barcelona zeigt die ikonischen Barca-Streifen auf einem eleganten schwarzen Hintergrund f\u00fcr einen auff\u00e4lligen optischen Kontrast. Ein Highlight ist das Vereinsabzeichen, ein TPU-Abzeichen mit reflektierender Oberfl\u00e4che und einer blauen und kastanienbraunen Umrandung. Dieses Ausw\u00e4rtstrikot 2024\/25 erscheint genau zu Barcelonas 125-j\u00e4hrigem Jubil\u00e4um, was der Ver\u00f6ffentlichung eine besondere Bedeutung verleiht. Die Entscheidung des [&hellip;]<\/p>","protected":false},"featured_media":20658,"comment_status":"open","ping_status":"closed","template":"","meta":[],"product_brand":[],"product_cat":[146],"product_tag":[20,33,1261,22,24,1295],"class_list":{"0":"post-20656","1":"product","2":"type-product","3":"status-publish","4":"has-post-thumbnail","6":"product_cat-barcelona-kindertrikot","7":"product_tag-coole-fussballtrikots","8":"product_tag-fc-barcelona-trikots","9":"product_tag-fussballtrikot-fuer-kinder","10":"product_tag-fussballtrikot-guenstig-kaufen","11":"product_tag-guenstiges-fussballtrikot","12":"product_tag-raphinha-belloli-trikots","14":"first","15":"instock","16":"shipping-taxable","17":"purchasable","18":"product-type-variable"},"_links":{"self":[{"href":"https:\/\/www.billigtrikotde.com\/it\/wp-json\/wp\/v2\/product\/20656","targetHints":{"allow":["GET"]}}],"collection":[{"href":"https:\/\/www.billigtrikotde.com\/it\/wp-json\/wp\/v2\/product"}],"about":[{"href":"https:\/\/www.billigtrikotde.com\/it\/wp-json\/wp\/v2\/types\/product"}],"replies":[{"embeddable":true,"href":"https:\/\/www.billigtrikotde.com\/it\/wp-json\/wp\/v2\/comments?post=20656"}],"wp:featuredmedia":[{"embeddable":true,"href":"https:\/\/www.billigtrikotde.com\/it\/wp-json\/wp\/v2\/media\/20658"}],"wp:attachment":[{"href":"https:\/\/www.billigtrikotde.com\/it\/wp-json\/wp\/v2\/media?parent=20656"}],"wp:term":[{"taxonomy":"product_brand","embeddable":true,"href":"https:\/\/www.billigtrikotde.com\/it\/wp-json\/wp\/v2\/product_brand?post=20656"},{"taxonomy":"product_cat","embeddable":true,"href":"https:\/\/www.billigtrikotde.com\/it\/wp-json\/wp\/v2\/product_cat?post=20656"},{"taxonomy":"product_tag","embeddable":true,"href":"https:\/\/www.billigtrikotde.com\/it\/wp-json\/wp\/v2\/product_tag?post=20656"}],"curies":[{"name":"wp","href":"https:\/\/api.w.org\/{rel}","templated":true}]}}