{"id":20552,"date":"2025-01-09T14:50:17","date_gmt":"2025-01-09T13:50:17","guid":{"rendered":"https:\/\/www.billigtrikotde.com\/?post_type=product&#038;p=20552"},"modified":"2025-02-01T15:58:20","modified_gmt":"2025-02-01T14:58:20","slug":"kaufen-kinder-real-madrid-heim-trikotsatz-2024-25-weiss-fussballtrikots-vinicius-junior-7","status":"publish","type":"product","link":"https:\/\/www.billigtrikotde.com\/it\/kaufen-kinder-real-madrid-heim-trikotsatz-2024-25-weiss-fussballtrikots-vinicius-junior-7\/","title":{"rendered":"Acquista il kit casa Real Madrid 2024-25 Bianco Maglia da calcio Vinicius Junior 7"},"content":{"rendered":"<p>La maglia del Real Madrid Club de F\u00fatbol 2024-25 combina il tradizionale colore bianco della squadra con il nero per le tre strisce. La maglia del Real Madrid 2024-2025 suscita ricordi delle maglie degli inizi degli anni 2000 grazie alla combinazione di colori classica e al design semplice. L'intera maglia presenta un motivo a scacchi che trasmette un'atmosfera alla moda. La maglia presenta dettagli neri raffinati e il distintivo a colori pieni risalta immediatamente quando si entra in campo.<\/p>\n<p>Suggerimenti per la stampa: Se il nome e il numero dell'immagine sono esattamente quelli desiderati, non \u00e8 necessario inserirli nuovamente. In caso contrario, \u00e8 necessario inserire il nome e il numero desiderati.<\/p>\n<p>Consigli per il lavaggio: Si consiglia di lavare le magliette da calcio a mano. Se si desidera utilizzare la lavatrice, ricordarsi di capovolgere le magliette da calcio e poi lavarle. Riempire la macchina con acqua fredda e utilizzare un ciclo delicato per proteggere meglio i colori.<\/p>","protected":false},"excerpt":{"rendered":"<p>Das Real Madrid Club de F\u00fatbol 2024-25 Trikot hat die traditionelle wei\u00dfe Farbe der Mannschaft kombiniert mit Schwarz f\u00fcr die Drei Streifen. Das Real Madrid 2024-2025 Trikot weckt dank der klassischen Farbkombination und des schlichten Designs Erinnerungen an die Trikots der fr\u00fchen 2000er Jahre.Das gesamte Trikot weist ein Hahnentrittmuster auf, das eine modische Atmosph\u00e4re vermittelt. [&hellip;]<\/p>","protected":false},"featured_media":20554,"comment_status":"open","ping_status":"closed","template":"","meta":[],"product_brand":[],"product_cat":[165],"product_tag":[20,574,24,94,879,880,47,166,1302],"class_list":{"0":"post-20552","1":"product","2":"type-product","3":"status-publish","4":"has-post-thumbnail","6":"product_cat-real-madrid-kindertrikot","7":"product_tag-coole-fussballtrikots","8":"product_tag-fussballtrikot-deutschland","9":"product_tag-guenstiges-fussballtrikot","10":"product_tag-kinder-fussball-trikotsatz","11":"product_tag-real-madrid-fussballtrikots-kinder","12":"product_tag-real-madrid-trikot-fuer-kinder","13":"product_tag-real-madrid-trikots","14":"product_tag-real-madrid-trikotsatz-fuer-kinder","15":"product_tag-vinicius-junior-trikots","17":"first","18":"instock","19":"shipping-taxable","20":"purchasable","21":"product-type-variable"},"_links":{"self":[{"href":"https:\/\/www.billigtrikotde.com\/it\/wp-json\/wp\/v2\/product\/20552","targetHints":{"allow":["GET"]}}],"collection":[{"href":"https:\/\/www.billigtrikotde.com\/it\/wp-json\/wp\/v2\/product"}],"about":[{"href":"https:\/\/www.billigtrikotde.com\/it\/wp-json\/wp\/v2\/types\/product"}],"replies":[{"embeddable":true,"href":"https:\/\/www.billigtrikotde.com\/it\/wp-json\/wp\/v2\/comments?post=20552"}],"wp:featuredmedia":[{"embeddable":true,"href":"https:\/\/www.billigtrikotde.com\/it\/wp-json\/wp\/v2\/media\/20554"}],"wp:attachment":[{"href":"https:\/\/www.billigtrikotde.com\/it\/wp-json\/wp\/v2\/media?parent=20552"}],"wp:term":[{"taxonomy":"product_brand","embeddable":true,"href":"https:\/\/www.billigtrikotde.com\/it\/wp-json\/wp\/v2\/product_brand?post=20552"},{"taxonomy":"product_cat","embeddable":true,"href":"https:\/\/www.billigtrikotde.com\/it\/wp-json\/wp\/v2\/product_cat?post=20552"},{"taxonomy":"product_tag","embeddable":true,"href":"https:\/\/www.billigtrikotde.com\/it\/wp-json\/wp\/v2\/product_tag?post=20552"}],"curies":[{"name":"wp","href":"https:\/\/api.w.org\/{rel}","templated":true}]}}