{"id":20517,"date":"2025-01-04T11:39:46","date_gmt":"2025-01-04T10:39:46","guid":{"rendered":"https:\/\/www.billigtrikotde.com\/?post_type=product&#038;p=20517"},"modified":"2025-02-01T15:57:24","modified_gmt":"2025-02-01T14:57:24","slug":"kinder-rb-leipzig-auswaertstrikot-2024-25-rot-fussballtrikots-kaufen","status":"publish","type":"product","link":"https:\/\/www.billigtrikotde.com\/it\/kinder-rb-leipzig-auswaertstrikot-2024-25-rot-fussballtrikots-kaufen\/","title":{"rendered":"Bambini RB Leipzig Away Shirt 2024-25 Red Football Shirts Comprare"},"content":{"rendered":"<p>La maglia da trasferta economica dell'RB Leipzig 2024-25 ha un design elegante per il club di propriet\u00e0 dei Red Bulls. Combinando due tonalit\u00e0 di rosso in un disegno unico con tutti i loghi in bianco, il design della maglia da trasferta del Lipsia 24-25 simboleggia il club \"Unstoppable\". Lo stemma del club della maglia da trasferta dell'RB Leipzig 2024-25 \u00e8 bianco su sfondo maroon, realizzato in TPU di alta qualit\u00e0 con effetto 3D. Il colletto \u00e8 di colore rosso chiaro e presenta un inserto marrone sul davanti.<\/p>\n<p>Suggerimenti per la stampa: Se il nome e il numero dell'immagine sono esattamente quelli desiderati, non \u00e8 necessario inserirli nuovamente. In caso contrario, \u00e8 necessario inserire il nome e il numero desiderati.<\/p>\n<p>Consigli per il lavaggio: Si consiglia di lavare le magliette da calcio a mano. Se si desidera utilizzare la lavatrice, ricordarsi di capovolgere le magliette da calcio e poi lavarle. Riempire la macchina con acqua fredda e utilizzare un ciclo delicato per proteggere meglio i colori.<\/p>","protected":false},"excerpt":{"rendered":"<p>Das RB Leipzig 2024-25 Ausw\u00e4rtstrikot hat ein stylisches Design f\u00fcr den Verein im Besitz der Roten Bullen. Es kombiniert zwei Rott\u00f6ne in einem einzigartigen Musterdesign mit allen Logos in Wei\u00df.Das Design des Leipzig 24-25 Ausw\u00e4rtstrikots symbolisiert den &#8222;Unstoppable&#8220; Club.Das Vereinswappen des RB Leipzig 2024-25 Ausw\u00e4rtstrikots ist wei\u00df auf rotbraunem Grund, hergestellt aus hochwertigem TPU mit [&hellip;]<\/p>","protected":false},"featured_media":20519,"comment_status":"open","ping_status":"closed","template":"","meta":[],"product_brand":[],"product_cat":[1330],"product_tag":[],"class_list":{"0":"post-20517","1":"product","2":"type-product","3":"status-publish","4":"has-post-thumbnail","6":"product_cat-rb-leipzig-kindertrikot","8":"first","9":"instock","10":"shipping-taxable","11":"purchasable","12":"product-type-variable"},"_links":{"self":[{"href":"https:\/\/www.billigtrikotde.com\/it\/wp-json\/wp\/v2\/product\/20517","targetHints":{"allow":["GET"]}}],"collection":[{"href":"https:\/\/www.billigtrikotde.com\/it\/wp-json\/wp\/v2\/product"}],"about":[{"href":"https:\/\/www.billigtrikotde.com\/it\/wp-json\/wp\/v2\/types\/product"}],"replies":[{"embeddable":true,"href":"https:\/\/www.billigtrikotde.com\/it\/wp-json\/wp\/v2\/comments?post=20517"}],"wp:featuredmedia":[{"embeddable":true,"href":"https:\/\/www.billigtrikotde.com\/it\/wp-json\/wp\/v2\/media\/20519"}],"wp:attachment":[{"href":"https:\/\/www.billigtrikotde.com\/it\/wp-json\/wp\/v2\/media?parent=20517"}],"wp:term":[{"taxonomy":"product_brand","embeddable":true,"href":"https:\/\/www.billigtrikotde.com\/it\/wp-json\/wp\/v2\/product_brand?post=20517"},{"taxonomy":"product_cat","embeddable":true,"href":"https:\/\/www.billigtrikotde.com\/it\/wp-json\/wp\/v2\/product_cat?post=20517"},{"taxonomy":"product_tag","embeddable":true,"href":"https:\/\/www.billigtrikotde.com\/it\/wp-json\/wp\/v2\/product_tag?post=20517"}],"curies":[{"name":"wp","href":"https:\/\/api.w.org\/{rel}","templated":true}]}}