{"id":20414,"date":"2024-12-19T09:24:16","date_gmt":"2024-12-19T08:24:16","guid":{"rendered":"https:\/\/www.gunstigfussballtrikot.de\/?post_type=product&#038;p=20414"},"modified":"2024-12-19T09:24:17","modified_gmt":"2024-12-19T08:24:17","slug":"rb-leipzig-heim-trikotsatz-2024-25-neuen-fussballtrikot-fuer-kinder-arthur-vermeeren-18","status":"publish","type":"product","link":"https:\/\/www.billigtrikotde.com\/it\/rb-leipzig-heim-trikotsatz-2024-25-neuen-fussballtrikot-fuer-kinder-arthur-vermeeren-18\/","title":{"rendered":"RB Leipzig Home Kit 2024-25 Nuova maglia da calcio per bambini Arthur Vermeeren 18"},"content":{"rendered":"<p>La maglia dell'RB Leipzig 2024-2025 ha un design moderno con i colori del club bianco e rosso. Ci\u00f2 che distingue la maglia RB Leipzig 2024-2025 \u00e8 il disegno sul davanti.44. La maglia Leipzig 24-25 ha un design grafico rosso unico. Il motivo \u00e8 ispirato all'Universit\u00e0 di Lipsia e sia il colletto che i polsini della maglia home Rasenballsports Leipzig 24-25 sono rossi.<\/p>\n<p>Suggerimenti per la stampa: Se il nome e il numero dell'immagine sono esattamente quelli desiderati, non \u00e8 necessario inserirli nuovamente. In caso contrario, \u00e8 necessario inserire il nome e il numero desiderati.<\/p>\n<p>Consigli per il lavaggio: Si consiglia di lavare le magliette da calcio a mano. Se si desidera utilizzare la lavatrice, ricordarsi di capovolgere le magliette da calcio e poi lavarle. Riempire la macchina con acqua fredda e utilizzare un ciclo delicato per proteggere meglio i colori.<\/p>","protected":false},"excerpt":{"rendered":"<p>La maglia dell'RB Leipzig 2024-2025 ha un design moderno con i colori del club bianco e rosso. Ci\u00f2 che distingue la maglia RB Leipzig 2024-2025 \u00e8 il disegno sul davanti.44. La maglia Leipzig 24-25 ha un design grafico rosso unico. Il motivo \u00e8 ispirato all'Universit\u00e0 di Lipsia e sia il colletto che i polsini della maglia home Rasenballsports Leipzig 24-25 sono rossi.<\/p>","protected":false},"featured_media":20416,"comment_status":"open","ping_status":"closed","template":"","meta":[],"product_brand":[],"product_cat":[1330],"product_tag":[1377,20,574,24,94,1331,1332,1333,187,1334],"class_list":{"0":"post-20414","1":"product","2":"type-product","3":"status-publish","4":"has-post-thumbnail","6":"product_cat-rb-leipzig-kindertrikot","7":"product_tag-arthur-vermeeren-trikots","8":"product_tag-coole-fussballtrikots","9":"product_tag-fussballtrikot-deutschland","10":"product_tag-guenstiges-fussballtrikot","11":"product_tag-kinder-fussball-trikotsatz","12":"product_tag-rb-leipzig-fussballtrikots-kinder","13":"product_tag-rb-leipzig-kinder-trikot-set","14":"product_tag-rb-leipzig-trikot-fuer-kinder","15":"product_tag-rb-leipzig-trikots","16":"product_tag-rb-leipzig-trikotsatz-fuer-kinder","18":"first","19":"instock","20":"shipping-taxable","21":"purchasable","22":"product-type-variable"},"_links":{"self":[{"href":"https:\/\/www.billigtrikotde.com\/it\/wp-json\/wp\/v2\/product\/20414","targetHints":{"allow":["GET"]}}],"collection":[{"href":"https:\/\/www.billigtrikotde.com\/it\/wp-json\/wp\/v2\/product"}],"about":[{"href":"https:\/\/www.billigtrikotde.com\/it\/wp-json\/wp\/v2\/types\/product"}],"replies":[{"embeddable":true,"href":"https:\/\/www.billigtrikotde.com\/it\/wp-json\/wp\/v2\/comments?post=20414"}],"wp:featuredmedia":[{"embeddable":true,"href":"https:\/\/www.billigtrikotde.com\/it\/wp-json\/wp\/v2\/media\/20416"}],"wp:attachment":[{"href":"https:\/\/www.billigtrikotde.com\/it\/wp-json\/wp\/v2\/media?parent=20414"}],"wp:term":[{"taxonomy":"product_brand","embeddable":true,"href":"https:\/\/www.billigtrikotde.com\/it\/wp-json\/wp\/v2\/product_brand?post=20414"},{"taxonomy":"product_cat","embeddable":true,"href":"https:\/\/www.billigtrikotde.com\/it\/wp-json\/wp\/v2\/product_cat?post=20414"},{"taxonomy":"product_tag","embeddable":true,"href":"https:\/\/www.billigtrikotde.com\/it\/wp-json\/wp\/v2\/product_tag?post=20414"}],"curies":[{"name":"wp","href":"https:\/\/api.w.org\/{rel}","templated":true}]}}