{"id":1973,"date":"2024-10-23T13:54:18","date_gmt":"2024-10-23T11:54:18","guid":{"rendered":"http:\/\/billigtrikots.com\/?post_type=product&#038;p=1973"},"modified":"2024-10-23T13:55:52","modified_gmt":"2024-10-23T11:55:52","slug":"fc-chelsea-stadium-2022-herren-edouard-mendy-16-fussball-trikot","status":"publish","type":"product","link":"https:\/\/www.billigtrikotde.com\/it\/fc-chelsea-stadium-2022-herren-edouard-mendy-16-fussball-trikot\/","title":{"rendered":"Maglia da calcio Chelsea FC Stadium 2022 Uomo Edouard Mendy 16#"},"content":{"rendered":"<p>Il nuovo kit home del Chelsea 2021\/22 \u00e8 finalmente disponibile! Il kit home del Chelsea 2021\/22 soddisfer\u00e0 senza dubbio i pi\u00f9 grandi fan del club londinese! Naturalmente, il colore blu \u00e8 ancora il colore principale per i Blues del Chelsea! Per questa stagione, tuttavia, Nike ha deciso di rischiare con un nuovo design che passer\u00e0 tutt'altro che inosservato.<\/p>\n<p>Dalla scacchiera allo zig-zag, \u00e8 chiaramente una scommessa che il Chelsea Football Club ha fatto per questa stagione 21\/22. Da notare la comparsa anche su questa maglia del Chelsea maglia home 21\/22 del colore giallo, colore storico del club. Da sottolineare anche il fatto che la nuova maglia del Chelsea 21\/22 \u00e8 realizzata con materiali riciclabili, un bel gesto da parte dei Blues!<\/p>\n<p>Dimostra la tua fedelt\u00e0 al tuo club preferito e aggiudicati senza esitazione la nuova maglia home 2021\/22 del Chelsea!<\/p>\n<p>Suggerimenti per la stampa: Se il nome e il numero dell'immagine sono esattamente quelli desiderati, non \u00e8 necessario inserirli nuovamente. In caso contrario, \u00e8 necessario inserire il nome e il numero desiderati.<\/p>\n<p>Consigli per il lavaggio: Si consiglia di lavare le magliette da calcio a mano. Se si desidera utilizzare la lavatrice, ricordarsi di capovolgere le magliette da calcio e poi lavarle. Riempire la macchina con acqua fredda e utilizzare un ciclo delicato per proteggere meglio i colori.<\/p>","protected":false},"excerpt":{"rendered":"<p>Il nuovo kit home del Chelsea 2021\/22 \u00e8 finalmente disponibile! Il kit home del Chelsea 2021\/22 soddisfer\u00e0 senza dubbio i pi\u00f9 grandi fan del club londinese! Naturalmente, il colore blu \u00e8 ancora il colore principale per i Blues del Chelsea! Per questa stagione, tuttavia, Nike ha deciso di rischiare con un nuovo design che passer\u00e0 tutt'altro che inosservato.<\/p>","protected":false},"featured_media":2005,"comment_status":"open","ping_status":"closed","template":"","meta":[],"product_brand":[],"product_cat":[72],"product_tag":[20,73,21,23,24],"class_list":{"0":"post-1973","1":"product","2":"type-product","3":"status-publish","4":"has-post-thumbnail","6":"product_cat-chelsea","7":"product_tag-coole-fussballtrikots","8":"product_tag-chelsea-trikots","9":"product_tag-fussballtrikot-fuer-herren","10":"product_tag-fussballtrikot-kurzarm","11":"product_tag-guenstiges-fussballtrikot","13":"first","14":"instock","15":"shipping-taxable","16":"purchasable","17":"product-type-variable"},"_links":{"self":[{"href":"https:\/\/www.billigtrikotde.com\/it\/wp-json\/wp\/v2\/product\/1973","targetHints":{"allow":["GET"]}}],"collection":[{"href":"https:\/\/www.billigtrikotde.com\/it\/wp-json\/wp\/v2\/product"}],"about":[{"href":"https:\/\/www.billigtrikotde.com\/it\/wp-json\/wp\/v2\/types\/product"}],"replies":[{"embeddable":true,"href":"https:\/\/www.billigtrikotde.com\/it\/wp-json\/wp\/v2\/comments?post=1973"}],"wp:featuredmedia":[{"embeddable":true,"href":"https:\/\/www.billigtrikotde.com\/it\/wp-json\/wp\/v2\/media\/2005"}],"wp:attachment":[{"href":"https:\/\/www.billigtrikotde.com\/it\/wp-json\/wp\/v2\/media?parent=1973"}],"wp:term":[{"taxonomy":"product_brand","embeddable":true,"href":"https:\/\/www.billigtrikotde.com\/it\/wp-json\/wp\/v2\/product_brand?post=1973"},{"taxonomy":"product_cat","embeddable":true,"href":"https:\/\/www.billigtrikotde.com\/it\/wp-json\/wp\/v2\/product_cat?post=1973"},{"taxonomy":"product_tag","embeddable":true,"href":"https:\/\/www.billigtrikotde.com\/it\/wp-json\/wp\/v2\/product_tag?post=1973"}],"curies":[{"name":"wp","href":"https:\/\/api.w.org\/{rel}","templated":true}]}}