{"id":19571,"date":"2024-10-24T11:36:57","date_gmt":"2024-10-24T09:36:57","guid":{"rendered":"http:\/\/billigtrikots.com\/?post_type=product&#038;p=19571"},"modified":"2025-03-13T01:18:58","modified_gmt":"2025-03-13T00:18:58","slug":"herren-fussballtrikot-rb-leipzig-heim-trikotsatz-2024-25-mit-namen-openda-11","status":"publish","type":"product","link":"https:\/\/www.billigtrikotde.com\/it\/herren-fussballtrikot-rb-leipzig-heim-trikotsatz-2024-25-mit-namen-openda-11\/","title":{"rendered":"Maglia da calcio uomo RB Leipzig home kit 2024-25 con nome Openda 11"},"content":{"rendered":"<p>La maglia dell'RB Leipzig 2024-2025 ha un design moderno con i colori del club bianco e rosso. Ci\u00f2 che contraddistingue la maglia RB Leipzig 2024-2025 \u00e8 il disegno sul davanti.44. La maglia Lipsia 24-25 ha un design grafico rosso unico. Il motivo \u00e8 ispirato all'Universit\u00e0 di Lipsia. Sia il colletto che i polsini della maglia home Rasenballsports Leipzig 24-25 sono rossi.<\/p>\n<p>Suggerimenti per la stampa: Se il nome e il numero dell'immagine sono esattamente quelli desiderati, non \u00e8 necessario inserirli nuovamente. In caso contrario, \u00e8 necessario inserire il nome e il numero desiderati.<\/p>\n<p>Consigli per il lavaggio: Si consiglia di lavare le magliette da calcio a mano. Se si desidera utilizzare la lavatrice, ricordarsi di capovolgere le magliette da calcio e poi lavarle. Riempire la macchina con acqua fredda e utilizzare un ciclo delicato per proteggere meglio i colori.<\/p>","protected":false},"excerpt":{"rendered":"<p>La maglia dell'RB Leipzig 2024-2025 ha un design moderno con i colori del club bianco e rosso. Ci\u00f2 che distingue la maglia RB Leipzig 2024-2025 \u00e8 il disegno sul davanti.44. La maglia Leipzig 24-25 ha un design grafico rosso unico. Il motivo \u00e8 ispirato all'Universit\u00e0 di Lipsia e sia il colletto che i polsini della maglia home Rasenballsports Leipzig 24-25 sono rossi.<\/p>","protected":false},"featured_media":19613,"comment_status":"open","ping_status":"closed","template":"","meta":[],"product_brand":[],"product_cat":[185],"product_tag":[20,574,21,22,23,24,94,752,1331,1332,187],"class_list":{"0":"post-19571","1":"product","2":"type-product","3":"status-publish","4":"has-post-thumbnail","6":"product_cat-rb-leipzig","7":"product_tag-coole-fussballtrikots","8":"product_tag-fussballtrikot-deutschland","9":"product_tag-fussballtrikot-fuer-herren","10":"product_tag-fussballtrikot-guenstig-kaufen","11":"product_tag-fussballtrikot-kurzarm","12":"product_tag-guenstiges-fussballtrikot","13":"product_tag-kinder-fussball-trikotsatz","14":"product_tag-rb-leipzig-fussballtrikot","15":"product_tag-rb-leipzig-fussballtrikots-kinder","16":"product_tag-rb-leipzig-kinder-trikot-set","17":"product_tag-rb-leipzig-trikots","19":"first","20":"instock","21":"shipping-taxable","22":"purchasable","23":"product-type-variable"},"_links":{"self":[{"href":"https:\/\/www.billigtrikotde.com\/it\/wp-json\/wp\/v2\/product\/19571","targetHints":{"allow":["GET"]}}],"collection":[{"href":"https:\/\/www.billigtrikotde.com\/it\/wp-json\/wp\/v2\/product"}],"about":[{"href":"https:\/\/www.billigtrikotde.com\/it\/wp-json\/wp\/v2\/types\/product"}],"replies":[{"embeddable":true,"href":"https:\/\/www.billigtrikotde.com\/it\/wp-json\/wp\/v2\/comments?post=19571"}],"wp:featuredmedia":[{"embeddable":true,"href":"https:\/\/www.billigtrikotde.com\/it\/wp-json\/wp\/v2\/media\/19613"}],"wp:attachment":[{"href":"https:\/\/www.billigtrikotde.com\/it\/wp-json\/wp\/v2\/media?parent=19571"}],"wp:term":[{"taxonomy":"product_brand","embeddable":true,"href":"https:\/\/www.billigtrikotde.com\/it\/wp-json\/wp\/v2\/product_brand?post=19571"},{"taxonomy":"product_cat","embeddable":true,"href":"https:\/\/www.billigtrikotde.com\/it\/wp-json\/wp\/v2\/product_cat?post=19571"},{"taxonomy":"product_tag","embeddable":true,"href":"https:\/\/www.billigtrikotde.com\/it\/wp-json\/wp\/v2\/product_tag?post=19571"}],"curies":[{"name":"wp","href":"https:\/\/api.w.org\/{rel}","templated":true}]}}