{"id":19559,"date":"2024-10-24T11:36:17","date_gmt":"2024-10-24T09:36:17","guid":{"rendered":"http:\/\/billigtrikots.com\/?post_type=product&#038;p=19559"},"modified":"2025-03-13T01:16:16","modified_gmt":"2025-03-13T00:16:16","slug":"neuen-paris-saint-germain-psg-auswaertstrikot-2024-25-mit-aufdruck-achraf-hakimi-2","status":"publish","type":"product","link":"https:\/\/www.billigtrikotde.com\/it\/neuen-paris-saint-germain-psg-auswaertstrikot-2024-25-mit-aufdruck-achraf-hakimi-2\/","title":{"rendered":"Nuova maglia Paris Saint-Germain PSG Away 2024-25 con stampa Achraf Hakimi 2"},"content":{"rendered":"<p>La maglia da trasferta del PSG 2024-2026 \u00e8 bianca, blu e rossa. La particolarit\u00e0 della maglia \u00e8 il design. La maglia da trasferta del PSG 2024-26 presenta una grafica con la Torre Eiffel. \u00c8 una maglia di riferimento per i Giochi Olimpici di Parigi del 2024, ma si ispira anche alla maglia da trasferta del 1990-1991.<\/p>\n<p>Suggerimenti per la stampa: Se il nome e il numero dell'immagine sono esattamente quelli desiderati, non \u00e8 necessario inserirli nuovamente. In caso contrario, \u00e8 necessario inserire il nome e il numero desiderati.<\/p>\n<p>Consigli per il lavaggio: Si consiglia di lavare le magliette da calcio a mano. Se si desidera utilizzare la lavatrice, ricordarsi di capovolgere le magliette da calcio e poi lavarle. Riempire la macchina con acqua fredda e utilizzare un ciclo delicato per proteggere meglio i colori.<\/p>","protected":false},"excerpt":{"rendered":"<p>La maglia away PSG 2024-2026 \u00e8 bianca, blu e rossa. La particolarit\u00e0 della maglia \u00e8 il design. La maglia away PSG 2024-26 presenta una grafica con la Torre Eiffel. \u00c8 una maglia di riferimento per i Giochi Olimpici 2024 a Parigi, ma \u00e8 anche ispirata a quella away 1990-91. Consigli per la stampa: Se il nome e il numero sono sulla [\u2026]<\/p>","protected":false},"featured_media":19602,"comment_status":"open","ping_status":"closed","template":"","meta":[],"product_brand":[],"product_cat":[39],"product_tag":[1327,1328,20,535,577,1329,332,1272,1273,41,1274],"class_list":{"0":"post-19559","1":"product","2":"type-product","3":"status-publish","4":"has-post-thumbnail","6":"product_cat-paris-saint-germain","7":"product_tag-achraf-hakimi-kaufen","8":"product_tag-achraf-hakimi-trikots","9":"product_tag-coole-fussballtrikots","10":"product_tag-deutschland-trikot","11":"product_tag-fussballtrikots-trikotsatz","12":"product_tag-guenstige-achraf-hakimi-trikot","13":"product_tag-herren-fussball-trikotsatz","14":"product_tag-paris-saint-germain-psg-fussballtrikots-herren","15":"product_tag-paris-saint-germain-psg-trikot-fuer-herren","16":"product_tag-paris-saint-germain-trikots","17":"product_tag-psg-trikotsatz-fuer-herren","19":"first","20":"instock","21":"shipping-taxable","22":"purchasable","23":"product-type-variable"},"_links":{"self":[{"href":"https:\/\/www.billigtrikotde.com\/it\/wp-json\/wp\/v2\/product\/19559","targetHints":{"allow":["GET"]}}],"collection":[{"href":"https:\/\/www.billigtrikotde.com\/it\/wp-json\/wp\/v2\/product"}],"about":[{"href":"https:\/\/www.billigtrikotde.com\/it\/wp-json\/wp\/v2\/types\/product"}],"replies":[{"embeddable":true,"href":"https:\/\/www.billigtrikotde.com\/it\/wp-json\/wp\/v2\/comments?post=19559"}],"wp:featuredmedia":[{"embeddable":true,"href":"https:\/\/www.billigtrikotde.com\/it\/wp-json\/wp\/v2\/media\/19602"}],"wp:attachment":[{"href":"https:\/\/www.billigtrikotde.com\/it\/wp-json\/wp\/v2\/media?parent=19559"}],"wp:term":[{"taxonomy":"product_brand","embeddable":true,"href":"https:\/\/www.billigtrikotde.com\/it\/wp-json\/wp\/v2\/product_brand?post=19559"},{"taxonomy":"product_cat","embeddable":true,"href":"https:\/\/www.billigtrikotde.com\/it\/wp-json\/wp\/v2\/product_cat?post=19559"},{"taxonomy":"product_tag","embeddable":true,"href":"https:\/\/www.billigtrikotde.com\/it\/wp-json\/wp\/v2\/product_tag?post=19559"}],"curies":[{"name":"wp","href":"https:\/\/api.w.org\/{rel}","templated":true}]}}