{"id":19528,"date":"2024-10-24T11:34:34","date_gmt":"2024-10-24T09:34:34","guid":{"rendered":"http:\/\/billigtrikots.com\/?post_type=product&#038;p=19528"},"modified":"2024-10-24T11:37:26","modified_gmt":"2024-10-24T09:37:26","slug":"guenstige-kindertrikots-liverpool-heimtrikotsatz-2024-25-darwin-nunez-9","status":"publish","type":"product","link":"https:\/\/www.billigtrikotde.com\/it\/guenstige-kindertrikots-liverpool-heimtrikotsatz-2024-25-darwin-nunez-9\/","title":{"rendered":"Maglie bambini economici Liverpool kit casa 2024-25 Darwin Nunez 9"},"content":{"rendered":"<p>La maglia del Liverpool Football Club 24-25 \u00e8 una combinazione di rosso palestra, bianco e giallo cromo. Il corpo \u00e8 rosso, i loghi sono gialli e il bianco \u00e8 utilizzato per i loghi degli sponsor e i dettagli.Ci\u00f2 che distingue la maglia del Liverpool 24-25 \u00e8 il disegno sul davanti. \u00c8 dotata di strisce gessate gialle che formano un motivo YNWA (You'll Never Walk Alone).<\/p>\n<p>Suggerimenti per la stampa: Se il nome e il numero dell'immagine sono esattamente quelli desiderati, non \u00e8 necessario inserirli nuovamente. In caso contrario, \u00e8 necessario inserire il nome e il numero desiderati.<\/p>\n<p>Consigli per il lavaggio: Si consiglia di lavare le magliette da calcio a mano. Se si desidera utilizzare la lavatrice, ricordarsi di capovolgere le magliette da calcio e poi lavarle. Riempire la macchina con acqua fredda e utilizzare un ciclo delicato per proteggere meglio i colori.<\/p>","protected":false},"excerpt":{"rendered":"<p>La maglia del Liverpool Football Club 24-25 \u00e8 una combinazione di rosso palestra, bianco e giallo cromo. Il corpo \u00e8 rosso, i loghi sono gialli e il bianco \u00e8 utilizzato per i loghi degli sponsor e i dettagli.Ci\u00f2 che distingue la maglia del Liverpool 24-25 \u00e8 il disegno sul davanti. \u00c8 dotata di strisce gessate gialle che formano un motivo YNWA (You'll Never Walk Alone).<\/p>","protected":false},"featured_media":19569,"comment_status":"open","ping_status":"closed","template":"","meta":[],"product_brand":[],"product_cat":[151],"product_tag":[20,1319,574,24,94,865,277,866,153,154],"class_list":{"0":"post-19528","1":"product","2":"type-product","3":"status-publish","4":"has-post-thumbnail","6":"product_cat-liverpool-kindertrikot","7":"product_tag-coole-fussballtrikots","8":"product_tag-darwin-nunez-trikots","9":"product_tag-fussballtrikot-deutschland","10":"product_tag-guenstiges-fussballtrikot","11":"product_tag-kinder-fussball-trikotsatz","12":"product_tag-liverpool-fussballtrikots-kinder","13":"product_tag-liverpool-kinder-trikot-set","14":"product_tag-liverpool-trikot-fuer-kinder","15":"product_tag-liverpool-trikots","16":"product_tag-liverpool-trikotsatz-fuer-kinder","18":"first","19":"instock","20":"shipping-taxable","21":"purchasable","22":"product-type-variable"},"_links":{"self":[{"href":"https:\/\/www.billigtrikotde.com\/it\/wp-json\/wp\/v2\/product\/19528","targetHints":{"allow":["GET"]}}],"collection":[{"href":"https:\/\/www.billigtrikotde.com\/it\/wp-json\/wp\/v2\/product"}],"about":[{"href":"https:\/\/www.billigtrikotde.com\/it\/wp-json\/wp\/v2\/types\/product"}],"replies":[{"embeddable":true,"href":"https:\/\/www.billigtrikotde.com\/it\/wp-json\/wp\/v2\/comments?post=19528"}],"wp:featuredmedia":[{"embeddable":true,"href":"https:\/\/www.billigtrikotde.com\/it\/wp-json\/wp\/v2\/media\/19569"}],"wp:attachment":[{"href":"https:\/\/www.billigtrikotde.com\/it\/wp-json\/wp\/v2\/media?parent=19528"}],"wp:term":[{"taxonomy":"product_brand","embeddable":true,"href":"https:\/\/www.billigtrikotde.com\/it\/wp-json\/wp\/v2\/product_brand?post=19528"},{"taxonomy":"product_cat","embeddable":true,"href":"https:\/\/www.billigtrikotde.com\/it\/wp-json\/wp\/v2\/product_cat?post=19528"},{"taxonomy":"product_tag","embeddable":true,"href":"https:\/\/www.billigtrikotde.com\/it\/wp-json\/wp\/v2\/product_tag?post=19528"}],"curies":[{"name":"wp","href":"https:\/\/api.w.org\/{rel}","templated":true}]}}