{"id":195,"date":"2024-10-23T12:09:04","date_gmt":"2024-10-23T10:09:04","guid":{"rendered":"http:\/\/billigtrikots.com\/?post_type=product&#038;p=195"},"modified":"2024-10-23T12:11:08","modified_gmt":"2024-10-23T10:11:08","slug":"fussball-trikotsatz-fc-barcelona-torwarttrikot-2021-2022-in-gruen","status":"publish","type":"product","link":"https:\/\/www.billigtrikotde.com\/it\/fussball-trikotsatz-fc-barcelona-torwarttrikot-2021-2022-in-gruen\/","title":{"rendered":"Kit calcio Maglia portiere FC Barcelona 2021\/2022 in verde"},"content":{"rendered":"<p>Arriva la maglia Nike in verde che vi aiuter\u00e0 a sostenere il vostro club preferito in ogni situazione e a mostrare per chi batte il vostro cuore. Amate la vostra squadra - mostrate per chi batte il vostro cuore con la maglia dell'FC Barcelona. \u00c8 traspirante, leggera e traspirante. Questo top sportivo \u00e8 stato creato per portare le vostre prestazioni a un livello superiore. \u00c8 una maglia da portiere che non passa inosservata grazie allo stemma del club sul petto.<\/p>\n<p>Suggerimenti per la stampa: Se il nome e il numero dell'immagine sono esattamente quelli desiderati, non \u00e8 necessario inserirli nuovamente. In caso contrario, \u00e8 necessario inserire il nome e il numero desiderati.<\/p>\n<p>Consigli per il lavaggio: Si consiglia di lavare le magliette da calcio a mano. Se si desidera utilizzare la lavatrice, ricordarsi di capovolgere le magliette da calcio e poi lavarle. Riempire la macchina con acqua fredda e utilizzare un ciclo delicato per proteggere meglio i colori.<\/p>","protected":false},"excerpt":{"rendered":"<p>Hier kommt das Nike Shirt in Gr\u00fcn, das dir hilft, deinen Lieblingsverein in jeder Lage zu supporten und zu zeigen, wof\u00fcr dein Herz schl\u00e4gt. Liebe deine Mannschaft \u2013 mit dem Shirt des FC Barcelona zeigst du, f\u00fcr wen dein Herz schl\u00e4gt. Es ist atmungsaktiv, leicht und schwei\u00dfableitend. Dieses Sporttop wurde geschaffen, um deine Leistung um [&hellip;]<\/p>","protected":false},"featured_media":236,"comment_status":"open","ping_status":"closed","template":"","meta":[],"product_brand":[],"product_cat":[31],"product_tag":[20,34,35,21,23,24],"class_list":{"0":"post-195","1":"product","2":"type-product","3":"status-publish","4":"has-post-thumbnail","6":"product_cat-fc-barcelona","7":"product_tag-coole-fussballtrikots","8":"product_tag-fc-barcelona-torwarttrikot","9":"product_tag-fussball-torwarttrikots","10":"product_tag-fussballtrikot-fuer-herren","11":"product_tag-fussballtrikot-kurzarm","12":"product_tag-guenstiges-fussballtrikot","14":"first","15":"instock","16":"shipping-taxable","17":"purchasable","18":"product-type-variable"},"_links":{"self":[{"href":"https:\/\/www.billigtrikotde.com\/it\/wp-json\/wp\/v2\/product\/195","targetHints":{"allow":["GET"]}}],"collection":[{"href":"https:\/\/www.billigtrikotde.com\/it\/wp-json\/wp\/v2\/product"}],"about":[{"href":"https:\/\/www.billigtrikotde.com\/it\/wp-json\/wp\/v2\/types\/product"}],"replies":[{"embeddable":true,"href":"https:\/\/www.billigtrikotde.com\/it\/wp-json\/wp\/v2\/comments?post=195"}],"wp:featuredmedia":[{"embeddable":true,"href":"https:\/\/www.billigtrikotde.com\/it\/wp-json\/wp\/v2\/media\/236"}],"wp:attachment":[{"href":"https:\/\/www.billigtrikotde.com\/it\/wp-json\/wp\/v2\/media?parent=195"}],"wp:term":[{"taxonomy":"product_brand","embeddable":true,"href":"https:\/\/www.billigtrikotde.com\/it\/wp-json\/wp\/v2\/product_brand?post=195"},{"taxonomy":"product_cat","embeddable":true,"href":"https:\/\/www.billigtrikotde.com\/it\/wp-json\/wp\/v2\/product_cat?post=195"},{"taxonomy":"product_tag","embeddable":true,"href":"https:\/\/www.billigtrikotde.com\/it\/wp-json\/wp\/v2\/product_tag?post=195"}],"curies":[{"name":"wp","href":"https:\/\/api.w.org\/{rel}","templated":true}]}}