{"id":19478,"date":"2024-10-24T11:31:31","date_gmt":"2024-10-24T09:31:31","guid":{"rendered":"http:\/\/billigtrikots.com\/?post_type=product&#038;p=19478"},"modified":"2025-06-16T16:03:01","modified_gmt":"2025-06-16T14:03:01","slug":"billige-fussballtrikots-juventus-auswaerts-trikotsatz-2024-25-dusan-vlahovic-9","status":"publish","type":"product","link":"https:\/\/www.billigtrikotde.com\/it\/billige-fussballtrikots-juventus-auswaerts-trikotsatz-2024-25-dusan-vlahovic-9\/","title":{"rendered":"Maglie da calcio economiche Juventus Away Kit 2024-25 Dusan Vlahovic 9"},"content":{"rendered":"<p>La maglia da trasferta Juventus 2024-2025 \u00e8 la pi\u00f9 moderna della collezione di maglie della Juventus 24-25. Il colore principale della maglia da trasferta Juventus 24-25 \u00e8 il giallo sole con il logo, lo stemma della Juventus e le tre strisce sulle spalle in grigio scuro. La maglia da trasferta Juventus 24-25 si ispira alle galassie inesplorate dello spazio e presenta un design a righe che rende omaggio alla citt\u00e0 di Torino. La scollatura sul lato della maglia \u00e8 di colore rosa chiaro. La maglia da trasferta Juventus 24-25 pu\u00f2 essere personalizzata con un motivo astratto per un look unico.<\/p>\n<p>Suggerimenti per la stampa: Se il nome e il numero dell'immagine sono esattamente quelli desiderati, non \u00e8 necessario inserirli nuovamente. In caso contrario, \u00e8 necessario inserire il nome e il numero desiderati.<\/p>\n<p>Consigli per il lavaggio: Si consiglia di lavare le magliette da calcio a mano. Se si desidera utilizzare la lavatrice, ricordarsi di capovolgere le magliette da calcio e poi lavarle. Riempire la macchina con acqua fredda e utilizzare un ciclo delicato per proteggere meglio i colori.<\/p>","protected":false},"excerpt":{"rendered":"<p>Das Juventus 2024-2025 Ausw\u00e4rtstrikot ist das modernste der Juventus 24-25 Trikotkollektion. Die Hauptfarbe des Juventus 24-25 Ausw\u00e4rtstrikots ist Sonnengelb mit dem Logo, dem Juventus-Wappen und den drei Streifen auf den Schultern in Dunkelgrau. Das Juventus 24-25 Ausw\u00e4rtstrikot ist von den unerforschten Galaxien des Weltraums inspiriert und zeigt ein Streifendesign als Hommage an die Stadt Turin. [&hellip;]<\/p>","protected":false},"featured_media":19523,"comment_status":"open","ping_status":"closed","template":"","meta":[],"product_brand":[],"product_cat":[59],"product_tag":[20,1317,1301,574,21,23,24,617,618,61],"class_list":{"0":"post-19478","1":"product","2":"type-product","3":"status-publish","4":"has-post-thumbnail","6":"product_cat-juventus","7":"product_tag-coole-fussballtrikots","8":"product_tag-dusan-vlahovic-fussballtrikots","9":"product_tag-dusan-vlahovic-trikots","10":"product_tag-fussballtrikot-deutschland","11":"product_tag-fussballtrikot-fuer-herren","12":"product_tag-fussballtrikot-kurzarm","13":"product_tag-guenstiges-fussballtrikot","14":"product_tag-juventus-fussballtrikot","15":"product_tag-juventus-trikot","16":"product_tag-juventus-trikots","18":"first","19":"instock","20":"shipping-taxable","21":"purchasable","22":"product-type-variable"},"_links":{"self":[{"href":"https:\/\/www.billigtrikotde.com\/it\/wp-json\/wp\/v2\/product\/19478","targetHints":{"allow":["GET"]}}],"collection":[{"href":"https:\/\/www.billigtrikotde.com\/it\/wp-json\/wp\/v2\/product"}],"about":[{"href":"https:\/\/www.billigtrikotde.com\/it\/wp-json\/wp\/v2\/types\/product"}],"replies":[{"embeddable":true,"href":"https:\/\/www.billigtrikotde.com\/it\/wp-json\/wp\/v2\/comments?post=19478"}],"wp:featuredmedia":[{"embeddable":true,"href":"https:\/\/www.billigtrikotde.com\/it\/wp-json\/wp\/v2\/media\/19523"}],"wp:attachment":[{"href":"https:\/\/www.billigtrikotde.com\/it\/wp-json\/wp\/v2\/media?parent=19478"}],"wp:term":[{"taxonomy":"product_brand","embeddable":true,"href":"https:\/\/www.billigtrikotde.com\/it\/wp-json\/wp\/v2\/product_brand?post=19478"},{"taxonomy":"product_cat","embeddable":true,"href":"https:\/\/www.billigtrikotde.com\/it\/wp-json\/wp\/v2\/product_cat?post=19478"},{"taxonomy":"product_tag","embeddable":true,"href":"https:\/\/www.billigtrikotde.com\/it\/wp-json\/wp\/v2\/product_tag?post=19478"}],"curies":[{"name":"wp","href":"https:\/\/api.w.org\/{rel}","templated":true}]}}