{"id":19301,"date":"2024-10-24T11:20:45","date_gmt":"2024-10-24T09:20:45","guid":{"rendered":"http:\/\/billigtrikots.com\/?post_type=product&#038;p=19301"},"modified":"2025-03-13T00:48:54","modified_gmt":"2025-03-12T23:48:54","slug":"kaufen-inter-miami-mls-2024-25-drittes-trikot-kurzarm-lionel-messi-10","status":"publish","type":"product","link":"https:\/\/www.billigtrikotde.com\/it\/kaufen-inter-miami-mls-2024-25-drittes-trikot-kurzarm-lionel-messi-10\/","title":{"rendered":"Acquista Inter Miami MLS 2024-25 Terza Maglia Manica Corta Lionel Messi 10"},"content":{"rendered":"<p>La nuova terza maglia dell'Inter Miami 2024 \u00e8 di colore turchese acqua con accenti arancioni e bianchi. Il logo e lo stemma dell'Inter Miami sono bianchi. I polsini e il colletto sul lato della maglia sono bianchi e arancioni. La particolarit\u00e0 della terza maglia dell'Inter Miami 2024 \u00e8 che la parola Miami appare in un carattere \"Miami Vice\" sul petto al posto del logo dello sponsor Royal Caribbean.<\/p>\n<p>Suggerimenti per la stampa: Se il nome e il numero dell'immagine sono esattamente quelli desiderati, non \u00e8 necessario inserirli nuovamente. In caso contrario, \u00e8 necessario inserire il nome e il numero desiderati.<\/p>\n<p>Consigli per il lavaggio: Si consiglia di lavare le magliette da calcio a mano. Se si desidera utilizzare la lavatrice, ricordarsi di capovolgere le magliette da calcio e poi lavarle. Riempire la macchina con acqua fredda e utilizzare un ciclo delicato per proteggere meglio i colori.<\/p>","protected":false},"excerpt":{"rendered":"<p>Das neue dritte Trikot von Inter Miami 2024 ist aquat\u00fcrkis mit orangefarbenen und wei\u00dfen Akzenten. Das Logo und das Inter Miami-Wappen sind wei\u00df. Die Manschetten und der Kragen an der Seite des Trikots sind wei\u00df und orange. Das Highlight des dritten Trikots von Inter Miami 2024 ist, dass das Wort Miami in einer \u201eMiami Vice\u201c-Schriftart [&hellip;]<\/p>","protected":false},"featured_media":19344,"comment_status":"open","ping_status":"closed","template":"","meta":[],"product_brand":[],"product_cat":[557],"product_tag":[20,21,22,24,633,1299],"class_list":{"0":"post-19301","1":"product","2":"type-product","3":"status-publish","4":"has-post-thumbnail","6":"product_cat-inter-miami","7":"product_tag-coole-fussballtrikots","8":"product_tag-fussballtrikot-fuer-herren","9":"product_tag-fussballtrikot-guenstig-kaufen","10":"product_tag-guenstiges-fussballtrikot","11":"product_tag-inter-miami-fussballtrikot","12":"product_tag-lionel-messi-trikots","14":"first","15":"instock","16":"shipping-taxable","17":"purchasable","18":"product-type-variable"},"_links":{"self":[{"href":"https:\/\/www.billigtrikotde.com\/it\/wp-json\/wp\/v2\/product\/19301","targetHints":{"allow":["GET"]}}],"collection":[{"href":"https:\/\/www.billigtrikotde.com\/it\/wp-json\/wp\/v2\/product"}],"about":[{"href":"https:\/\/www.billigtrikotde.com\/it\/wp-json\/wp\/v2\/types\/product"}],"replies":[{"embeddable":true,"href":"https:\/\/www.billigtrikotde.com\/it\/wp-json\/wp\/v2\/comments?post=19301"}],"wp:featuredmedia":[{"embeddable":true,"href":"https:\/\/www.billigtrikotde.com\/it\/wp-json\/wp\/v2\/media\/19344"}],"wp:attachment":[{"href":"https:\/\/www.billigtrikotde.com\/it\/wp-json\/wp\/v2\/media?parent=19301"}],"wp:term":[{"taxonomy":"product_brand","embeddable":true,"href":"https:\/\/www.billigtrikotde.com\/it\/wp-json\/wp\/v2\/product_brand?post=19301"},{"taxonomy":"product_cat","embeddable":true,"href":"https:\/\/www.billigtrikotde.com\/it\/wp-json\/wp\/v2\/product_cat?post=19301"},{"taxonomy":"product_tag","embeddable":true,"href":"https:\/\/www.billigtrikotde.com\/it\/wp-json\/wp\/v2\/product_tag?post=19301"}],"curies":[{"name":"wp","href":"https:\/\/api.w.org\/{rel}","templated":true}]}}