{"id":19283,"date":"2024-10-24T11:19:33","date_gmt":"2024-10-24T09:19:33","guid":{"rendered":"http:\/\/billigtrikots.com\/?post_type=product&#038;p=19283"},"modified":"2024-10-24T11:22:27","modified_gmt":"2024-10-24T09:22:27","slug":"fussballtrikot-kinder-set-manchester-united-heimtrikot-2024-25-bruno-fernandes-8","status":"publish","type":"product","link":"https:\/\/www.billigtrikotde.com\/it\/fussballtrikot-kinder-set-manchester-united-heimtrikot-2024-25-bruno-fernandes-8\/","title":{"rendered":"Set di magliette da calcio per bambini Manchester United Home Shirt 2024-25 Bruno Fernandes 8"},"content":{"rendered":"<p>La maglia del Manchester United FC 24-25 combina due tonalit\u00e0 di rosso in un design a gradiente di colore. Non \u00e8 la prima volta che una maglia del Manchester United combina due tonalit\u00e0 di rosso. L'ultima volta \u00e8 stato nella stagione 2016-17 e la particolarit\u00e0 della maglia Manchester United 24-25 \u00e8 un sottile motivo a gradiente rosso su rosso.<\/p>\n<p>Suggerimenti per la stampa: Se il nome e il numero dell'immagine sono esattamente quelli desiderati, non \u00e8 necessario inserirli nuovamente. In caso contrario, \u00e8 necessario inserire il nome e il numero desiderati.<\/p>\n<p>Consigli per il lavaggio: Si consiglia di lavare le magliette da calcio a mano. Se si desidera utilizzare la lavatrice, ricordarsi di capovolgere le magliette da calcio e poi lavarle. Riempire la macchina con acqua fredda e utilizzare un ciclo delicato per proteggere meglio i colori.<\/p>","protected":false},"excerpt":{"rendered":"<p>La maglia Manchester United FC 24-25 combina due tonalit\u00e0 di rosso in un design a gradiente. Non \u00e8 la prima volta che una maglia del Manchester United abbina due tonalit\u00e0 di rosso tra loro. L\u2019ultima volta \u00e8 stata nella stagione 2016-17. La particolarit\u00e0 della maglia 24-25 del Manchester United \u00e8 un delicato motivo a gradiente rosso su rosso. Consigli per la stampa: Se il nome [\u2026]<\/p>","protected":false},"featured_media":19322,"comment_status":"open","ping_status":"closed","template":"","meta":[],"product_brand":[],"product_cat":[140],"product_tag":[20,1297,574,664,24,1262,898,899,52,142],"class_list":{"0":"post-19283","1":"product","2":"type-product","3":"status-publish","4":"has-post-thumbnail","6":"product_cat-manchester-united-kindertrikot","7":"product_tag-coole-fussballtrikots","8":"product_tag-bruno-fernandes-trikots","9":"product_tag-fussballtrikot-deutschland","10":"product_tag-fussballtrikot-trikotsatz","11":"product_tag-guenstiges-fussballtrikot","12":"product_tag-manchester-united-24-25-trikot","13":"product_tag-manchester-united-fussballtrikots-kinder","14":"product_tag-manchester-united-trikot-fuer-kinder","15":"product_tag-manchester-united-trikots","16":"product_tag-manchester-united-trikotsatz-fuer-kinder","18":"first","19":"instock","20":"shipping-taxable","21":"purchasable","22":"product-type-variable"},"_links":{"self":[{"href":"https:\/\/www.billigtrikotde.com\/it\/wp-json\/wp\/v2\/product\/19283","targetHints":{"allow":["GET"]}}],"collection":[{"href":"https:\/\/www.billigtrikotde.com\/it\/wp-json\/wp\/v2\/product"}],"about":[{"href":"https:\/\/www.billigtrikotde.com\/it\/wp-json\/wp\/v2\/types\/product"}],"replies":[{"embeddable":true,"href":"https:\/\/www.billigtrikotde.com\/it\/wp-json\/wp\/v2\/comments?post=19283"}],"wp:featuredmedia":[{"embeddable":true,"href":"https:\/\/www.billigtrikotde.com\/it\/wp-json\/wp\/v2\/media\/19322"}],"wp:attachment":[{"href":"https:\/\/www.billigtrikotde.com\/it\/wp-json\/wp\/v2\/media?parent=19283"}],"wp:term":[{"taxonomy":"product_brand","embeddable":true,"href":"https:\/\/www.billigtrikotde.com\/it\/wp-json\/wp\/v2\/product_brand?post=19283"},{"taxonomy":"product_cat","embeddable":true,"href":"https:\/\/www.billigtrikotde.com\/it\/wp-json\/wp\/v2\/product_cat?post=19283"},{"taxonomy":"product_tag","embeddable":true,"href":"https:\/\/www.billigtrikotde.com\/it\/wp-json\/wp\/v2\/product_tag?post=19283"}],"curies":[{"name":"wp","href":"https:\/\/api.w.org\/{rel}","templated":true}]}}