{"id":19170,"date":"2024-10-24T11:13:04","date_gmt":"2024-10-24T09:13:04","guid":{"rendered":"http:\/\/billigtrikots.com\/?post_type=product&#038;p=19170"},"modified":"2024-10-24T11:15:54","modified_gmt":"2024-10-24T09:15:54","slug":"fussballtrikots-kinder-guenstig-athletic-bilbao-heimtrikotsatz-2024-2025","status":"publish","type":"product","link":"https:\/\/www.billigtrikotde.com\/it\/fussballtrikots-kinder-guenstig-athletic-bilbao-heimtrikotsatz-2024-2025\/","title":{"rendered":"Maglie calcio Bambini Economici Athletic Bilbao Home Kit 2024 2025"},"content":{"rendered":"<p>La maglia 2024-25 dell'Athletic Bilbao presenta un tradizionale design a strisce rosso-bianco classico, con un motivo discreto all'interno delle strisce rosse. Questa grafica \u00e8 ispirata al Palazzo Ibaigane, simbolo dell'identit\u00e0 del club, noto per la sua fusione tra architettura storica e moderna. Il colletto rotondo \u00e8 bianco sulla parte anteriore e nero sulla parte posteriore. Sulla parte alta della schiena si trova una grafica che riunisce la bandiera basca con un emblema a leone.<\/p>\n<p>Suggerimenti per la stampa: Se il nome e il numero dell'immagine sono esattamente quelli desiderati, non \u00e8 necessario inserirli nuovamente. In caso contrario, \u00e8 necessario inserire il nome e il numero desiderati.<\/p>\n<p>Consigli per il lavaggio: Si consiglia di lavare le magliette da calcio a mano. Se si desidera utilizzare la lavatrice, ricordarsi di capovolgere le magliette da calcio e poi lavarle. Riempire la macchina con acqua fredda e utilizzare un ciclo delicato per proteggere meglio i colori.<\/p>","protected":false},"excerpt":{"rendered":"<p>Das Athletic Bilbao 2024-25 Trikot hat ein traditionelles klassisches rot-wei\u00dfes Streifendesign mit einem dezenten Muster innerhalb der roten Streifen.Diese Grafik ist vom Ibaigane-Palast inspiriert, einem Symbol f\u00fcr die Identit\u00e4t des Vereins, das f\u00fcr seine Mischung aus historischer und moderner Architektur bekannt ist.Der Rundkragen ist auf der Vorderseite wei\u00df und auf der R\u00fcckseite schwarz. Auf dem [&hellip;]<\/p>","protected":false},"featured_media":19216,"comment_status":"open","ping_status":"closed","template":"","meta":[],"product_brand":[],"product_cat":[1025],"product_tag":[1278,1026,1027,20,574,23,24,94],"class_list":{"0":"post-19170","1":"product","2":"type-product","3":"status-publish","4":"has-post-thumbnail","6":"product_cat-athletic-bilbao-kindertrikot","7":"product_tag-athletic-bilbao-24-25-trikot","8":"product_tag-athletic-bilbao-fussballtrikots-kinder","9":"product_tag-athletic-bilbao-trikot-fuer-kinder","10":"product_tag-coole-fussballtrikots","11":"product_tag-fussballtrikot-deutschland","12":"product_tag-fussballtrikot-kurzarm","13":"product_tag-guenstiges-fussballtrikot","14":"product_tag-kinder-fussball-trikotsatz","16":"first","17":"instock","18":"shipping-taxable","19":"purchasable","20":"product-type-variable"},"_links":{"self":[{"href":"https:\/\/www.billigtrikotde.com\/it\/wp-json\/wp\/v2\/product\/19170","targetHints":{"allow":["GET"]}}],"collection":[{"href":"https:\/\/www.billigtrikotde.com\/it\/wp-json\/wp\/v2\/product"}],"about":[{"href":"https:\/\/www.billigtrikotde.com\/it\/wp-json\/wp\/v2\/types\/product"}],"replies":[{"embeddable":true,"href":"https:\/\/www.billigtrikotde.com\/it\/wp-json\/wp\/v2\/comments?post=19170"}],"wp:featuredmedia":[{"embeddable":true,"href":"https:\/\/www.billigtrikotde.com\/it\/wp-json\/wp\/v2\/media\/19216"}],"wp:attachment":[{"href":"https:\/\/www.billigtrikotde.com\/it\/wp-json\/wp\/v2\/media?parent=19170"}],"wp:term":[{"taxonomy":"product_brand","embeddable":true,"href":"https:\/\/www.billigtrikotde.com\/it\/wp-json\/wp\/v2\/product_brand?post=19170"},{"taxonomy":"product_cat","embeddable":true,"href":"https:\/\/www.billigtrikotde.com\/it\/wp-json\/wp\/v2\/product_cat?post=19170"},{"taxonomy":"product_tag","embeddable":true,"href":"https:\/\/www.billigtrikotde.com\/it\/wp-json\/wp\/v2\/product_tag?post=19170"}],"curies":[{"name":"wp","href":"https:\/\/api.w.org\/{rel}","templated":true}]}}