{"id":1914,"date":"2024-10-23T13:51:34","date_gmt":"2024-10-23T11:51:34","guid":{"rendered":"http:\/\/billigtrikots.com\/?post_type=product&#038;p=1914"},"modified":"2024-10-23T13:53:09","modified_gmt":"2024-10-23T11:53:09","slug":"gelbe-trikotsatz-borussia-dortmund-2022-fussball-trikots-online-kaufen-anpassbarer","status":"publish","type":"product","link":"https:\/\/www.billigtrikotde.com\/it\/gelbe-trikotsatz-borussia-dortmund-2022-fussball-trikots-online-kaufen-anpassbarer\/","title":{"rendered":"Acquista online le maglie da calcio Borussia Dortmund 2022 gialle Personalizzabili"},"content":{"rendered":"<p>Dal profondo del cuore mostri la tua ammirazione nell'attuale maglia casalinga dei Borussi, presentata nei tradizionali colori casalinghi giallo\/nero. Naturalmente anche questa stagione la maglia porta con orgoglio lo stemma della societ\u00e0 direttamente sul cuore. Dettagli di marca P-uma non possono mancare, cos\u00ec come le scritte e i loghi degli sponsor.<\/p>\n<p>Come se il design da tifoso non fosse gi\u00e0 motivo sufficiente per scegliere la maglia casalinga del BVB 2021\/22, anche la parte superiore arriva in una qualit\u00e0 P-uma di prima classe. \u00c8 realizzata in poliestere resistente alla forma e durevole che ti offre il miglior sostegno per tutto il giorno.<\/p>\n<p>Il materiale High-Performance dryCELL ti protegge inoltre dall'umidit\u00e0 sul corpo e mantiene il tuo corpo asciutto e freddo. La versione replica della maglia casalinga del BVB si adatta comodamente al corpo e lascia molta libert\u00e0 di movimento in tutte le direzioni. Le maniche raglan popolari completano la vestibilit\u00e0 riuscita e promettono un comfort ancora maggiore during wear.<\/p>\n<p>Rinnova il tuo guardaroba da tifoso e assicurati in tempo la nuova maglia casalinga da uomo P-uma del BVB 2021\/22 per il tuo autentico festeggiamento da tifoso!<\/p>\n<p>Suggerimenti per la stampa: Se il nome e il numero dell'immagine sono esattamente quelli desiderati, non \u00e8 necessario inserirli nuovamente. In caso contrario, \u00e8 necessario inserire il nome e il numero desiderati.<\/p>\n<p>Consigli per il lavaggio: Si consiglia di lavare le magliette da calcio a mano. Se si desidera utilizzare la lavatrice, ricordarsi di capovolgere le magliette da calcio e poi lavarle. Riempire la macchina con acqua fredda e utilizzare un ciclo delicato per proteggere meglio i colori.<\/p>","protected":false},"excerpt":{"rendered":"<p>Aus tiefstem Herzen zeigst du deine Bewunderung im aktuellen Borussen Heim Trikot, das sich in der traditionellen Heimfarbe Gelb\/Schwarz pr\u00e4sentiert. Nat\u00fcrlich tr\u00e4gt auch das diesj\u00e4hrige Jersey mit Stolz das Vereinswappen direkt auf dem Herzen. P-uma Markendetails d\u00fcrfen ebenso, wie die Sponsorenschriftz\u00fcge und \u2013logos, nicht fehlen. Als w\u00e4re das clubtreue Design nicht schon Grund genug, dich [&hellip;]<\/p>","protected":false},"featured_media":1945,"comment_status":"open","ping_status":"closed","template":"","meta":[],"product_brand":[],"product_cat":[63],"product_tag":[20,65,66,67,21,22,23,24],"class_list":{"0":"post-1914","1":"product","2":"type-product","3":"status-publish","4":"has-post-thumbnail","6":"product_cat-borussia-dortmund","7":"product_tag-coole-fussballtrikots","8":"product_tag-borussia-dortmund-trikots","9":"product_tag-bvb-trikots","10":"product_tag-fussball-trikotsatz","11":"product_tag-fussballtrikot-fuer-herren","12":"product_tag-fussballtrikot-guenstig-kaufen","13":"product_tag-fussballtrikot-kurzarm","14":"product_tag-guenstiges-fussballtrikot","16":"first","17":"instock","18":"shipping-taxable","19":"purchasable","20":"product-type-variable"},"_links":{"self":[{"href":"https:\/\/www.billigtrikotde.com\/it\/wp-json\/wp\/v2\/product\/1914","targetHints":{"allow":["GET"]}}],"collection":[{"href":"https:\/\/www.billigtrikotde.com\/it\/wp-json\/wp\/v2\/product"}],"about":[{"href":"https:\/\/www.billigtrikotde.com\/it\/wp-json\/wp\/v2\/types\/product"}],"replies":[{"embeddable":true,"href":"https:\/\/www.billigtrikotde.com\/it\/wp-json\/wp\/v2\/comments?post=1914"}],"wp:featuredmedia":[{"embeddable":true,"href":"https:\/\/www.billigtrikotde.com\/it\/wp-json\/wp\/v2\/media\/1945"}],"wp:attachment":[{"href":"https:\/\/www.billigtrikotde.com\/it\/wp-json\/wp\/v2\/media?parent=1914"}],"wp:term":[{"taxonomy":"product_brand","embeddable":true,"href":"https:\/\/www.billigtrikotde.com\/it\/wp-json\/wp\/v2\/product_brand?post=1914"},{"taxonomy":"product_cat","embeddable":true,"href":"https:\/\/www.billigtrikotde.com\/it\/wp-json\/wp\/v2\/product_cat?post=1914"},{"taxonomy":"product_tag","embeddable":true,"href":"https:\/\/www.billigtrikotde.com\/it\/wp-json\/wp\/v2\/product_tag?post=1914"}],"curies":[{"name":"wp","href":"https:\/\/api.w.org\/{rel}","templated":true}]}}