{"id":19100,"date":"2024-10-24T11:09:31","date_gmt":"2024-10-24T09:09:31","guid":{"rendered":"http:\/\/billigtrikots.com\/?post_type=product&#038;p=19100"},"modified":"2024-10-24T11:12:23","modified_gmt":"2024-10-24T09:12:23","slug":"kinder-fussball-trikot-set-ac-mailand-heimtrikot-2024-2025","status":"publish","type":"product","link":"https:\/\/www.billigtrikotde.com\/it\/kinder-fussball-trikot-set-ac-mailand-heimtrikot-2024-2025\/","title":{"rendered":"Set di magliette da calcio per bambini AC Milan Home Shirt 2024 2025"},"content":{"rendered":"<p>La nuova maglia del Milan 24-25 torna a un design classico dopo che la maglia della scorsa stagione aveva uno stile sperimentale. Presenta le strisce rosse e nere del club in combinazione con i loghi bianchi, con un disegno molto sottile all'interno delle strisce rosse, probabilmente legato al 125\u00b0 anniversario del club. Il Milan \u00e8 stato fondato nel 1899, 125 anni fa, e l'interno del colletto presenta uno speciale distintivo dell'anniversario con il testo \"Social Club Institution\" e una grafica del DNA, mentre il colletto posteriore della maglia presenta uno speciale motivo 125 Years A.C. Milan per celebrare il 125\u00b0 anniversario del club.<\/p>\n<p>Suggerimenti per la stampa: Se il nome e il numero dell'immagine sono esattamente quelli desiderati, non \u00e8 necessario inserirli nuovamente. In caso contrario, \u00e8 necessario inserire il nome e il numero desiderati.<\/p>\n<p>Consigli per il lavaggio: Si consiglia di lavare le magliette da calcio a mano. Se si desidera utilizzare la lavatrice, ricordarsi di capovolgere le magliette da calcio e poi lavarle. Riempire la macchina con acqua fredda e utilizzare un ciclo delicato per proteggere meglio i colori.<\/p>","protected":false},"excerpt":{"rendered":"<p>Das neue Milan Trikot 24-25 kehrt zu einem klassischen Design zur\u00fcck, nachdem das Trikot der letzten Saison einen experimentellen Stil hatte. Es zeigt die roten und schwarzen Streifen des Vereins in Kombination mit wei\u00dfen Logos.Innerhalb der roten Streifen befindet sich ein sehr dezentes Design, das wahrscheinlich mit dem 125-j\u00e4hrigen Jubil\u00e4um des Vereins zusammenh\u00e4ngt. Milan wurde [&hellip;]<\/p>","protected":false},"featured_media":19153,"comment_status":"open","ping_status":"closed","template":"","meta":[],"product_brand":[],"product_cat":[92],"product_tag":[630,25,631,93,20,574,23,24,94,1264],"class_list":{"0":"post-19100","1":"product","2":"type-product","3":"status-publish","4":"has-post-thumbnail","6":"product_cat-ac-mailand-kindertrikot","7":"product_tag-ac-milan-fussballtrikots-kinder","8":"product_tag-ac-milan-heimtrikot","9":"product_tag-ac-milan-trikot-fuer-kinder","10":"product_tag-ac-milan-trikotsatz-fuer-kinder","11":"product_tag-coole-fussballtrikots","12":"product_tag-fussballtrikot-deutschland","13":"product_tag-fussballtrikot-kurzarm","14":"product_tag-guenstiges-fussballtrikot","15":"product_tag-kinder-fussball-trikotsatz","16":"product_tag-milan-24-25-trikot","18":"first","19":"instock","20":"shipping-taxable","21":"purchasable","22":"product-type-variable"},"_links":{"self":[{"href":"https:\/\/www.billigtrikotde.com\/it\/wp-json\/wp\/v2\/product\/19100","targetHints":{"allow":["GET"]}}],"collection":[{"href":"https:\/\/www.billigtrikotde.com\/it\/wp-json\/wp\/v2\/product"}],"about":[{"href":"https:\/\/www.billigtrikotde.com\/it\/wp-json\/wp\/v2\/types\/product"}],"replies":[{"embeddable":true,"href":"https:\/\/www.billigtrikotde.com\/it\/wp-json\/wp\/v2\/comments?post=19100"}],"wp:featuredmedia":[{"embeddable":true,"href":"https:\/\/www.billigtrikotde.com\/it\/wp-json\/wp\/v2\/media\/19153"}],"wp:attachment":[{"href":"https:\/\/www.billigtrikotde.com\/it\/wp-json\/wp\/v2\/media?parent=19100"}],"wp:term":[{"taxonomy":"product_brand","embeddable":true,"href":"https:\/\/www.billigtrikotde.com\/it\/wp-json\/wp\/v2\/product_brand?post=19100"},{"taxonomy":"product_cat","embeddable":true,"href":"https:\/\/www.billigtrikotde.com\/it\/wp-json\/wp\/v2\/product_cat?post=19100"},{"taxonomy":"product_tag","embeddable":true,"href":"https:\/\/www.billigtrikotde.com\/it\/wp-json\/wp\/v2\/product_tag?post=19100"}],"curies":[{"name":"wp","href":"https:\/\/api.w.org\/{rel}","templated":true}]}}