{"id":19064,"date":"2024-10-24T11:08:07","date_gmt":"2024-10-24T09:08:07","guid":{"rendered":"http:\/\/billigtrikots.com\/?post_type=product&#038;p=19064"},"modified":"2024-10-24T11:10:00","modified_gmt":"2024-10-24T09:10:00","slug":"kinderheim-trikot-england-heimtrikot-em-2024-trikotsatz-kieran-trippier-12","status":"publish","type":"product","link":"https:\/\/www.billigtrikotde.com\/it\/kinderheim-trikot-england-heimtrikot-em-2024-trikotsatz-kieran-trippier-12\/","title":{"rendered":"Kit bambini kit casa Inghilterra kit casa EM 2024 kit Kieran Trippier 12"},"content":{"rendered":"<p>La maglia dell'Inghilterra per Euro 2024 rappresenta un grande cambiamento rispetto alle precedenti maglie casalinghe dell'Inghilterra. La maglia da calcio dell'Inghilterra 2024 combina il classico bianco del Paese con un blu scuro e dettagli maroon\/rosso chiaro. Utilizza un colletto appositamente costruito che \u00e8 una combinazione di un classico colletto a V e di un colletto a polo. I polsini del kit home dell'Inghilterra 2024 presentano eleganti strisce blu navy\/rosso chiaro\/maroon.<\/p>\n<p>Suggerimenti per la stampa: Se il nome e il numero dell'immagine sono esattamente quelli desiderati, non \u00e8 necessario inserirli nuovamente. In caso contrario, \u00e8 necessario inserire il nome e il numero desiderati.<\/p>\n<p>Consigli per il lavaggio: Si consiglia di lavare le magliette da calcio a mano. Se si desidera utilizzare la lavatrice, ricordarsi di capovolgere le magliette da calcio e poi lavarle. Riempire la macchina con acqua fredda e utilizzare un ciclo delicato per proteggere meglio i colori.<\/p>","protected":false},"excerpt":{"rendered":"<p>Das England Euro 2024 Trikot ist eine starke Ver\u00e4nderung gegen\u00fcber den bisherigen England Heimtrikots. Das England 2024 Fu\u00dfballtrikot kombiniert das klassische Wei\u00df des Landes mit einem dunklen Marineblau und kastanienbraunen\/hellroten Details.It verwendet einen speziell konstruierten Kragen, der eine Kombination aus einem klassischen V-Kragen und einem Polokragen ist.Die \u00c4rmelb\u00fcndchen des England 2024 Heimtrikots sind mit eleganten [&hellip;]<\/p>","protected":false},"featured_media":19105,"comment_status":"open","ping_status":"closed","template":"","meta":[],"product_brand":[],"product_cat":[1096],"product_tag":[20,1076,1235,22,23,1239,24,1240,1224],"class_list":{"0":"post-19064","1":"product","2":"type-product","3":"status-publish","4":"has-post-thumbnail","6":"product_cat-em-2024-england","7":"product_tag-coole-fussballtrikots","8":"product_tag-em-2024-trikot","9":"product_tag-england-em-2024-trikot-kinder-kaufen","10":"product_tag-fussballtrikot-guenstig-kaufen","11":"product_tag-fussballtrikot-kurzarm","12":"product_tag-guenstige-kieran-trippier-trikot-kinder","13":"product_tag-guenstiges-fussballtrikot","14":"product_tag-kieran-trippier-trikot-kinder-kaufen","15":"product_tag-kieran-trippier-trikots","17":"first","18":"instock","19":"shipping-taxable","20":"purchasable","21":"product-type-variable"},"_links":{"self":[{"href":"https:\/\/www.billigtrikotde.com\/it\/wp-json\/wp\/v2\/product\/19064","targetHints":{"allow":["GET"]}}],"collection":[{"href":"https:\/\/www.billigtrikotde.com\/it\/wp-json\/wp\/v2\/product"}],"about":[{"href":"https:\/\/www.billigtrikotde.com\/it\/wp-json\/wp\/v2\/types\/product"}],"replies":[{"embeddable":true,"href":"https:\/\/www.billigtrikotde.com\/it\/wp-json\/wp\/v2\/comments?post=19064"}],"wp:featuredmedia":[{"embeddable":true,"href":"https:\/\/www.billigtrikotde.com\/it\/wp-json\/wp\/v2\/media\/19105"}],"wp:attachment":[{"href":"https:\/\/www.billigtrikotde.com\/it\/wp-json\/wp\/v2\/media?parent=19064"}],"wp:term":[{"taxonomy":"product_brand","embeddable":true,"href":"https:\/\/www.billigtrikotde.com\/it\/wp-json\/wp\/v2\/product_brand?post=19064"},{"taxonomy":"product_cat","embeddable":true,"href":"https:\/\/www.billigtrikotde.com\/it\/wp-json\/wp\/v2\/product_cat?post=19064"},{"taxonomy":"product_tag","embeddable":true,"href":"https:\/\/www.billigtrikotde.com\/it\/wp-json\/wp\/v2\/product_tag?post=19064"}],"curies":[{"name":"wp","href":"https:\/\/api.w.org\/{rel}","templated":true}]}}