{"id":1904,"date":"2024-10-23T13:51:03","date_gmt":"2024-10-23T11:51:03","guid":{"rendered":"http:\/\/billigtrikots.com\/?post_type=product&#038;p=1904"},"modified":"2024-10-23T13:53:07","modified_gmt":"2024-10-23T11:53:07","slug":"borussia-dortmund-piszczek-26-trikotsatz-bvb-2022-herren-heimtrikot-gelb-schwarz","status":"publish","type":"product","link":"https:\/\/www.billigtrikotde.com\/it\/borussia-dortmund-piszczek-26-trikotsatz-bvb-2022-herren-heimtrikot-gelb-schwarz\/","title":{"rendered":"Borussia Dortmund Piszczek 26 Maglia BVB 2022 Uomo Maglia Home Giallo Nero"},"content":{"rendered":"<p>Sfrutta al massimo la maglia P-uma Borussia Dortmund 21\/22, che presenta una vestibilit\u00e0 leggermente pi\u00f9 ampia, pensata appositamente per i tifosi.<\/p>\n<p>Ispirata al famoso trionfo del club in Champions League nel 1997, la maglia P-uma Borussia Dortmund 21\/22 incarna lo spirito da sfavoriti di Karl-Heinz Riedle e Co. con sezioni nere sulle spalle e maniche a righe che imitano la maglia e i calzettoni della finale del 1997.<\/p>\n<p>La versione standard della maglia \u00e8 stata progettata per garantire il massimo comfort dentro e fuori dal campo ed \u00e8 dotata della pi\u00f9 recente tecnologia di traspirazione del sudore per mantenervi freschi. Il taglio pi\u00f9 casual la rende ideale anche per il tempo libero.<\/p>\n<p>Suggerimenti per la stampa: Se il nome e il numero dell'immagine sono esattamente quelli desiderati, non \u00e8 necessario inserirli nuovamente. In caso contrario, \u00e8 necessario inserire il nome e il numero desiderati.<\/p>\n<p>Consigli per il lavaggio: Si consiglia di lavare le magliette da calcio a mano. Se si desidera utilizzare la lavatrice, ricordarsi di capovolgere le magliette da calcio e poi lavarle. Riempire la macchina con acqua fredda e utilizzare un ciclo delicato per proteggere meglio i colori.<\/p>","protected":false},"excerpt":{"rendered":"<p>Dai tutto con il P-uma Borussia Dortmund 21\/22 Home shirt, leggermente pi\u00f9 ampia di vestibilit\u00e0, progettata appositamente per i tifosi. Ispirata al famoso trionfo in Champions League della societ\u00e0 nel 1997, la P-uma Borussia Dortmund 21\/22 Home shirt incarna lo spirito da outsider di Karl-Heinz Riedle e compagni con spalle nere e maniche a strisce, che rendono la maglia e le [\u2026]<\/p>","protected":false},"featured_media":1934,"comment_status":"open","ping_status":"closed","template":"","meta":[],"product_brand":[],"product_cat":[63],"product_tag":[20,65,66,67,21,22,23,24],"class_list":{"0":"post-1904","1":"product","2":"type-product","3":"status-publish","4":"has-post-thumbnail","6":"product_cat-borussia-dortmund","7":"product_tag-coole-fussballtrikots","8":"product_tag-borussia-dortmund-trikots","9":"product_tag-bvb-trikots","10":"product_tag-fussball-trikotsatz","11":"product_tag-fussballtrikot-fuer-herren","12":"product_tag-fussballtrikot-guenstig-kaufen","13":"product_tag-fussballtrikot-kurzarm","14":"product_tag-guenstiges-fussballtrikot","16":"first","17":"instock","18":"shipping-taxable","19":"purchasable","20":"product-type-variable"},"_links":{"self":[{"href":"https:\/\/www.billigtrikotde.com\/it\/wp-json\/wp\/v2\/product\/1904","targetHints":{"allow":["GET"]}}],"collection":[{"href":"https:\/\/www.billigtrikotde.com\/it\/wp-json\/wp\/v2\/product"}],"about":[{"href":"https:\/\/www.billigtrikotde.com\/it\/wp-json\/wp\/v2\/types\/product"}],"replies":[{"embeddable":true,"href":"https:\/\/www.billigtrikotde.com\/it\/wp-json\/wp\/v2\/comments?post=1904"}],"wp:featuredmedia":[{"embeddable":true,"href":"https:\/\/www.billigtrikotde.com\/it\/wp-json\/wp\/v2\/media\/1934"}],"wp:attachment":[{"href":"https:\/\/www.billigtrikotde.com\/it\/wp-json\/wp\/v2\/media?parent=1904"}],"wp:term":[{"taxonomy":"product_brand","embeddable":true,"href":"https:\/\/www.billigtrikotde.com\/it\/wp-json\/wp\/v2\/product_brand?post=1904"},{"taxonomy":"product_cat","embeddable":true,"href":"https:\/\/www.billigtrikotde.com\/it\/wp-json\/wp\/v2\/product_cat?post=1904"},{"taxonomy":"product_tag","embeddable":true,"href":"https:\/\/www.billigtrikotde.com\/it\/wp-json\/wp\/v2\/product_tag?post=1904"}],"curies":[{"name":"wp","href":"https:\/\/api.w.org\/{rel}","templated":true}]}}