{"id":18896,"date":"2024-10-24T11:01:27","date_gmt":"2024-10-24T09:01:27","guid":{"rendered":"http:\/\/billigtrikots.com\/?post_type=product&#038;p=18896"},"modified":"2024-10-24T11:02:52","modified_gmt":"2024-10-24T09:02:52","slug":"guenstiges-kindertrikot-england-euro-2024-auswaertstrikot-jarrod-bowen-20","status":"publish","type":"product","link":"https:\/\/www.billigtrikotde.com\/it\/guenstiges-kindertrikot-england-euro-2024-auswaertstrikot-jarrod-bowen-20\/","title":{"rendered":"Economico Inghilterra Euro 2024 Away Shirt Jarrod Bowen 20"},"content":{"rendered":"<p>La maglia away dell'Inghilterra Euro 2024 \u00e8 caratterizzata da un colore maroon scuro e chiaro, chiamato \"Dark Raisin\", abbinato a \"Sesame\" per i loghi, che \u00e8 una tonalit\u00e0 dorata. Ci\u00f2 che rende la maglia away dell'Inghilterra 2024 cos\u00ec speciale \u00e8 il disegno multicolore su entrambi i lati. All'interno del colletto si trova la croce di San Giorgio, disegnata negli stessi colori delle strisce laterali.<\/p>\n<p>Suggerimenti per la stampa: Se il nome e il numero dell'immagine sono esattamente quelli desiderati, non \u00e8 necessario inserirli nuovamente. In caso contrario, \u00e8 necessario inserire il nome e il numero desiderati.<\/p>\n<p>Consigli per il lavaggio: Si consiglia di lavare le magliette da calcio a mano. Se si desidera utilizzare la lavatrice, ricordarsi di capovolgere le magliette da calcio e poi lavarle. Riempire la macchina con acqua fredda e utilizzare un ciclo delicato per proteggere meglio i colori.<\/p>","protected":false},"excerpt":{"rendered":"<p>La maglia away dell'Inghilterra Euro 2024 \u00e8 caratterizzata da un colore maroon scuro e chiaro, chiamato \"Dark Raisin\", abbinato a \"Sesame\" per i loghi, che \u00e8 una tonalit\u00e0 dorata. Ci\u00f2 che rende la maglia away dell'Inghilterra 2024 cos\u00ec speciale \u00e8 il disegno multicolore su entrambi i lati. All'interno del colletto si trova la croce di San Giorgio, disegnata negli stessi colori delle strisce laterali.<\/p>","protected":false},"featured_media":18928,"comment_status":"closed","ping_status":"closed","template":"","meta":[],"product_brand":[],"product_cat":[1096],"product_tag":[20,1076,22,23,24,1223],"class_list":{"0":"post-18896","1":"product","2":"type-product","3":"status-publish","4":"has-post-thumbnail","6":"product_cat-em-2024-england","7":"product_tag-coole-fussballtrikots","8":"product_tag-em-2024-trikot","9":"product_tag-fussballtrikot-guenstig-kaufen","10":"product_tag-fussballtrikot-kurzarm","11":"product_tag-guenstiges-fussballtrikot","12":"product_tag-jarrod-bowen-trikots","14":"first","15":"instock","16":"purchasable","17":"product-type-variable"},"_links":{"self":[{"href":"https:\/\/www.billigtrikotde.com\/it\/wp-json\/wp\/v2\/product\/18896","targetHints":{"allow":["GET"]}}],"collection":[{"href":"https:\/\/www.billigtrikotde.com\/it\/wp-json\/wp\/v2\/product"}],"about":[{"href":"https:\/\/www.billigtrikotde.com\/it\/wp-json\/wp\/v2\/types\/product"}],"replies":[{"embeddable":true,"href":"https:\/\/www.billigtrikotde.com\/it\/wp-json\/wp\/v2\/comments?post=18896"}],"wp:featuredmedia":[{"embeddable":true,"href":"https:\/\/www.billigtrikotde.com\/it\/wp-json\/wp\/v2\/media\/18928"}],"wp:attachment":[{"href":"https:\/\/www.billigtrikotde.com\/it\/wp-json\/wp\/v2\/media?parent=18896"}],"wp:term":[{"taxonomy":"product_brand","embeddable":true,"href":"https:\/\/www.billigtrikotde.com\/it\/wp-json\/wp\/v2\/product_brand?post=18896"},{"taxonomy":"product_cat","embeddable":true,"href":"https:\/\/www.billigtrikotde.com\/it\/wp-json\/wp\/v2\/product_cat?post=18896"},{"taxonomy":"product_tag","embeddable":true,"href":"https:\/\/www.billigtrikotde.com\/it\/wp-json\/wp\/v2\/product_tag?post=18896"}],"curies":[{"name":"wp","href":"https:\/\/api.w.org\/{rel}","templated":true}]}}