{"id":18812,"date":"2024-10-24T10:56:16","date_gmt":"2024-10-24T08:56:16","guid":{"rendered":"http:\/\/billigtrikots.com\/?post_type=product&#038;p=18812"},"modified":"2025-03-13T01:05:40","modified_gmt":"2025-03-13T00:05:40","slug":"fussballtrikot-outlet-herren-manchester-city-heimtrikot-2024-25-blau-kurzarm-ruben-dias-3","status":"publish","type":"product","link":"https:\/\/www.billigtrikotde.com\/it\/fussballtrikot-outlet-herren-manchester-city-heimtrikot-2024-25-blau-kurzarm-ruben-dias-3\/","title":{"rendered":"Maglia Calcio Outlet Uomo Manchester City Home Shirt 2024-25 Blu Manica Corta Ruben Dias 3"},"content":{"rendered":"<p>La nuova maglia del Man City 2024-25 presenta il classico colore celeste combinato con applicazioni navy e loghi bianchi, mentre ci\u00f2 che distingue la maglia del Manchester City 24-25 sono il colletto e i polsini. Entrambi presentano un'esclusiva grafica 0161 ispirata ai graffiti.<\/p>\n<p>Suggerimenti per la stampa: Se il nome e il numero dell'immagine sono esattamente quelli desiderati, non \u00e8 necessario inserirli nuovamente. In caso contrario, \u00e8 necessario inserire il nome e il numero desiderati.<\/p>\n<p>Consigli per il lavaggio: Si consiglia di lavare le magliette da calcio a mano. Se si desidera utilizzare la lavatrice, ricordarsi di capovolgere le magliette da calcio e poi lavarle. Riempire la macchina con acqua fredda e utilizzare un ciclo delicato per proteggere meglio i colori.<\/p>","protected":false},"excerpt":{"rendered":"<p>Das neue Man City 2024-25 Trikot hat die klassische himmelblaue Farbe kombiniert mit navyfarbenen Applikationen und wei\u00dfen Logos.Was das Manchester City 24-25 Trikot besonders auszeichnet, sind der Kragen und die \u00c4rmelb\u00fcndchen. Beide sind mit einer einzigartigen, von Graffiti inspirierten 0161-Grafik versehen. Tipps zum Drucken: Wenn der Name und die Nummer auf dem Bild genau Ihren [&hellip;]<\/p>","protected":false},"featured_media":18855,"comment_status":"open","ping_status":"closed","template":"","meta":[],"product_brand":[],"product_cat":[82],"product_tag":[20,574,21,22,24,1187,1188,84,1209],"class_list":{"0":"post-18812","1":"product","2":"type-product","3":"status-publish","4":"has-post-thumbnail","6":"product_cat-manchester-city","7":"product_tag-coole-fussballtrikots","8":"product_tag-fussballtrikot-deutschland","9":"product_tag-fussballtrikot-fuer-herren","10":"product_tag-fussballtrikot-guenstig-kaufen","11":"product_tag-guenstiges-fussballtrikot","12":"product_tag-manchester-city-auswaertstrikot-2024-25","13":"product_tag-manchester-city-trikot-24-25","14":"product_tag-manchester-city-trikots","15":"product_tag-ruben-dias-trikot","17":"first","18":"instock","19":"shipping-taxable","20":"purchasable","21":"product-type-variable"},"_links":{"self":[{"href":"https:\/\/www.billigtrikotde.com\/it\/wp-json\/wp\/v2\/product\/18812","targetHints":{"allow":["GET"]}}],"collection":[{"href":"https:\/\/www.billigtrikotde.com\/it\/wp-json\/wp\/v2\/product"}],"about":[{"href":"https:\/\/www.billigtrikotde.com\/it\/wp-json\/wp\/v2\/types\/product"}],"replies":[{"embeddable":true,"href":"https:\/\/www.billigtrikotde.com\/it\/wp-json\/wp\/v2\/comments?post=18812"}],"wp:featuredmedia":[{"embeddable":true,"href":"https:\/\/www.billigtrikotde.com\/it\/wp-json\/wp\/v2\/media\/18855"}],"wp:attachment":[{"href":"https:\/\/www.billigtrikotde.com\/it\/wp-json\/wp\/v2\/media?parent=18812"}],"wp:term":[{"taxonomy":"product_brand","embeddable":true,"href":"https:\/\/www.billigtrikotde.com\/it\/wp-json\/wp\/v2\/product_brand?post=18812"},{"taxonomy":"product_cat","embeddable":true,"href":"https:\/\/www.billigtrikotde.com\/it\/wp-json\/wp\/v2\/product_cat?post=18812"},{"taxonomy":"product_tag","embeddable":true,"href":"https:\/\/www.billigtrikotde.com\/it\/wp-json\/wp\/v2\/product_tag?post=18812"}],"curies":[{"name":"wp","href":"https:\/\/api.w.org\/{rel}","templated":true}]}}