{"id":18389,"date":"2024-10-24T10:31:02","date_gmt":"2024-10-24T08:31:02","guid":{"rendered":"http:\/\/billigtrikots.com\/?post_type=product&#038;p=18389"},"modified":"2024-10-24T10:38:59","modified_gmt":"2024-10-24T08:38:59","slug":"spanien-euro-2024-auswaertstrikot-kurzarm-fussballtrikots-kaufen","status":"publish","type":"product","link":"https:\/\/www.billigtrikotde.com\/it\/spanien-euro-2024-auswaertstrikot-kurzarm-fussballtrikots-kaufen\/","title":{"rendered":"Acquistare Spagna EURO 2024 Away Shirt Maglia da calcio a manica corta"},"content":{"rendered":"<p>Il kit da trasferta della Spagna 2024 presenta una combinazione di colori fresca e accattivante. \u00c8 principalmente giallo neon chiaro, probabilmente ispirato alle dune di sabbia del paese, e una caratteristica unica del kit da trasferta Spagna Euro 2024 sono i pannelli: i pannelli azzurri presentano una grafica di dune di sabbia.<\/p>\n<p>Suggerimenti per la stampa: Se il nome e il numero dell'immagine sono esattamente quelli desiderati, non \u00e8 necessario inserirli nuovamente. In caso contrario, \u00e8 necessario inserire il nome e il numero desiderati.<\/p>\n<p>Consigli per il lavaggio: Si consiglia di lavare le magliette da calcio a mano. Se si desidera utilizzare la lavatrice, ricordarsi di capovolgere le magliette da calcio e poi lavarle. Riempire la macchina con acqua fredda e utilizzare un ciclo delicato per proteggere meglio i colori.<\/p>","protected":false},"excerpt":{"rendered":"<p>Das Spanien 2024 Ausw\u00e4rtstrikot hat eine frische und auff\u00e4llige Farbkombination. Es ist vor allem blass neongelb, m\u00f6glicherweise inspiriert von den Sandd\u00fcnen des Landes.Ein einzigartiges Merkmal des Spanien Euro 2024 Ausw\u00e4rtstrikots sind die Paneele &#8211; die hellblauen Paneele sind mit einer Sandd\u00fcnengrafik versehen. Tipps zum Drucken: Wenn der Name und die Nummer auf dem Bild genau [&hellip;]<\/p>","protected":false},"featured_media":18439,"comment_status":"closed","ping_status":"closed","template":"","meta":[],"product_brand":[],"product_cat":[1079],"product_tag":[20,21,22,24],"class_list":{"0":"post-18389","1":"product","2":"type-product","3":"status-publish","4":"has-post-thumbnail","6":"product_cat-em-2024-spanien","7":"product_tag-coole-fussballtrikots","8":"product_tag-fussballtrikot-fuer-herren","9":"product_tag-fussballtrikot-guenstig-kaufen","10":"product_tag-guenstiges-fussballtrikot","12":"first","13":"instock","14":"purchasable","15":"product-type-variable"},"_links":{"self":[{"href":"https:\/\/www.billigtrikotde.com\/it\/wp-json\/wp\/v2\/product\/18389","targetHints":{"allow":["GET"]}}],"collection":[{"href":"https:\/\/www.billigtrikotde.com\/it\/wp-json\/wp\/v2\/product"}],"about":[{"href":"https:\/\/www.billigtrikotde.com\/it\/wp-json\/wp\/v2\/types\/product"}],"replies":[{"embeddable":true,"href":"https:\/\/www.billigtrikotde.com\/it\/wp-json\/wp\/v2\/comments?post=18389"}],"wp:featuredmedia":[{"embeddable":true,"href":"https:\/\/www.billigtrikotde.com\/it\/wp-json\/wp\/v2\/media\/18439"}],"wp:attachment":[{"href":"https:\/\/www.billigtrikotde.com\/it\/wp-json\/wp\/v2\/media?parent=18389"}],"wp:term":[{"taxonomy":"product_brand","embeddable":true,"href":"https:\/\/www.billigtrikotde.com\/it\/wp-json\/wp\/v2\/product_brand?post=18389"},{"taxonomy":"product_cat","embeddable":true,"href":"https:\/\/www.billigtrikotde.com\/it\/wp-json\/wp\/v2\/product_cat?post=18389"},{"taxonomy":"product_tag","embeddable":true,"href":"https:\/\/www.billigtrikotde.com\/it\/wp-json\/wp\/v2\/product_tag?post=18389"}],"curies":[{"name":"wp","href":"https:\/\/api.w.org\/{rel}","templated":true}]}}