{"id":18358,"date":"2024-10-24T10:29:26","date_gmt":"2024-10-24T08:29:26","guid":{"rendered":"http:\/\/billigtrikots.com\/?post_type=product&#038;p=18358"},"modified":"2024-10-24T10:32:32","modified_gmt":"2024-10-24T08:32:32","slug":"guenstige-fussballtrikots-herren-argentinien-auswaertstrikot-2024-25-mit-aufdruck-lionel-messi","status":"publish","type":"product","link":"https:\/\/www.billigtrikotde.com\/it\/guenstige-fussballtrikots-herren-argentinien-auswaertstrikot-2024-25-mit-aufdruck-lionel-messi\/","title":{"rendered":"Camicie da calcio economiche Uomo Argentina Away Shirt 2024-25 con stampa di Lionel Messi"},"content":{"rendered":"<p>Camicie da calcio economiche Uomo Argentina Away Shirt 2024-25 with Lionel Messi PrintIl kit da trasferta dell'Argentina 2024 combina un colore di base blu reale con i colori della bandiera argentina, bianco e azzurro. Le tre strisce saranno probabilmente azzurre, mentre lo stemma dell'AFA \u00e8 celeste e bianco. Il colore blu del kit da trasferta dell'Argentina 2024 \u00e8 simile a quello dei kit da trasferta dell'Argentina fino alla fine degli anni '90, prima che il blu navy diventasse la scelta abituale. Lo stemma dell'associazione sar\u00e0 bicolore in azzurro e bianco. Ci\u00f2 che rende unico il kit da trasferta dell'Argentina 2024 \u00e8 un dettaglio che riporta alla memoria i Mondiali del 2006: il lato presenta un pannello simile allo spirito di squadra con i colori celesti e bianchi della bandiera argentina. La maglia da trasferta dell'Argentina 2006 \u00e8 stata indossata da Messi al suo debutto nella Coppa del Mondo e la maglia da trasferta 2024 \u00e8 un chiaro omaggio a quel design.<\/p>\n<p>Suggerimenti per la stampa: Se il nome e il numero dell'immagine sono esattamente quelli desiderati, non \u00e8 necessario inserirli nuovamente. In caso contrario, \u00e8 necessario inserire il nome e il numero desiderati.<\/p>\n<p>Consigli per il lavaggio: Si consiglia di lavare le magliette da calcio a mano. Se si desidera utilizzare la lavatrice, ricordarsi di capovolgere le magliette da calcio e poi lavarle. Riempire la macchina con acqua fredda e utilizzare un ciclo delicato per proteggere meglio i colori.<\/p>","protected":false},"excerpt":{"rendered":"<p>G\u00fcnstige Fu\u00dfballtrikots Herren Argentinien Ausw\u00e4rtstrikot 2024-25 mit Aufdruck Lionel Messi.Das Argentinien 2024 Ausw\u00e4rtstrikot kombiniert eine k\u00f6nigsblaue Grundfarbe mit den Farben der argentinischen Flagge, Wei\u00df und Himmelblau. Die Three Stripes sind wahrscheinlich hellblau, das AFA-Wappen ist himmelblau und wei\u00df.Die blaue Farbe des Argentinien 2024-Ausw\u00e4rtstrikots \u00e4hnelt der Farbe der argentinischen Ausw\u00e4rtstrikots bis Ende der 90er Jahre, bevor [&hellip;]<\/p>","protected":false},"featured_media":18403,"comment_status":"open","ping_status":"closed","template":"","meta":[],"product_brand":[],"product_cat":[325],"product_tag":[1186,1119,20,21,22,24],"class_list":{"0":"post-18358","1":"product","2":"type-product","3":"status-publish","4":"has-post-thumbnail","6":"product_cat-argentinien-trikots","7":"product_tag-argentinien-2024-25-trikots","8":"product_tag-argentinien-fussballtrikots","9":"product_tag-coole-fussballtrikots","10":"product_tag-fussballtrikot-fuer-herren","11":"product_tag-fussballtrikot-guenstig-kaufen","12":"product_tag-guenstiges-fussballtrikot","14":"first","15":"instock","16":"shipping-taxable","17":"purchasable","18":"product-type-variable"},"_links":{"self":[{"href":"https:\/\/www.billigtrikotde.com\/it\/wp-json\/wp\/v2\/product\/18358","targetHints":{"allow":["GET"]}}],"collection":[{"href":"https:\/\/www.billigtrikotde.com\/it\/wp-json\/wp\/v2\/product"}],"about":[{"href":"https:\/\/www.billigtrikotde.com\/it\/wp-json\/wp\/v2\/types\/product"}],"replies":[{"embeddable":true,"href":"https:\/\/www.billigtrikotde.com\/it\/wp-json\/wp\/v2\/comments?post=18358"}],"wp:featuredmedia":[{"embeddable":true,"href":"https:\/\/www.billigtrikotde.com\/it\/wp-json\/wp\/v2\/media\/18403"}],"wp:attachment":[{"href":"https:\/\/www.billigtrikotde.com\/it\/wp-json\/wp\/v2\/media?parent=18358"}],"wp:term":[{"taxonomy":"product_brand","embeddable":true,"href":"https:\/\/www.billigtrikotde.com\/it\/wp-json\/wp\/v2\/product_brand?post=18358"},{"taxonomy":"product_cat","embeddable":true,"href":"https:\/\/www.billigtrikotde.com\/it\/wp-json\/wp\/v2\/product_cat?post=18358"},{"taxonomy":"product_tag","embeddable":true,"href":"https:\/\/www.billigtrikotde.com\/it\/wp-json\/wp\/v2\/product_tag?post=18358"}],"curies":[{"name":"wp","href":"https:\/\/api.w.org\/{rel}","templated":true}]}}