{"id":18100,"date":"2024-10-24T10:16:20","date_gmt":"2024-10-24T08:16:20","guid":{"rendered":"http:\/\/billigtrikots.com\/?post_type=product&#038;p=18100"},"modified":"2024-10-24T10:19:30","modified_gmt":"2024-10-24T08:19:30","slug":"kinder-set-england-euro-2024-heimtrikot-em-24-25-personalisierbar","status":"publish","type":"product","link":"https:\/\/www.billigtrikotde.com\/it\/kinder-set-england-euro-2024-heimtrikot-em-24-25-personalisierbar\/","title":{"rendered":"Set bambini Inghilterra EURO 2024 Maglia Home EM 24-25 Personalizzabile"},"content":{"rendered":"<p>La maglia dell'Inghilterra per Euro 2024 rappresenta un grande cambiamento rispetto alle precedenti maglie home dell'Inghilterra. La maglia da calcio dell'Inghilterra 2024 combina il classico bianco del Paese con un blu navy scuro e dettagli maroon\/rosso chiaro. Utilizziamo un colletto appositamente costruito che \u00e8 una combinazione di un classico colletto a V e di un colletto a polo - \u00e8 un colletto a polo a \"falsa V\". I polsini della maglia home di Inghilterra 2024 presentano una striscia a tinta unita blu navy\/rosso chiaro\/marrone.<\/p>","protected":false},"excerpt":{"rendered":"<p>Das England Euro 2024 Trikot ist eine starke Ver\u00e4nderung gegen\u00fcber den bisherigen England Heimtrikots. Das England 2024 Fu\u00dfballtrikot kombiniert das klassische Wei\u00df des Landes mit einem dunklen Marineblau und kastanienbraunen\/hellroten Details.We verwendet einen speziell konstruierten Kragen, der eine Kombination aus einem klassischen V-Kragen und einem Polokragen ist &#8211; es ist ein &#8222;falscher V-Polokragen&#8220;. Die \u00c4rmelb\u00fcndchen [&hellip;]<\/p>","protected":false},"featured_media":18146,"comment_status":"open","ping_status":"closed","template":"","meta":[],"product_brand":[],"product_cat":[1096,1072],"product_tag":[20,1076,1077,1097,21,22,23,24],"class_list":{"0":"post-18100","1":"product","2":"type-product","3":"status-publish","4":"has-post-thumbnail","6":"product_cat-em-2024-england","7":"product_cat-em-2024-trikots","8":"product_tag-coole-fussballtrikots","9":"product_tag-em-2024-trikot","10":"product_tag-em-2024-trikot-herren","11":"product_tag-england-trikot-em-2024","12":"product_tag-fussballtrikot-fuer-herren","13":"product_tag-fussballtrikot-guenstig-kaufen","14":"product_tag-fussballtrikot-kurzarm","15":"product_tag-guenstiges-fussballtrikot","17":"first","18":"instock","19":"shipping-taxable","20":"purchasable","21":"product-type-variable"},"_links":{"self":[{"href":"https:\/\/www.billigtrikotde.com\/it\/wp-json\/wp\/v2\/product\/18100","targetHints":{"allow":["GET"]}}],"collection":[{"href":"https:\/\/www.billigtrikotde.com\/it\/wp-json\/wp\/v2\/product"}],"about":[{"href":"https:\/\/www.billigtrikotde.com\/it\/wp-json\/wp\/v2\/types\/product"}],"replies":[{"embeddable":true,"href":"https:\/\/www.billigtrikotde.com\/it\/wp-json\/wp\/v2\/comments?post=18100"}],"wp:featuredmedia":[{"embeddable":true,"href":"https:\/\/www.billigtrikotde.com\/it\/wp-json\/wp\/v2\/media\/18146"}],"wp:attachment":[{"href":"https:\/\/www.billigtrikotde.com\/it\/wp-json\/wp\/v2\/media?parent=18100"}],"wp:term":[{"taxonomy":"product_brand","embeddable":true,"href":"https:\/\/www.billigtrikotde.com\/it\/wp-json\/wp\/v2\/product_brand?post=18100"},{"taxonomy":"product_cat","embeddable":true,"href":"https:\/\/www.billigtrikotde.com\/it\/wp-json\/wp\/v2\/product_cat?post=18100"},{"taxonomy":"product_tag","embeddable":true,"href":"https:\/\/www.billigtrikotde.com\/it\/wp-json\/wp\/v2\/product_tag?post=18100"}],"curies":[{"name":"wp","href":"https:\/\/api.w.org\/{rel}","templated":true}]}}