{"id":17981,"date":"2024-10-24T10:10:23","date_gmt":"2024-10-24T08:10:23","guid":{"rendered":"http:\/\/billigtrikots.com\/?post_type=product&#038;p=17981"},"modified":"2024-10-24T10:12:38","modified_gmt":"2024-10-24T08:12:38","slug":"italien-euro-2024-auswaertstrikot-em-24-weiss-kurzarm-nicolo-barella-18","status":"publish","type":"product","link":"https:\/\/www.billigtrikotde.com\/it\/italien-euro-2024-auswaertstrikot-em-24-weiss-kurzarm-nicolo-barella-18\/","title":{"rendered":"Italia Euro 2024 away kit EM 24 bianco manica corta Nicolo Barella 18"},"content":{"rendered":"<p>La maglia da trasferta dell'Italia 2024 combina un colore di base bianco con loghi blu. La maglia da trasferta dell'Italia 2024 si ispira alla maglia della Coppa del Mondo Team Spirit 2006 e presenta un design a pannelli di tre colori che rappresentano la bandiera italiana: verde, bianco e rosso. Il materiale della maglia presenta una tecnica di ventilazione a forma di lettera \"I\" dell'Italia. Questo \u00e8 probabilmente disponibile solo sul materiale Heat.Rdy di alta qualit\u00e0.<\/p>\n<p>Suggerimenti per la stampa: Se il nome e il numero dell'immagine sono esattamente quelli desiderati, non \u00e8 necessario inserirli nuovamente. In caso contrario, \u00e8 necessario inserire il nome e il numero desiderati.<\/p>\n<p>Consigli per il lavaggio: Si consiglia di lavare le magliette da calcio a mano. Se si desidera utilizzare la lavatrice, ricordarsi di capovolgere le magliette da calcio e poi lavarle. Riempire la macchina con acqua fredda e utilizzare un ciclo delicato per proteggere meglio i colori.<\/p>","protected":false},"excerpt":{"rendered":"<p>Das Italien 2024 Ausw\u00e4rtstrikot kombiniert eine wei\u00dfe Grundfarbe mit blauen Logos. Was das Italien 2024 Ausw\u00e4rtstrikot auszeichnet, sind die Paneele auf beiden Seiten.Das Italien 2024 Ausw\u00e4rtstrikot ist vom Teamgeist WM-Trikot 2006 inspiriert und hat ein dreifarbiges Panel-Design, das die italienische Flagge darstellt &#8211; gr\u00fcn, wei\u00df und rot.Abgesehen von dem Seitenstreifen ist das Italien 2024 Ausw\u00e4rtstrikot [&hellip;]<\/p>","protected":false},"featured_media":18023,"comment_status":"open","ping_status":"closed","template":"","meta":[],"product_brand":[],"product_cat":[1081,1072],"product_tag":[20,1076,1077,22,426,24,1082],"class_list":{"0":"post-17981","1":"product","2":"type-product","3":"status-publish","4":"has-post-thumbnail","6":"product_cat-em-2024-italien","7":"product_cat-em-2024-trikots","8":"product_tag-coole-fussballtrikots","9":"product_tag-em-2024-trikot","10":"product_tag-em-2024-trikot-herren","11":"product_tag-fussballtrikot-guenstig-kaufen","12":"product_tag-fussballtrikots-kurzarm","13":"product_tag-guenstiges-fussballtrikot","14":"product_tag-italien-trikot-em-2024","16":"first","17":"instock","18":"shipping-taxable","19":"purchasable","20":"product-type-variable"},"_links":{"self":[{"href":"https:\/\/www.billigtrikotde.com\/it\/wp-json\/wp\/v2\/product\/17981","targetHints":{"allow":["GET"]}}],"collection":[{"href":"https:\/\/www.billigtrikotde.com\/it\/wp-json\/wp\/v2\/product"}],"about":[{"href":"https:\/\/www.billigtrikotde.com\/it\/wp-json\/wp\/v2\/types\/product"}],"replies":[{"embeddable":true,"href":"https:\/\/www.billigtrikotde.com\/it\/wp-json\/wp\/v2\/comments?post=17981"}],"wp:featuredmedia":[{"embeddable":true,"href":"https:\/\/www.billigtrikotde.com\/it\/wp-json\/wp\/v2\/media\/18023"}],"wp:attachment":[{"href":"https:\/\/www.billigtrikotde.com\/it\/wp-json\/wp\/v2\/media?parent=17981"}],"wp:term":[{"taxonomy":"product_brand","embeddable":true,"href":"https:\/\/www.billigtrikotde.com\/it\/wp-json\/wp\/v2\/product_brand?post=17981"},{"taxonomy":"product_cat","embeddable":true,"href":"https:\/\/www.billigtrikotde.com\/it\/wp-json\/wp\/v2\/product_cat?post=17981"},{"taxonomy":"product_tag","embeddable":true,"href":"https:\/\/www.billigtrikotde.com\/it\/wp-json\/wp\/v2\/product_tag?post=17981"}],"curies":[{"name":"wp","href":"https:\/\/api.w.org\/{rel}","templated":true}]}}