{"id":17906,"date":"2024-10-24T10:06:20","date_gmt":"2024-10-24T08:06:20","guid":{"rendered":"http:\/\/billigtrikots.com\/?post_type=product&#038;p=17906"},"modified":"2024-10-24T10:09:02","modified_gmt":"2024-10-24T08:09:02","slug":"deutschland-trikot-kinder-dfb-em-2024-heimtrikot-euro-24-weiss-shirt-set-thomas-muller-13","status":"publish","type":"product","link":"https:\/\/www.billigtrikotde.com\/it\/deutschland-trikot-kinder-dfb-em-2024-heimtrikot-euro-24-weiss-shirt-set-thomas-muller-13\/","title":{"rendered":"Germania Camicia Bambini DFB EM 2024 Home Shirt Euro 24 white Shirt Set Thomas Muller 13"},"content":{"rendered":"<p>Le prime immagini della maglia mostrano la maglia di Germania Euro 2024 nei tradizionali colori bianco e nero, con pantaloncini e calzettoni bianchi. Per le maglie della Germania vengono sempre creati disegni unici, questa volta ispirati alle maglie della DFB dei Mondiali del 1994 con i diamanti in nero, rosso e oro, e le maglie home di Germania Euro 2024 sono dotate di un piccolo dettaglio nascosto. All'interno del colletto c'\u00e8 il motivo della bandiera, che si pu\u00f2 vedere anche sulle maniche.La maglia Germania 2024 ha un design moderno ed eccezionale. Naturalmente \u00e8 principalmente bianca, il che \u00e8 ancora pi\u00f9 interessante, e le maniche presentano il gradiente di tre colori della bandiera tedesca, con tre strisce bianche in cima e un effetto ispirato alla Coppa del Mondo del 1994. La parte anteriore della maglia home di Germania Euro 2024 presenta un motivo costituito dal logo della DFB. Anche questo motivo \u00e8 ispirato alla maglia dei Mondiali del 1994.<\/p>\n<p>Suggerimenti per la stampa: Se il nome e il numero dell'immagine sono esattamente quelli desiderati, non \u00e8 necessario inserirli nuovamente. In caso contrario, \u00e8 necessario inserire il nome e il numero desiderati.<\/p>\n<p>Consigli per il lavaggio: Si consiglia di lavare le magliette da calcio a mano. Se si desidera utilizzare la lavatrice, ricordarsi di capovolgere le magliette da calcio e poi lavarle. Riempire la macchina con acqua fredda e utilizzare un ciclo delicato per proteggere meglio i colori.<\/p>","protected":false},"excerpt":{"rendered":"<p>Die ersten Trikot Leaks zeigen das Deutschland EM Trikot 2024 wieder in traditionellen Farben Wei\u00df und Schwarz, mit wei\u00dfer Hose und Stutzen. F\u00fcr die Deutschland Trikots werden immer einzigartige Designs entworfen, dieses Mal orientiert sich man an den DFB Trikots der WM 1994 mit den Rauten in schwarz-rot-gold.Die Deutschland Euro 2024 Heimtrikots kommt mit einem [&hellip;]<\/p>","protected":false},"featured_media":17945,"comment_status":"open","ping_status":"closed","template":"","meta":[],"product_brand":[],"product_cat":[1073,1072],"product_tag":[20,1074,1075,1076,1078,22,396,24],"class_list":{"0":"post-17906","1":"product","2":"type-product","3":"status-publish","4":"has-post-thumbnail","6":"product_cat-em-2024-deutschland","7":"product_cat-em-2024-trikots","8":"product_tag-coole-fussballtrikots","9":"product_tag-deutschland-trikot-em-2024","10":"product_tag-dfb-em-trikots-2024","11":"product_tag-em-2024-trikot","12":"product_tag-em-2024-trikot-kinder","13":"product_tag-fussballtrikot-guenstig-kaufen","14":"product_tag-fussballtrikots-langarm","15":"product_tag-guenstiges-fussballtrikot","17":"first","18":"instock","19":"shipping-taxable","20":"purchasable","21":"product-type-variable"},"_links":{"self":[{"href":"https:\/\/www.billigtrikotde.com\/it\/wp-json\/wp\/v2\/product\/17906","targetHints":{"allow":["GET"]}}],"collection":[{"href":"https:\/\/www.billigtrikotde.com\/it\/wp-json\/wp\/v2\/product"}],"about":[{"href":"https:\/\/www.billigtrikotde.com\/it\/wp-json\/wp\/v2\/types\/product"}],"replies":[{"embeddable":true,"href":"https:\/\/www.billigtrikotde.com\/it\/wp-json\/wp\/v2\/comments?post=17906"}],"wp:featuredmedia":[{"embeddable":true,"href":"https:\/\/www.billigtrikotde.com\/it\/wp-json\/wp\/v2\/media\/17945"}],"wp:attachment":[{"href":"https:\/\/www.billigtrikotde.com\/it\/wp-json\/wp\/v2\/media?parent=17906"}],"wp:term":[{"taxonomy":"product_brand","embeddable":true,"href":"https:\/\/www.billigtrikotde.com\/it\/wp-json\/wp\/v2\/product_brand?post=17906"},{"taxonomy":"product_cat","embeddable":true,"href":"https:\/\/www.billigtrikotde.com\/it\/wp-json\/wp\/v2\/product_cat?post=17906"},{"taxonomy":"product_tag","embeddable":true,"href":"https:\/\/www.billigtrikotde.com\/it\/wp-json\/wp\/v2\/product_tag?post=17906"}],"curies":[{"name":"wp","href":"https:\/\/api.w.org\/{rel}","templated":true}]}}