{"id":17258,"date":"2024-10-24T09:31:33","date_gmt":"2024-10-24T07:31:33","guid":{"rendered":"http:\/\/billigtrikots.com\/?post_type=product&#038;p=17258"},"modified":"2025-10-16T16:02:10","modified_gmt":"2025-10-16T14:02:10","slug":"herren-fussballtrikots-set-real-madrid-2023-24-drittes-trikot-lucas-vazquez-17","status":"publish","type":"product","link":"https:\/\/www.billigtrikotde.com\/it\/herren-fussballtrikots-set-real-madrid-2023-24-drittes-trikot-lucas-vazquez-17\/","title":{"rendered":"Set di maglie da calcio da uomo Real Madrid 2023-24 Terza maglia Lucas Vazquez 17"},"content":{"rendered":"<p>La terza maglia del Real 2023-2024 combina un colore di base nero con un giallo oro come secondo colore. Si tratta dello stesso giallo Prevolved utilizzato per le maglie del Real Madrid 2023-2024 in casa e in trasferta, mentre il terzo colore della maglia del Real 2023-2024 \u00e8 il \"Carbonio\", utilizzato, come prevedibile, per le tre strisce.<\/p>\n<p>Un'altra novit\u00e0 della terza maglia del Real Madrid 2023-2024 \u00e8 che ci sar\u00e0 un'edizione speciale \"Lifestyler\". La versione Lifestyler della terza maglia del Real Madrid 2023-24 \u00e8 priva del logo dello sponsor, con un logo diverso e un tessuto e un taglio differenti.<\/p>\n<p>Suggerimenti per la stampa: Se il nome e il numero dell'immagine sono esattamente quelli desiderati, non \u00e8 necessario inserirli nuovamente. In caso contrario, \u00e8 necessario inserire il nome e il numero desiderati.<\/p>\n<p>Consigli per il lavaggio: Si consiglia di lavare le magliette da calcio a mano. Se si desidera utilizzare la lavatrice, ricordarsi di capovolgere le magliette da calcio e poi lavarle. Riempire la macchina con acqua fredda e utilizzare un ciclo delicato per proteggere meglio i colori.<\/p>","protected":false},"excerpt":{"rendered":"<p>La terza maglia del Real 2023-2024 combina un colore di base nero con un giallo oro come secondo colore. Si tratta dello stesso giallo Prevolved utilizzato per le maglie del Real Madrid 2023-2024 in casa e in trasferta, mentre il terzo colore della maglia del Real 2023-2024 \u00e8 il \"Carbonio\", utilizzato, come prevedibile, per le tre strisce.<\/p>","protected":false},"featured_media":17297,"comment_status":"open","ping_status":"closed","template":"","meta":[],"product_brand":[],"product_cat":[45],"product_tag":[574,21,23,228,24,489,490,979,47],"class_list":{"0":"post-17258","1":"product","2":"type-product","3":"status-publish","4":"has-post-thumbnail","6":"product_cat-real-madrid","7":"product_tag-fussballtrikot-deutschland","8":"product_tag-fussballtrikot-fuer-herren","9":"product_tag-fussballtrikot-kurzarm","10":"product_tag-guenstige-fussballtrikot","11":"product_tag-guenstiges-fussballtrikot","12":"product_tag-real-madrid-fussballtrikot","13":"product_tag-real-madrid-trikot","14":"product_tag-real-madrid-trikot-2024","15":"product_tag-real-madrid-trikots","17":"first","18":"instock","19":"shipping-taxable","20":"purchasable","21":"product-type-variable"},"_links":{"self":[{"href":"https:\/\/www.billigtrikotde.com\/it\/wp-json\/wp\/v2\/product\/17258","targetHints":{"allow":["GET"]}}],"collection":[{"href":"https:\/\/www.billigtrikotde.com\/it\/wp-json\/wp\/v2\/product"}],"about":[{"href":"https:\/\/www.billigtrikotde.com\/it\/wp-json\/wp\/v2\/types\/product"}],"replies":[{"embeddable":true,"href":"https:\/\/www.billigtrikotde.com\/it\/wp-json\/wp\/v2\/comments?post=17258"}],"wp:featuredmedia":[{"embeddable":true,"href":"https:\/\/www.billigtrikotde.com\/it\/wp-json\/wp\/v2\/media\/17297"}],"wp:attachment":[{"href":"https:\/\/www.billigtrikotde.com\/it\/wp-json\/wp\/v2\/media?parent=17258"}],"wp:term":[{"taxonomy":"product_brand","embeddable":true,"href":"https:\/\/www.billigtrikotde.com\/it\/wp-json\/wp\/v2\/product_brand?post=17258"},{"taxonomy":"product_cat","embeddable":true,"href":"https:\/\/www.billigtrikotde.com\/it\/wp-json\/wp\/v2\/product_cat?post=17258"},{"taxonomy":"product_tag","embeddable":true,"href":"https:\/\/www.billigtrikotde.com\/it\/wp-json\/wp\/v2\/product_tag?post=17258"}],"curies":[{"name":"wp","href":"https:\/\/api.w.org\/{rel}","templated":true}]}}