{"id":17040,"date":"2024-10-24T09:18:15","date_gmt":"2024-10-24T07:18:15","guid":{"rendered":"http:\/\/billigtrikots.com\/?post_type=product&#038;p=17040"},"modified":"2025-06-09T04:41:58","modified_gmt":"2025-06-09T02:41:58","slug":"guenstige-fussballtrikots-arsenal-23-24-drittes-trikot-dunkelgruen-gabriel-jesus-9","status":"publish","type":"product","link":"https:\/\/www.billigtrikotde.com\/it\/guenstige-fussballtrikots-arsenal-23-24-drittes-trikot-dunkelgruen-gabriel-jesus-9\/","title":{"rendered":"Magliette calcio a buon mercato Arsenal 23-24 Terza Maglia Verde Scuro Gabriel Jesus 9"},"content":{"rendered":"<p>La terza maglia dell'Arsenal 23-24 \u00e8 \"verde scuro\" con maniche blu navy, come nel caso dell'originale Umbro\".<\/p>\n<p>Suggerimenti per la stampa: Se il nome e il numero dell'immagine sono esattamente quelli desiderati, non \u00e8 necessario inserirli nuovamente. In caso contrario, \u00e8 necessario inserire il nome e il numero desiderati.<\/p>\n<p>Consigli per il lavaggio: Si consiglia di lavare le magliette da calcio a mano. Se si desidera utilizzare la lavatrice, ricordarsi di capovolgere le magliette da calcio e poi lavarle. Riempire la macchina con acqua fredda e utilizzare un ciclo delicato per proteggere meglio i colori.<\/p>","protected":false},"excerpt":{"rendered":"<p>Das Arsenal 23-24 Dritte Trikot ist \u201eDunkelgr\u00fcn\u201c mit marineblauen \u00c4rmeln, wie es beim Umbro-Original der Fall war\u201c. Tipps zum Drucken: Wenn der Name und die Nummer auf dem Bild genau Ihren W\u00fcnschen entsprechen, m\u00fcssen Sie sie nicht erneut eingeben. Wenn nicht, sollten Sie Ihren gew\u00fcnschten Namen und Ihre Nummer eingeben. Tipps zum Waschen: Es wird [&hellip;]<\/p>","protected":false},"featured_media":17079,"comment_status":"open","ping_status":"closed","template":"","meta":[],"product_brand":[],"product_cat":[55],"product_tag":[584,907,609,610,1007,21,23,24,585,1006],"class_list":{"0":"post-17040","1":"product","2":"type-product","3":"status-publish","4":"has-post-thumbnail","6":"product_cat-arsenal","7":"product_tag-arsenal-2023-24-trikot","8":"product_tag-arsenal-23-24-drittes-trikot","9":"product_tag-arsenal-fussballtrikot","10":"product_tag-arsenal-trikot","11":"product_tag-arsenal-trikot-2024","12":"product_tag-fussballtrikot-fuer-herren","13":"product_tag-fussballtrikot-kurzarm","14":"product_tag-guenstiges-fussballtrikot","15":"product_tag-herren-fussballtrikot","16":"product_tag-trikot-24-25","18":"first","19":"instock","20":"shipping-taxable","21":"purchasable","22":"product-type-variable"},"_links":{"self":[{"href":"https:\/\/www.billigtrikotde.com\/it\/wp-json\/wp\/v2\/product\/17040","targetHints":{"allow":["GET"]}}],"collection":[{"href":"https:\/\/www.billigtrikotde.com\/it\/wp-json\/wp\/v2\/product"}],"about":[{"href":"https:\/\/www.billigtrikotde.com\/it\/wp-json\/wp\/v2\/types\/product"}],"replies":[{"embeddable":true,"href":"https:\/\/www.billigtrikotde.com\/it\/wp-json\/wp\/v2\/comments?post=17040"}],"wp:featuredmedia":[{"embeddable":true,"href":"https:\/\/www.billigtrikotde.com\/it\/wp-json\/wp\/v2\/media\/17079"}],"wp:attachment":[{"href":"https:\/\/www.billigtrikotde.com\/it\/wp-json\/wp\/v2\/media?parent=17040"}],"wp:term":[{"taxonomy":"product_brand","embeddable":true,"href":"https:\/\/www.billigtrikotde.com\/it\/wp-json\/wp\/v2\/product_brand?post=17040"},{"taxonomy":"product_cat","embeddable":true,"href":"https:\/\/www.billigtrikotde.com\/it\/wp-json\/wp\/v2\/product_cat?post=17040"},{"taxonomy":"product_tag","embeddable":true,"href":"https:\/\/www.billigtrikotde.com\/it\/wp-json\/wp\/v2\/product_tag?post=17040"}],"curies":[{"name":"wp","href":"https:\/\/api.w.org\/{rel}","templated":true}]}}