{"id":166,"date":"2024-10-23T12:07:58","date_gmt":"2024-10-23T10:07:58","guid":{"rendered":"http:\/\/billigtrikots.com\/?post_type=product&#038;p=166"},"modified":"2024-10-23T12:10:01","modified_gmt":"2024-10-23T10:10:01","slug":"herren-fc-barcelona-2021-22-heimtrikot-blau-rot-mit-aufdruck-cruyff-14","status":"publish","type":"product","link":"https:\/\/www.billigtrikotde.com\/it\/herren-fc-barcelona-2021-22-heimtrikot-blau-rot-mit-aufdruck-cruyff-14\/","title":{"rendered":"Maglia FC Barcelona 2021\/22 da uomo blu\/rosso con stampa CRUYFF 14"},"content":{"rendered":"<p>Sostenete il vostro club nella stagione 2021\/2022 e mostrate il vostro orgoglio con la maglia home replica ufficiale dell'FC Barcelona. Il design autentico della maglia home da uomo \u00e8 basato sulle maglie dei giocatori professionisti. Il materiale funzionale riciclato 100 % con tecnologia Nike Dri-FIT \u00e8 particolarmente traspirante e garantisce una sensazione di freschezza. I dettagli autentici della squadra, come lo stemma del club sul petto, sottolineano il vostro entusiasmo per il Barca, sia in campo che per strada.<\/p>\n<p>Suggerimenti per la stampa: Se il nome e il numero dell'immagine sono esattamente quelli desiderati, non \u00e8 necessario inserirli nuovamente. In caso contrario, \u00e8 necessario inserire il nome e il numero desiderati.<\/p>\n<p>Consigli per il lavaggio: Si consiglia di lavare le magliette da calcio a mano. Se si desidera utilizzare la lavatrice, ricordarsi di capovolgere le magliette da calcio e poi lavarle. Riempire la macchina con acqua fredda e utilizzare un ciclo delicato per proteggere meglio i colori.<\/p>","protected":false},"excerpt":{"rendered":"<p>Unterst\u00fctze deinen Verein in der Saison 2021\/2022 und zeige deinen Stolz im offiziellen FC Barcelona Replica Heimtrikot. Das authentische Design des Home Jerseys f\u00fcr Herren basiert auf den Spieltrikots der Profis. Das zu 100 % recycelte Funktionsmaterial mit Nike Dri-FIT-Technologie ist besonders atmungsaktiv und sorgt f\u00fcr ein k\u00fchles Tragegef\u00fchl. Authentische Teamdetails wie das Vereinswappen auf [&hellip;]<\/p>","protected":false},"featured_media":202,"comment_status":"open","ping_status":"closed","template":"","meta":[],"product_brand":[],"product_cat":[31],"product_tag":[32,20,33,21,22,23,24],"class_list":{"0":"post-166","1":"product","2":"type-product","3":"status-publish","4":"has-post-thumbnail","6":"product_cat-fc-barcelona","7":"product_tag-barcelona-heimtrikot","8":"product_tag-coole-fussballtrikots","9":"product_tag-fc-barcelona-trikots","10":"product_tag-fussballtrikot-fuer-herren","11":"product_tag-fussballtrikot-guenstig-kaufen","12":"product_tag-fussballtrikot-kurzarm","13":"product_tag-guenstiges-fussballtrikot","15":"first","16":"instock","17":"shipping-taxable","18":"purchasable","19":"product-type-variable"},"_links":{"self":[{"href":"https:\/\/www.billigtrikotde.com\/it\/wp-json\/wp\/v2\/product\/166","targetHints":{"allow":["GET"]}}],"collection":[{"href":"https:\/\/www.billigtrikotde.com\/it\/wp-json\/wp\/v2\/product"}],"about":[{"href":"https:\/\/www.billigtrikotde.com\/it\/wp-json\/wp\/v2\/types\/product"}],"replies":[{"embeddable":true,"href":"https:\/\/www.billigtrikotde.com\/it\/wp-json\/wp\/v2\/comments?post=166"}],"wp:featuredmedia":[{"embeddable":true,"href":"https:\/\/www.billigtrikotde.com\/it\/wp-json\/wp\/v2\/media\/202"}],"wp:attachment":[{"href":"https:\/\/www.billigtrikotde.com\/it\/wp-json\/wp\/v2\/media?parent=166"}],"wp:term":[{"taxonomy":"product_brand","embeddable":true,"href":"https:\/\/www.billigtrikotde.com\/it\/wp-json\/wp\/v2\/product_brand?post=166"},{"taxonomy":"product_cat","embeddable":true,"href":"https:\/\/www.billigtrikotde.com\/it\/wp-json\/wp\/v2\/product_cat?post=166"},{"taxonomy":"product_tag","embeddable":true,"href":"https:\/\/www.billigtrikotde.com\/it\/wp-json\/wp\/v2\/product_tag?post=166"}],"curies":[{"name":"wp","href":"https:\/\/api.w.org\/{rel}","templated":true}]}}