{"id":1639,"date":"2024-10-23T13:39:09","date_gmt":"2024-10-23T11:39:09","guid":{"rendered":"http:\/\/billigtrikots.com\/?post_type=product&#038;p=1639"},"modified":"2025-06-16T16:04:13","modified_gmt":"2025-06-16T14:04:13","slug":"juventus-wojciech-szczesny-1-herren-2022-heimtrikot-langarm-kurze-hosen","status":"publish","type":"product","link":"https:\/\/www.billigtrikotde.com\/it\/juventus-wojciech-szczesny-1-herren-2022-heimtrikot-langarm-kurze-hosen\/","title":{"rendered":"Juventus Wojciech Szczesny #1 Uomo 2022 Home Shirt Manica Lunga + Pantaloncini"},"content":{"rendered":"<p>Un omaggio al suo grande stadio. La maglia adidas Juventus celebra il 10\u00b0 anniversario del celebre Allianz Stadium. Le stelle che dominano il design dell'edificio si riflettono nelle leggendarie strisce nere e reinventano un look classico. La maglia \u00e8 stata progettata per offrire il massimo comfort ai tifosi. \u00c8 realizzata in tessuto morbido e dotata della tecnologia traspirante AEROREADY.<\/p>\n<p>Suggerimenti per la stampa: Se il nome e il numero dell'immagine sono esattamente quelli desiderati, non \u00e8 necessario inserirli nuovamente. In caso contrario, \u00e8 necessario inserire il nome e il numero desiderati.<\/p>\n<p>Maglie personalizzate, escluso reso e cambio. Per le maglie personalizzate, i tempi di consegna si allungano di 1-2 giorni lavorativi. Le modifiche successive non sono possibili. Nessuna stampa originale<\/p>\n<p>Consigli per il lavaggio: Si consiglia di lavare le magliette da calcio a mano. Se si desidera utilizzare la lavatrice, ricordarsi di capovolgere le magliette da calcio e poi lavarle. Riempire la macchina con acqua fredda e utilizzare un ciclo delicato per proteggere meglio i colori.<\/p>","protected":false},"excerpt":{"rendered":"<p>Eine Hommage an sein gro\u00dfartiges Stadion. Das adidas Juventus-Trikot feiert das 10-j\u00e4hrige Bestehen des kultigen Allianz Stadions. Die Sterne, die das Design des Geb\u00e4udes dominieren, spiegeln sich in den legend\u00e4ren schwarzen Streifen wider und erfinden einen klassischen Look neu. Das Shirt wurde entwickelt, um maximalen Komfort f\u00fcr Fans zu bieten. Es ist aus weichem Stoff [&hellip;]<\/p>","protected":false},"featured_media":1678,"comment_status":"open","ping_status":"closed","template":"","meta":[],"product_brand":[],"product_cat":[59],"product_tag":[20,38,21,24,60,61],"class_list":{"0":"post-1639","1":"product","2":"type-product","3":"status-publish","4":"has-post-thumbnail","6":"product_cat-juventus","7":"product_tag-coole-fussballtrikots","8":"product_tag-fussball-trikot-langarm","9":"product_tag-fussballtrikot-fuer-herren","10":"product_tag-guenstiges-fussballtrikot","11":"product_tag-juventus-heimtrikot","12":"product_tag-juventus-trikots","14":"first","15":"instock","16":"shipping-taxable","17":"purchasable","18":"product-type-variable"},"_links":{"self":[{"href":"https:\/\/www.billigtrikotde.com\/it\/wp-json\/wp\/v2\/product\/1639","targetHints":{"allow":["GET"]}}],"collection":[{"href":"https:\/\/www.billigtrikotde.com\/it\/wp-json\/wp\/v2\/product"}],"about":[{"href":"https:\/\/www.billigtrikotde.com\/it\/wp-json\/wp\/v2\/types\/product"}],"replies":[{"embeddable":true,"href":"https:\/\/www.billigtrikotde.com\/it\/wp-json\/wp\/v2\/comments?post=1639"}],"wp:featuredmedia":[{"embeddable":true,"href":"https:\/\/www.billigtrikotde.com\/it\/wp-json\/wp\/v2\/media\/1678"}],"wp:attachment":[{"href":"https:\/\/www.billigtrikotde.com\/it\/wp-json\/wp\/v2\/media?parent=1639"}],"wp:term":[{"taxonomy":"product_brand","embeddable":true,"href":"https:\/\/www.billigtrikotde.com\/it\/wp-json\/wp\/v2\/product_brand?post=1639"},{"taxonomy":"product_cat","embeddable":true,"href":"https:\/\/www.billigtrikotde.com\/it\/wp-json\/wp\/v2\/product_cat?post=1639"},{"taxonomy":"product_tag","embeddable":true,"href":"https:\/\/www.billigtrikotde.com\/it\/wp-json\/wp\/v2\/product_tag?post=1639"}],"curies":[{"name":"wp","href":"https:\/\/api.w.org\/{rel}","templated":true}]}}