{"id":1629,"date":"2024-10-23T13:38:39","date_gmt":"2024-10-23T11:38:39","guid":{"rendered":"http:\/\/billigtrikots.com\/?post_type=product&#038;p=1629"},"modified":"2024-10-23T13:40:37","modified_gmt":"2024-10-23T11:40:37","slug":"guenstige-fussballtrikots-juventus-heimtrikot-2022-mit-aufdruck-higuain-21","status":"publish","type":"product","link":"https:\/\/www.billigtrikotde.com\/it\/guenstige-fussballtrikots-juventus-heimtrikot-2022-mit-aufdruck-higuain-21\/","title":{"rendered":"Maglie calcio economiche Juventus home shirt 2022 con stampa Higuain 21"},"content":{"rendered":"<p>Ispirato al 10\u00ba anniversario dello storico stadio Allianz del club, questa maglia casalinga Juventus 2021\/22 da uomo ha incorporato le stelle dell'edificio nel leggendario colore bianco e nero a strisce. \u00c8 realizzata in tessuto Primegreen liscio e leggero con tecnologia AEROREADY per assorbire il sudore. Presenta un colletto a V, maniche corte e dettagli a coste per ottimizzare la vestibilit\u00e0. Questa maglia con i caratteristici 3 strisce sulle spalle \u00e8 dotata dello stemma di Juventus e del logo Badge Of Sport ricamato sul petto.<\/p>\n<p>Suggerimenti per la stampa: Se il nome e il numero dell'immagine sono esattamente quelli desiderati, non \u00e8 necessario inserirli nuovamente. In caso contrario, \u00e8 necessario inserire il nome e il numero desiderati.<\/p>\n<p>Consigli per il lavaggio: Si consiglia di lavare le magliette da calcio a mano. Se si desidera utilizzare la lavatrice, ricordarsi di capovolgere le magliette da calcio e poi lavarle. Riempire la macchina con acqua fredda e utilizzare un ciclo delicato per proteggere meglio i colori.<\/p>","protected":false},"excerpt":{"rendered":"<p>Inspiriert vom 10-j\u00e4hrigen Jubil\u00e4um des legend\u00e4ren Allianz-Stadions des Clubs hat dieses Juventus 2021\/22 Heimtrikot f\u00fcr Herren die Stars des Geb\u00e4udes in die legend\u00e4re wei\u00df-schwarz gestreifte Farbe eingearbeitet. Es besteht aus glattem und leichtem Primegreen-Polygewebe mit AEROREADY-Technologie, um Schwei\u00df abzuleiten. Es verf\u00fcgt \u00fcber einen Kragen mit V-Ausschnitt, kurze \u00c4rmel und gerippte Verzierungen, um die Passform zu [&hellip;]<\/p>","protected":false},"featured_media":1666,"comment_status":"open","ping_status":"closed","template":"","meta":[],"product_brand":[],"product_cat":[59],"product_tag":[20,21,22,23,24,60,61],"class_list":{"0":"post-1629","1":"product","2":"type-product","3":"status-publish","4":"has-post-thumbnail","6":"product_cat-juventus","7":"product_tag-coole-fussballtrikots","8":"product_tag-fussballtrikot-fuer-herren","9":"product_tag-fussballtrikot-guenstig-kaufen","10":"product_tag-fussballtrikot-kurzarm","11":"product_tag-guenstiges-fussballtrikot","12":"product_tag-juventus-heimtrikot","13":"product_tag-juventus-trikots","15":"first","16":"instock","17":"shipping-taxable","18":"purchasable","19":"product-type-variable"},"_links":{"self":[{"href":"https:\/\/www.billigtrikotde.com\/it\/wp-json\/wp\/v2\/product\/1629","targetHints":{"allow":["GET"]}}],"collection":[{"href":"https:\/\/www.billigtrikotde.com\/it\/wp-json\/wp\/v2\/product"}],"about":[{"href":"https:\/\/www.billigtrikotde.com\/it\/wp-json\/wp\/v2\/types\/product"}],"replies":[{"embeddable":true,"href":"https:\/\/www.billigtrikotde.com\/it\/wp-json\/wp\/v2\/comments?post=1629"}],"wp:featuredmedia":[{"embeddable":true,"href":"https:\/\/www.billigtrikotde.com\/it\/wp-json\/wp\/v2\/media\/1666"}],"wp:attachment":[{"href":"https:\/\/www.billigtrikotde.com\/it\/wp-json\/wp\/v2\/media?parent=1629"}],"wp:term":[{"taxonomy":"product_brand","embeddable":true,"href":"https:\/\/www.billigtrikotde.com\/it\/wp-json\/wp\/v2\/product_brand?post=1629"},{"taxonomy":"product_cat","embeddable":true,"href":"https:\/\/www.billigtrikotde.com\/it\/wp-json\/wp\/v2\/product_cat?post=1629"},{"taxonomy":"product_tag","embeddable":true,"href":"https:\/\/www.billigtrikotde.com\/it\/wp-json\/wp\/v2\/product_tag?post=1629"}],"curies":[{"name":"wp","href":"https:\/\/api.w.org\/{rel}","templated":true}]}}