{"id":16180,"date":"2024-10-24T08:28:38","date_gmt":"2024-10-24T06:28:38","guid":{"rendered":"http:\/\/billigtrikots.com\/?post_type=product&#038;p=16180"},"modified":"2025-05-30T16:14:11","modified_gmt":"2025-05-30T14:14:11","slug":"herren-fussball-trikotsatz-manchester-united-2023-2024-drittes-trikot-rashford-10","status":"publish","type":"product","link":"https:\/\/www.billigtrikotde.com\/it\/herren-fussball-trikotsatz-manchester-united-2023-2024-drittes-trikot-rashford-10\/","title":{"rendered":"Kit Calcio Uomo Manchester United 2023-2024 Terza Maglia RASHFORD 10"},"content":{"rendered":"<p>La terza maglia del Manchester United 2023-2024 \u00e8 prevalentemente color crema con accenti rossi e la particolarit\u00e0 della terza maglia del Manchester United 2023-2024 \u00e8 che lo stemma del club \u00e8 stato sostituito dall'iconico emblema del diavolo rosso dello stemma del ManUtd. Questo cambiamento inaspettato aggiunge un elemento sorprendente e interessante alla terza maglia del Manchester United 23-24.<\/p>\n<p>Suggerimenti per la stampa: Se il nome e il numero dell'immagine sono esattamente quelli desiderati, non \u00e8 necessario inserirli nuovamente. In caso contrario, \u00e8 necessario inserire il nome e il numero desiderati.<\/p>\n<p>Consigli per il lavaggio: Si consiglia di lavare le magliette da calcio a mano. Se si desidera utilizzare la lavatrice, ricordarsi di capovolgere le magliette da calcio e poi lavarle. Riempire la macchina con acqua fredda e utilizzare un ciclo delicato per proteggere meglio i colori.<\/p>","protected":false},"excerpt":{"rendered":"<p>La terza maglia del Manchester United 2023-2024 \u00e8 per lo pi\u00f9 color crema con accenti rossi. La particolarit\u00e0 della terza maglia del Manchester United 2023-2024 \u00e8 che lo stemma societario \u00e8 stato sostituito con l'iconico emblema rosso del diavolo di ManUtd. Questo cambiamento inaspettato conferisce alla terza maglia del Manchester United 23-24 un elemento sorprendente e interessante. Suggerimenti per la stampa: Se il nome [\u2026]<\/p>","protected":false},"featured_media":16221,"comment_status":"open","ping_status":"closed","template":"","meta":[],"product_brand":[],"product_cat":[50],"product_tag":[20,574,21,23,24,900,672,673],"class_list":{"0":"post-16180","1":"product","2":"type-product","3":"status-publish","4":"has-post-thumbnail","6":"product_cat-manchester-united","7":"product_tag-coole-fussballtrikots","8":"product_tag-fussballtrikot-deutschland","9":"product_tag-fussballtrikot-fuer-herren","10":"product_tag-fussballtrikot-kurzarm","11":"product_tag-guenstiges-fussballtrikot","12":"product_tag-manchester-united-2023-2024-drittes-trikot","13":"product_tag-manchester-united-fussballtrikot","14":"product_tag-manchester-united-trikot","16":"first","17":"instock","18":"shipping-taxable","19":"purchasable","20":"product-type-variable"},"_links":{"self":[{"href":"https:\/\/www.billigtrikotde.com\/it\/wp-json\/wp\/v2\/product\/16180","targetHints":{"allow":["GET"]}}],"collection":[{"href":"https:\/\/www.billigtrikotde.com\/it\/wp-json\/wp\/v2\/product"}],"about":[{"href":"https:\/\/www.billigtrikotde.com\/it\/wp-json\/wp\/v2\/types\/product"}],"replies":[{"embeddable":true,"href":"https:\/\/www.billigtrikotde.com\/it\/wp-json\/wp\/v2\/comments?post=16180"}],"wp:featuredmedia":[{"embeddable":true,"href":"https:\/\/www.billigtrikotde.com\/it\/wp-json\/wp\/v2\/media\/16221"}],"wp:attachment":[{"href":"https:\/\/www.billigtrikotde.com\/it\/wp-json\/wp\/v2\/media?parent=16180"}],"wp:term":[{"taxonomy":"product_brand","embeddable":true,"href":"https:\/\/www.billigtrikotde.com\/it\/wp-json\/wp\/v2\/product_brand?post=16180"},{"taxonomy":"product_cat","embeddable":true,"href":"https:\/\/www.billigtrikotde.com\/it\/wp-json\/wp\/v2\/product_cat?post=16180"},{"taxonomy":"product_tag","embeddable":true,"href":"https:\/\/www.billigtrikotde.com\/it\/wp-json\/wp\/v2\/product_tag?post=16180"}],"curies":[{"name":"wp","href":"https:\/\/api.w.org\/{rel}","templated":true}]}}