{"id":15826,"date":"2024-10-24T08:09:30","date_gmt":"2024-10-24T06:09:30","guid":{"rendered":"http:\/\/billigtrikots.com\/?post_type=product&#038;p=15826"},"modified":"2024-10-24T08:11:46","modified_gmt":"2024-10-24T06:11:46","slug":"herren-fc-barcelona-23-24-drittes-trikot-blau-kurzarm-joao-felix-14","status":"publish","type":"product","link":"https:\/\/www.billigtrikotde.com\/it\/herren-fc-barcelona-23-24-drittes-trikot-blau-kurzarm-joao-felix-14\/","title":{"rendered":"Maglia FC Barcelona 23-24 Uomo terza maglia blu manica corta Joao Felix 14"},"content":{"rendered":"<p>La terza maglia del Barcellona 23-24 \u00e8 prevalentemente color menta (\"Light Aqua\"), abbinata al Blaugrana come elementi di design e al nero come colore del logo.Per quanto riguarda il modello, la terza maglia del Bar\u00e7a 23-24 \u00e8 snella. Utilizza lo stesso modello di varie squadre nazionali per la Coppa del Mondo femminile del 2023 e di altre squadre di club d'\u00e9lite 23-24 per i loro terzi kit.Due cose fanno risaltare la maglia del Barcellona 23-24: il tessuto e lo swoosh e lo stemma.I colori blaugrana del Barcellona (blu e rosso) sono tessuti nel tessuto della maglia del Barcellona 23-24, dandole un tocco speciale.<\/p>\n<p>Suggerimenti per la stampa: Se il nome e il numero dell'immagine sono esattamente quelli desiderati, non \u00e8 necessario inserirli nuovamente. In caso contrario, \u00e8 necessario inserire il nome e il numero desiderati.<\/p>\n<p>Consigli per il lavaggio: Si consiglia di lavare le magliette da calcio a mano. Se si desidera utilizzare la lavatrice, ricordarsi di capovolgere le magliette da calcio e poi lavarle. Riempire la macchina con acqua fredda e utilizzare un ciclo delicato per proteggere meglio i colori.<\/p>","protected":false},"excerpt":{"rendered":"<p>Das dritte Barcelona 23-24 Fu\u00dfball trikot ist \u00fcberwiegend mint (\u201eLight Aqua\u201c), kombiniert mit Blaugrana als Designelementen und Schwarz als Logofarbe.Was die Template betrifft, so ist das Bar\u00e7a 23-24 dritte Fu\u00dfballtrikot stromlinienf\u00f6rmig. Es verwendet die gleiche Template wie verschiedene Nationalmannschaften f\u00fcr die Frauen-WM 2023 und andere 23-24 Elite-Clubteams f\u00fcr ihre dritten Trikots.Zwei Dinge lassen das Barcelona [&hellip;]<\/p>","protected":false},"featured_media":15866,"comment_status":"open","ping_status":"closed","template":"","meta":[],"product_brand":[],"product_cat":[31],"product_tag":[703,20,863,33,574,426,24,803,804,805,806],"class_list":{"0":"post-15826","1":"product","2":"type-product","3":"status-publish","4":"has-post-thumbnail","6":"product_cat-fc-barcelona","7":"product_tag-barcelona-fussballtrikot","8":"product_tag-coole-fussballtrikots","9":"product_tag-fc-barcelona-neue-trikots","10":"product_tag-fc-barcelona-trikots","11":"product_tag-fussballtrikot-deutschland","12":"product_tag-fussballtrikots-kurzarm","13":"product_tag-guenstiges-fussballtrikot","14":"product_tag-joao-felix-babykleidung","15":"product_tag-joao-felix-fussballtrikot","16":"product_tag-joao-felix-kleidung-kinder","17":"product_tag-joao-felix-trikot-fuer-kinder","19":"first","20":"instock","21":"shipping-taxable","22":"purchasable","23":"product-type-variable"},"_links":{"self":[{"href":"https:\/\/www.billigtrikotde.com\/it\/wp-json\/wp\/v2\/product\/15826","targetHints":{"allow":["GET"]}}],"collection":[{"href":"https:\/\/www.billigtrikotde.com\/it\/wp-json\/wp\/v2\/product"}],"about":[{"href":"https:\/\/www.billigtrikotde.com\/it\/wp-json\/wp\/v2\/types\/product"}],"replies":[{"embeddable":true,"href":"https:\/\/www.billigtrikotde.com\/it\/wp-json\/wp\/v2\/comments?post=15826"}],"wp:featuredmedia":[{"embeddable":true,"href":"https:\/\/www.billigtrikotde.com\/it\/wp-json\/wp\/v2\/media\/15866"}],"wp:attachment":[{"href":"https:\/\/www.billigtrikotde.com\/it\/wp-json\/wp\/v2\/media?parent=15826"}],"wp:term":[{"taxonomy":"product_brand","embeddable":true,"href":"https:\/\/www.billigtrikotde.com\/it\/wp-json\/wp\/v2\/product_brand?post=15826"},{"taxonomy":"product_cat","embeddable":true,"href":"https:\/\/www.billigtrikotde.com\/it\/wp-json\/wp\/v2\/product_cat?post=15826"},{"taxonomy":"product_tag","embeddable":true,"href":"https:\/\/www.billigtrikotde.com\/it\/wp-json\/wp\/v2\/product_tag?post=15826"}],"curies":[{"name":"wp","href":"https:\/\/api.w.org\/{rel}","templated":true}]}}