{"id":1581,"date":"2024-10-23T13:36:32","date_gmt":"2024-10-23T11:36:32","guid":{"rendered":"http:\/\/billigtrikots.com\/?post_type=product&#038;p=1581"},"modified":"2024-10-23T13:38:30","modified_gmt":"2024-10-23T11:38:30","slug":"arsenal-heimtrikot-2022-chamberlain-15-herren-rot-kurzarm-kurze-hosen","status":"publish","type":"product","link":"https:\/\/www.billigtrikotde.com\/it\/arsenal-heimtrikot-2022-chamberlain-15-herren-rot-kurzarm-kurze-hosen\/","title":{"rendered":"Maglia casalinga Arsenal 2022 Chamberlain 15# Uomo rossa a manica corta + Pantaloncini corti"},"content":{"rendered":"<p>Du unterst\u00fctzt dein Team in guten wie in schlechten Zeiten mit dem schwei\u00dfableitenden Modell in Wei\u00df. Mit dem Trikot aus dem Hause a-didas kann man wirklich nichts falsch machen. Als echter FC Arsenal London-Fan brauchst du dieses Heim-Trikot, das die Spieler in der Premier League tragen. Es ist atmungsaktiv, super bequem und schwei\u00dfableitend. Bei diesem Sportshirt kannst du optisch auf das Vereinswappen auf der Brust z\u00e4hlen. Mit diesem Trikot kannst du noch leistungsf\u00e4higer werden und dich auf das n\u00e4chste Spiel vorbereiten.<\/p>\n<p>Suggerimenti per la stampa: Se il nome e il numero dell'immagine sono esattamente quelli desiderati, non \u00e8 necessario inserirli nuovamente. In caso contrario, \u00e8 necessario inserire il nome e il numero desiderati.<\/p>\n<p>Consigli per il lavaggio: Si consiglia di lavare le magliette da calcio a mano. Se si desidera utilizzare la lavatrice, ricordarsi di capovolgere le magliette da calcio e poi lavarle. Riempire la macchina con acqua fredda e utilizzare un ciclo delicato per proteggere meglio i colori.<\/p>","protected":false},"excerpt":{"rendered":"<p>Supporti la tua squadra nei momenti belli e brutti con il modello traspirante bianco. Con la maglia della casa di a-didas non puoi sbagliare. Come vero tifoso dell'Arsenal Londra, hai bisogno di questa maglia casalinga indossata dai giocatori in Premier League. \u00c8 traspirante, super comoda e assorbente. Con questa [\u2026]<\/p>","protected":false},"featured_media":1618,"comment_status":"open","ping_status":"closed","template":"","meta":[],"product_brand":[],"product_cat":[55],"product_tag":[20,57,21,22,23,54,24],"class_list":{"0":"post-1581","1":"product","2":"type-product","3":"status-publish","4":"has-post-thumbnail","6":"product_cat-arsenal","7":"product_tag-coole-fussballtrikots","8":"product_tag-fc-arsenal-trikots","9":"product_tag-fussballtrikot-fuer-herren","10":"product_tag-fussballtrikot-guenstig-kaufen","11":"product_tag-fussballtrikot-kurzarm","12":"product_tag-fussballtrikot-set","13":"product_tag-guenstiges-fussballtrikot","15":"first","16":"instock","17":"shipping-taxable","18":"purchasable","19":"product-type-variable"},"_links":{"self":[{"href":"https:\/\/www.billigtrikotde.com\/it\/wp-json\/wp\/v2\/product\/1581","targetHints":{"allow":["GET"]}}],"collection":[{"href":"https:\/\/www.billigtrikotde.com\/it\/wp-json\/wp\/v2\/product"}],"about":[{"href":"https:\/\/www.billigtrikotde.com\/it\/wp-json\/wp\/v2\/types\/product"}],"replies":[{"embeddable":true,"href":"https:\/\/www.billigtrikotde.com\/it\/wp-json\/wp\/v2\/comments?post=1581"}],"wp:featuredmedia":[{"embeddable":true,"href":"https:\/\/www.billigtrikotde.com\/it\/wp-json\/wp\/v2\/media\/1618"}],"wp:attachment":[{"href":"https:\/\/www.billigtrikotde.com\/it\/wp-json\/wp\/v2\/media?parent=1581"}],"wp:term":[{"taxonomy":"product_brand","embeddable":true,"href":"https:\/\/www.billigtrikotde.com\/it\/wp-json\/wp\/v2\/product_brand?post=1581"},{"taxonomy":"product_cat","embeddable":true,"href":"https:\/\/www.billigtrikotde.com\/it\/wp-json\/wp\/v2\/product_cat?post=1581"},{"taxonomy":"product_tag","embeddable":true,"href":"https:\/\/www.billigtrikotde.com\/it\/wp-json\/wp\/v2\/product_tag?post=1581"}],"curies":[{"name":"wp","href":"https:\/\/api.w.org\/{rel}","templated":true}]}}