{"id":15266,"date":"2024-10-24T07:39:36","date_gmt":"2024-10-24T05:39:36","guid":{"rendered":"http:\/\/billigtrikots.com\/?post_type=product&#038;p=15266"},"modified":"2025-06-09T04:42:20","modified_gmt":"2025-06-09T02:42:20","slug":"fussballtrikot-herren-sale-arsenal-2023-24-auswaertstrikot-gruen-gelbe-trikotsatz","status":"publish","type":"product","link":"https:\/\/www.billigtrikotde.com\/it\/fussballtrikot-herren-sale-arsenal-2023-24-auswaertstrikot-gruen-gelbe-trikotsatz\/","title":{"rendered":"Maglia da calcio Uomo Vendita Arsenal 2023-24 kit away verde-giallo"},"content":{"rendered":"<p>La maglia da trasferta dell'Arsenal FC 23-24 ha un look luminoso e moderno. Combina un colore di base giallo-verde fluo con il nero\/azzurro per i loghi e le applicazioni.Ci\u00f2 che rende il kit away dell'Arsenal 23-24 cos\u00ec speciale non sono solo i colori, ma anche il design. La maglia da trasferta dell'Arsenal 23-24 ha un design unico con spesse linee nere su tutta la maglia e l'accattivante maglia \u00e8 decorata con linee nere fluide ispirate alla mappa di Islington. L'intricato disegno simboleggia i viaggi che i tifosi compiono quando lasciano il loro quartiere d'origine per sostenere la squadra fuori casa.<\/p>\n<p>Suggerimenti per la stampa: Se il nome e il numero dell'immagine sono esattamente quelli desiderati, non \u00e8 necessario inserirli nuovamente. In caso contrario, \u00e8 necessario inserire il nome e il numero desiderati.<\/p>\n<p>Consigli per il lavaggio: Si consiglia di lavare le magliette da calcio a mano. Se si desidera utilizzare la lavatrice, ricordarsi di capovolgere le magliette da calcio e poi lavarle. Riempire la macchina con acqua fredda e utilizzare un ciclo delicato per proteggere meglio i colori.<\/p>","protected":false},"excerpt":{"rendered":"<p>Das Arsenal FC 23-24 Ausw\u00e4rtstrikot hat einen hellen und modernen Look. Es kombiniert eine fluo-gr\u00fcn-gelbe Grundfarbe mit Schwarz\/Hellblau f\u00fcr Logos und Applikationen.Was das Arsenal 23-24 Ausw\u00e4rtstrikot so besonders macht, sind nicht nur die Farben, sondern auch das Design. Das Arsenal 23-24 Ausw\u00e4rtstrikot hat ein einzigartiges Design mit dicken, schwarzen Linien auf dem ganzen Trikot.Das auff\u00e4llige [&hellip;]<\/p>","protected":false},"featured_media":15310,"comment_status":"open","ping_status":"closed","template":"","meta":[],"product_brand":[],"product_cat":[55],"product_tag":[908,584,609,610,574,21,23,24,585],"class_list":{"0":"post-15266","1":"product","2":"type-product","3":"status-publish","4":"has-post-thumbnail","6":"product_cat-arsenal","7":"product_tag-arsenal-2023-24-auswaertstrikot","8":"product_tag-arsenal-2023-24-trikot","9":"product_tag-arsenal-fussballtrikot","10":"product_tag-arsenal-trikot","11":"product_tag-fussballtrikot-deutschland","12":"product_tag-fussballtrikot-fuer-herren","13":"product_tag-fussballtrikot-kurzarm","14":"product_tag-guenstiges-fussballtrikot","15":"product_tag-herren-fussballtrikot","17":"first","18":"instock","19":"shipping-taxable","20":"purchasable","21":"product-type-variable"},"_links":{"self":[{"href":"https:\/\/www.billigtrikotde.com\/it\/wp-json\/wp\/v2\/product\/15266","targetHints":{"allow":["GET"]}}],"collection":[{"href":"https:\/\/www.billigtrikotde.com\/it\/wp-json\/wp\/v2\/product"}],"about":[{"href":"https:\/\/www.billigtrikotde.com\/it\/wp-json\/wp\/v2\/types\/product"}],"replies":[{"embeddable":true,"href":"https:\/\/www.billigtrikotde.com\/it\/wp-json\/wp\/v2\/comments?post=15266"}],"wp:featuredmedia":[{"embeddable":true,"href":"https:\/\/www.billigtrikotde.com\/it\/wp-json\/wp\/v2\/media\/15310"}],"wp:attachment":[{"href":"https:\/\/www.billigtrikotde.com\/it\/wp-json\/wp\/v2\/media?parent=15266"}],"wp:term":[{"taxonomy":"product_brand","embeddable":true,"href":"https:\/\/www.billigtrikotde.com\/it\/wp-json\/wp\/v2\/product_brand?post=15266"},{"taxonomy":"product_cat","embeddable":true,"href":"https:\/\/www.billigtrikotde.com\/it\/wp-json\/wp\/v2\/product_cat?post=15266"},{"taxonomy":"product_tag","embeddable":true,"href":"https:\/\/www.billigtrikotde.com\/it\/wp-json\/wp\/v2\/product_tag?post=15266"}],"curies":[{"name":"wp","href":"https:\/\/api.w.org\/{rel}","templated":true}]}}