{"id":14906,"date":"2024-10-24T07:20:55","date_gmt":"2024-10-24T05:20:55","guid":{"rendered":"http:\/\/billigtrikots.com\/?post_type=product&#038;p=14906"},"modified":"2024-10-24T07:23:10","modified_gmt":"2024-10-24T05:23:10","slug":"herren-manchester-united-2023-2024-auswaertstrikot-fussballtrikots-set-mount-7","status":"publish","type":"product","link":"https:\/\/www.billigtrikotde.com\/it\/herren-manchester-united-2023-2024-auswaertstrikot-fussballtrikots-set-mount-7\/","title":{"rendered":"Set di maglie da calcio Manchester United 2023-2024 Away da uomo MONTE 7"},"content":{"rendered":"<p>Le maglie away e terza di Manchester United 2023-2024 non potrebbero essere pi\u00f9 diverse. Mentre la maglia away di Manchester United 2023-2024 colpisce per uno schema di colori inaspettato in verde scuro, bianco e rosso, la maglia terza di Manchester United 2023-2024 \u00e8 semplicemente bianca e rossa e mostra il diavolo del club. La maglia prevalentemente militare ha strisce bianche eleganti con piccoli spazi rossi, che conferiscono alla maglia un tocco audace e su misura.<\/p>\n<p>Suggerimenti per la stampa: Se il nome e il numero dell'immagine sono esattamente quelli desiderati, non \u00e8 necessario inserirli nuovamente. In caso contrario, \u00e8 necessario inserire il nome e il numero desiderati.<\/p>\n<p>Consigli per il lavaggio: Si consiglia di lavare le magliette da calcio a mano. Se si desidera utilizzare la lavatrice, ricordarsi di capovolgere le magliette da calcio e poi lavarle. Riempire la macchina con acqua fredda e utilizzare un ciclo delicato per proteggere meglio i colori.<\/p>","protected":false},"excerpt":{"rendered":"<p>Die Ausw\u00e4rts- und Dritte Trikots von Manchester United 2023-2024 k\u00f6nnten unterschiedlicher nicht sein. W\u00e4hrend das Manchester United 2023-2024 Ausw\u00e4rtstrikot mit einem unerwarteten Farbschema in Dunkelgr\u00fcn, Wei\u00df und Rot auff\u00e4llt, ist das Manchester United 2023-2024 Dritte Trikot schlicht in Wei\u00df und Rot gehalten und zeigt den Teufel des Vereins.Das \u00fcberwiegend milit\u00e4rische Trikot hat stilvolle wei\u00dfe Streifen [&hellip;]<\/p>","protected":false},"featured_media":14945,"comment_status":"open","ping_status":"closed","template":"","meta":[],"product_brand":[],"product_cat":[50],"product_tag":[20,574,21,22,23,24,862,672,673],"class_list":{"0":"post-14906","1":"product","2":"type-product","3":"status-publish","4":"has-post-thumbnail","6":"product_cat-manchester-united","7":"product_tag-coole-fussballtrikots","8":"product_tag-fussballtrikot-deutschland","9":"product_tag-fussballtrikot-fuer-herren","10":"product_tag-fussballtrikot-guenstig-kaufen","11":"product_tag-fussballtrikot-kurzarm","12":"product_tag-guenstiges-fussballtrikot","13":"product_tag-manchester-united-2023-2024-auswaertstrikot","14":"product_tag-manchester-united-fussballtrikot","15":"product_tag-manchester-united-trikot","17":"first","18":"instock","19":"shipping-taxable","20":"purchasable","21":"product-type-variable"},"_links":{"self":[{"href":"https:\/\/www.billigtrikotde.com\/it\/wp-json\/wp\/v2\/product\/14906","targetHints":{"allow":["GET"]}}],"collection":[{"href":"https:\/\/www.billigtrikotde.com\/it\/wp-json\/wp\/v2\/product"}],"about":[{"href":"https:\/\/www.billigtrikotde.com\/it\/wp-json\/wp\/v2\/types\/product"}],"replies":[{"embeddable":true,"href":"https:\/\/www.billigtrikotde.com\/it\/wp-json\/wp\/v2\/comments?post=14906"}],"wp:featuredmedia":[{"embeddable":true,"href":"https:\/\/www.billigtrikotde.com\/it\/wp-json\/wp\/v2\/media\/14945"}],"wp:attachment":[{"href":"https:\/\/www.billigtrikotde.com\/it\/wp-json\/wp\/v2\/media?parent=14906"}],"wp:term":[{"taxonomy":"product_brand","embeddable":true,"href":"https:\/\/www.billigtrikotde.com\/it\/wp-json\/wp\/v2\/product_brand?post=14906"},{"taxonomy":"product_cat","embeddable":true,"href":"https:\/\/www.billigtrikotde.com\/it\/wp-json\/wp\/v2\/product_cat?post=14906"},{"taxonomy":"product_tag","embeddable":true,"href":"https:\/\/www.billigtrikotde.com\/it\/wp-json\/wp\/v2\/product_tag?post=14906"}],"curies":[{"name":"wp","href":"https:\/\/api.w.org\/{rel}","templated":true}]}}