{"id":14385,"date":"2024-10-24T06:52:49","date_gmt":"2024-10-24T04:52:49","guid":{"rendered":"http:\/\/billigtrikots.com\/?post_type=product&#038;p=14385"},"modified":"2024-10-24T06:55:32","modified_gmt":"2024-10-24T04:55:32","slug":"blauen-weisse-heimtrikots-real-sociedad-2023-2024-trikot-herren-kurzarm-kurze-hosen","status":"publish","type":"product","link":"https:\/\/www.billigtrikotde.com\/it\/blauen-weisse-heimtrikots-real-sociedad-2023-2024-trikot-herren-kurzarm-kurze-hosen\/","title":{"rendered":"Blu Bianco Home Shirts Real Sociedad 2023-2024 Maglia Uomo Manica Corta + Pantaloncini"},"content":{"rendered":"<p>La maglia Macron Real Sociedad 2023-2024 presenta una nuova versione delle tradizionali strisce bleu-bianco della societ\u00e0. Le strisce blu sono state applicate in modo unico e progettate dallo scultore I\u00f1igo Manterola. Le strisce sono tridimensionali e presentano diverse tonalit\u00e0 che ricordano una scultura.<\/p>\n<p>Il colletto della Macron La Real 2023-24 in casa \u00e8 in stile polo con una scollatura a V incrociata e le maniche sono dotate di due strisce blu navy. All'interno della Macron Real Sociedad 2023-24 in casa si pu\u00f2 vedere accanto al logo Macron il claim \u00abWe are Real\u00bb. Sul retro della Macron Real Sociedad 2023-2024 in casa compare la bandiera basca sotto il colletto.<\/p>\n<p>Suggerimenti per la stampa: Se il nome e il numero dell'immagine sono esattamente quelli desiderati, non \u00e8 necessario inserirli nuovamente. In caso contrario, \u00e8 necessario inserire il nome e il numero desiderati.<\/p>\n<p>Consigli per il lavaggio: Si consiglia di lavare le magliette da calcio a mano. Se si desidera utilizzare la lavatrice, ricordarsi di capovolgere le magliette da calcio e poi lavarle. Riempire la macchina con acqua fredda e utilizzare un ciclo delicato per proteggere meglio i colori.<\/p>","protected":false},"excerpt":{"rendered":"<p>Das Macron Real Sociedad 2023-2024 Trikot stellt eine neue Version der traditionellen blau-wei\u00dfen Streifen des Vereins dar.Die blauen Streifen wurden auf einzigartige Weise angebracht und von dem Bildhauer I\u00f1igo Manterola entworfen. Die Streifen sind dreidimensional und kommen in verschiedenen Schattierungen daher, die an eine Skulptur erinnern. Der Kragen des Macron La Real 2023-24 Heimtrikots ist [&hellip;]<\/p>","protected":false},"featured_media":14430,"comment_status":"open","ping_status":"closed","template":"","meta":[],"product_brand":[],"product_cat":[15],"product_tag":[574,21,23,228,24,799,800],"class_list":{"0":"post-14385","1":"product","2":"type-product","3":"status-publish","4":"has-post-thumbnail","6":"product_cat-unkategorisiert","7":"product_tag-fussballtrikot-deutschland","8":"product_tag-fussballtrikot-fuer-herren","9":"product_tag-fussballtrikot-kurzarm","10":"product_tag-guenstige-fussballtrikot","11":"product_tag-guenstiges-fussballtrikot","12":"product_tag-real-sociedad-2023-2024-trikot","13":"product_tag-real-sociedad-23-24-trikot","15":"first","16":"instock","17":"shipping-taxable","18":"purchasable","19":"product-type-variable"},"_links":{"self":[{"href":"https:\/\/www.billigtrikotde.com\/it\/wp-json\/wp\/v2\/product\/14385","targetHints":{"allow":["GET"]}}],"collection":[{"href":"https:\/\/www.billigtrikotde.com\/it\/wp-json\/wp\/v2\/product"}],"about":[{"href":"https:\/\/www.billigtrikotde.com\/it\/wp-json\/wp\/v2\/types\/product"}],"replies":[{"embeddable":true,"href":"https:\/\/www.billigtrikotde.com\/it\/wp-json\/wp\/v2\/comments?post=14385"}],"wp:featuredmedia":[{"embeddable":true,"href":"https:\/\/www.billigtrikotde.com\/it\/wp-json\/wp\/v2\/media\/14430"}],"wp:attachment":[{"href":"https:\/\/www.billigtrikotde.com\/it\/wp-json\/wp\/v2\/media?parent=14385"}],"wp:term":[{"taxonomy":"product_brand","embeddable":true,"href":"https:\/\/www.billigtrikotde.com\/it\/wp-json\/wp\/v2\/product_brand?post=14385"},{"taxonomy":"product_cat","embeddable":true,"href":"https:\/\/www.billigtrikotde.com\/it\/wp-json\/wp\/v2\/product_cat?post=14385"},{"taxonomy":"product_tag","embeddable":true,"href":"https:\/\/www.billigtrikotde.com\/it\/wp-json\/wp\/v2\/product_tag?post=14385"}],"curies":[{"name":"wp","href":"https:\/\/api.w.org\/{rel}","templated":true}]}}