{"id":14285,"date":"2024-10-24T06:47:32","date_gmt":"2024-10-24T04:47:32","guid":{"rendered":"http:\/\/billigtrikots.com\/?post_type=product&#038;p=14285"},"modified":"2024-10-24T06:49:48","modified_gmt":"2024-10-24T04:49:48","slug":"italien-2023-trikot-125th-anniversary-trikots-weiss-kurzarm-kurze-hosen","status":"publish","type":"product","link":"https:\/\/www.billigtrikotde.com\/it\/italien-2023-trikot-125th-anniversary-trikots-weiss-kurzarm-kurze-hosen\/","title":{"rendered":"Maglia Italia 2023 125\u00b0 Anniversario bianca manica corta + pantaloncini"},"content":{"rendered":"<p>La maglia speciale 2023 dell'Italia si presenta in un design chiaro in bianco con loghi e accenti dorati. L'elemento pi\u00f9 distintivo della maglia speciale 2023 dell'Italia \u00e8 l'emblema, circondato da una corona di alloro.<br \/>\nIl collo rotondo bianco con le tradizionali tre strisce che scorrono sulle spalle \u00e8 integrato dalla tecnica di tessitura \u201eFlatnik\u201c. Questa tecnica conferisce allo stile classico un aggiornamento moderno, in cui il giro sui maniche corte \u00e8 particolarmente evidente. Come ulteriore elemento prezioso \u00e8 stato applicato sulla parte destra un'etichetta che ricorda l'anniversario della FIGC.<br \/>\nI pantaloncini della maglia dell'Italia per il 125\u00b0 anniversario sono bianchi con dettagli dorati e tre strisce ai lati, mentre sulla coscia destra si pu\u00f2 vedere l'emblema commemorativo FIGC. Le calze nere sono decorate con ricami dorati, tra cui la scritta Italia sulla parte frontale, il logo adidas sul retro e tre strisce sotto il ginocchio.<\/p>\n<p>Suggerimenti per la stampa: Se il nome e il numero dell'immagine sono esattamente quelli desiderati, non \u00e8 necessario inserirli nuovamente. In caso contrario, \u00e8 necessario inserire il nome e il numero desiderati.<\/p>\n<p>Consigli per il lavaggio: Si consiglia di lavare le magliette da calcio a mano. Se si desidera utilizzare la lavatrice, ricordarsi di capovolgere le magliette da calcio e poi lavarle. Riempire la macchina con acqua fredda e utilizzare un ciclo delicato per proteggere meglio i colori.<\/p>","protected":false},"excerpt":{"rendered":"<p>Das Italien 2023 Sondereditionstrikot pr\u00e4sentiert sich in einem klaren Design in Wei\u00df mit goldenen Logos und Akzenten.Das auff\u00e4lligste Merkmal des Italien 2023 Sondertrikots ist das Wappen, das von einem Lorbeerkranz umgeben ist. Der wei\u00dfe Rundkragen mit den traditionellen drei\u00a0 Streifen, die \u00fcber die Schultern laufen, wird durch die &#8222;Flatnik&#8220;-Webtechnik erg\u00e4nzt. Diese Technik verleiht dem klassischen [&hellip;]<\/p>","protected":false},"featured_media":14325,"comment_status":"open","ping_status":"closed","template":"","meta":[],"product_brand":[],"product_cat":[316],"product_tag":[20,574,21,22,23,24,318,776],"class_list":{"0":"post-14285","1":"product","2":"type-product","3":"status-publish","4":"has-post-thumbnail","6":"product_cat-italien-trikots","7":"product_tag-coole-fussballtrikots","8":"product_tag-fussballtrikot-deutschland","9":"product_tag-fussballtrikot-fuer-herren","10":"product_tag-fussballtrikot-guenstig-kaufen","11":"product_tag-fussballtrikot-kurzarm","12":"product_tag-guenstiges-fussballtrikot","13":"product_tag-italien-trikots","14":"product_tag-italien-trikots-2023-24","16":"first","17":"instock","18":"shipping-taxable","19":"purchasable","20":"product-type-variable"},"_links":{"self":[{"href":"https:\/\/www.billigtrikotde.com\/it\/wp-json\/wp\/v2\/product\/14285","targetHints":{"allow":["GET"]}}],"collection":[{"href":"https:\/\/www.billigtrikotde.com\/it\/wp-json\/wp\/v2\/product"}],"about":[{"href":"https:\/\/www.billigtrikotde.com\/it\/wp-json\/wp\/v2\/types\/product"}],"replies":[{"embeddable":true,"href":"https:\/\/www.billigtrikotde.com\/it\/wp-json\/wp\/v2\/comments?post=14285"}],"wp:featuredmedia":[{"embeddable":true,"href":"https:\/\/www.billigtrikotde.com\/it\/wp-json\/wp\/v2\/media\/14325"}],"wp:attachment":[{"href":"https:\/\/www.billigtrikotde.com\/it\/wp-json\/wp\/v2\/media?parent=14285"}],"wp:term":[{"taxonomy":"product_brand","embeddable":true,"href":"https:\/\/www.billigtrikotde.com\/it\/wp-json\/wp\/v2\/product_brand?post=14285"},{"taxonomy":"product_cat","embeddable":true,"href":"https:\/\/www.billigtrikotde.com\/it\/wp-json\/wp\/v2\/product_cat?post=14285"},{"taxonomy":"product_tag","embeddable":true,"href":"https:\/\/www.billigtrikotde.com\/it\/wp-json\/wp\/v2\/product_tag?post=14285"}],"curies":[{"name":"wp","href":"https:\/\/api.w.org\/{rel}","templated":true}]}}