{"id":14073,"date":"2024-10-24T06:37:05","date_gmt":"2024-10-24T04:37:05","guid":{"rendered":"http:\/\/billigtrikots.com\/?post_type=product&#038;p=14073"},"modified":"2024-10-24T06:39:41","modified_gmt":"2024-10-24T04:39:41","slug":"herren-liverpool-auswaertstrikot-2023-24-kurzarm-bestseller-fussballtrikot","status":"publish","type":"product","link":"https:\/\/www.billigtrikotde.com\/it\/herren-liverpool-auswaertstrikot-2023-24-kurzarm-bestseller-fussballtrikot\/","title":{"rendered":"Maglia Liverpool Away Uomo 2023-24 a manica corta Maglia da calcio Bestseller"},"content":{"rendered":"<p>La maglia da trasferta del Liverpool Football Club 2023-24 combina il bianco e il verde con i loghi neri. I colori ufficiali sono \"White \/ Green Spark \/ Black\".<\/p>\n<p>Ci\u00f2 che rende unica la maglia da trasferta del Liverpool 23-24 \u00e8 il design. La maglia da trasferta Nike Liverpool 23-24 presenta un motivo in stile anni '90 in bianco e varie tonalit\u00e0 di verde.<\/p>\n<p>Suggerimenti per la stampa: Se il nome e il numero dell'immagine sono esattamente quelli desiderati, non \u00e8 necessario inserirli nuovamente. In caso contrario, \u00e8 necessario inserire il nome e il numero desiderati.<\/p>\n<p>Consigli per il lavaggio: Si consiglia di lavare le magliette da calcio a mano. Se si desidera utilizzare la lavatrice, ricordarsi di capovolgere le magliette da calcio e poi lavarle. Riempire la macchina con acqua fredda e utilizzare un ciclo delicato per proteggere meglio i colori.<\/p>","protected":false},"excerpt":{"rendered":"<p>La maglia da trasferta 2023-24 del Liverpool Football Club di Nike combina bianco e verde con loghi neri. I colori ufficiali sono: \u00abBianco \/ Scintilla Verde \/ Nero\u00bb. Ci\u00f2 che rende unica la maglia da trasferta Liverpool 23-24 \u00e8 il design. La maglia da trasferta 23-24 di Nike Liverpool presenta un motivo in stile anni '90 in bianco e diverse tonalit\u00e0 di verde. Suggerimenti per la stampa: quando il nome e i [\u2026]<\/p>","protected":false},"featured_media":14113,"comment_status":"open","ping_status":"closed","template":"","meta":[],"product_brand":[],"product_cat":[176],"product_tag":[22,479,601,602,735],"class_list":{"0":"post-14073","1":"product","2":"type-product","3":"status-publish","4":"has-post-thumbnail","6":"product_cat-liverpool-fc","7":"product_tag-fussballtrikot-guenstig-kaufen","8":"product_tag-fussballtrikots-kaufen","9":"product_tag-liverpool-fussballtrikot","10":"product_tag-liverpool-trikot","11":"product_tag-trikots-2023-24","13":"first","14":"instock","15":"shipping-taxable","16":"purchasable","17":"product-type-variable"},"_links":{"self":[{"href":"https:\/\/www.billigtrikotde.com\/it\/wp-json\/wp\/v2\/product\/14073","targetHints":{"allow":["GET"]}}],"collection":[{"href":"https:\/\/www.billigtrikotde.com\/it\/wp-json\/wp\/v2\/product"}],"about":[{"href":"https:\/\/www.billigtrikotde.com\/it\/wp-json\/wp\/v2\/types\/product"}],"replies":[{"embeddable":true,"href":"https:\/\/www.billigtrikotde.com\/it\/wp-json\/wp\/v2\/comments?post=14073"}],"wp:featuredmedia":[{"embeddable":true,"href":"https:\/\/www.billigtrikotde.com\/it\/wp-json\/wp\/v2\/media\/14113"}],"wp:attachment":[{"href":"https:\/\/www.billigtrikotde.com\/it\/wp-json\/wp\/v2\/media?parent=14073"}],"wp:term":[{"taxonomy":"product_brand","embeddable":true,"href":"https:\/\/www.billigtrikotde.com\/it\/wp-json\/wp\/v2\/product_brand?post=14073"},{"taxonomy":"product_cat","embeddable":true,"href":"https:\/\/www.billigtrikotde.com\/it\/wp-json\/wp\/v2\/product_cat?post=14073"},{"taxonomy":"product_tag","embeddable":true,"href":"https:\/\/www.billigtrikotde.com\/it\/wp-json\/wp\/v2\/product_tag?post=14073"}],"curies":[{"name":"wp","href":"https:\/\/api.w.org\/{rel}","templated":true}]}}