{"id":14062,"date":"2024-10-24T06:36:27","date_gmt":"2024-10-24T04:36:27","guid":{"rendered":"http:\/\/billigtrikots.com\/?post_type=product&#038;p=14062"},"modified":"2024-10-24T06:39:08","modified_gmt":"2024-10-24T04:39:08","slug":"neuen-herren-fussballtrikot-liverpool-auswaertstrikot-2023-24-kurzarm-darwin-nunez-27","status":"publish","type":"product","link":"https:\/\/www.billigtrikotde.com\/it\/neuen-herren-fussballtrikot-liverpool-auswaertstrikot-2023-24-kurzarm-darwin-nunez-27\/","title":{"rendered":"Nuova maglia da calcio uomo Liverpool Away Shirt 2023-24 manica corta Darwin Nunez 27"},"content":{"rendered":"<p>La maglia da trasferta del Nike Liverpool Football Club 2023-24 combina bianco e verde con loghi neri. I colori ufficiali sono \u201eBianco \/ Scintilla verde \/ Nero\u201c.<\/p>\n<p>Ci\u00f2 che rende unica la maglia da trasferta del Liverpool 23-24 \u00e8 il design. La maglia da trasferta Nike Liverpool 23-24 presenta un motivo in stile anni '90 in bianco e varie tonalit\u00e0 di verde.<\/p>\n<p>Suggerimenti per la stampa: Se il nome e il numero dell'immagine sono esattamente quelli desiderati, non \u00e8 necessario inserirli nuovamente. In caso contrario, \u00e8 necessario inserire il nome e il numero desiderati.<\/p>\n<p>Consigli per il lavaggio: Si consiglia di lavare le magliette da calcio a mano. Se si desidera utilizzare la lavatrice, ricordarsi di capovolgere le magliette da calcio e poi lavarle. Riempire la macchina con acqua fredda e utilizzare un ciclo delicato per proteggere meglio i colori.<\/p>","protected":false},"excerpt":{"rendered":"<p>La maglia da trasferta 2023-24 del Liverpool Football Club di Nike combina bianco e verde con loghi neri. I colori ufficiali sono: \u00abBianco \/ Scintilla Verde \/ Nero\u00bb. Ci\u00f2 che rende unica la maglia da trasferta Liverpool 23-24 \u00e8 il design. La maglia da trasferta 23-24 di Nike Liverpool presenta un motivo in stile anni '90 in bianco e diverse tonalit\u00e0 di verde. Suggerimenti per la stampa: quando il nome e i [\u2026]<\/p>","protected":false},"featured_media":14112,"comment_status":"open","ping_status":"closed","template":"","meta":[],"product_brand":[],"product_cat":[176],"product_tag":[20,731,732,733,734,574,21,23,24,601,602,153,475],"class_list":{"0":"post-14062","1":"product","2":"type-product","3":"status-publish","4":"has-post-thumbnail","6":"product_cat-liverpool-fc","7":"product_tag-coole-fussballtrikots","8":"product_tag-darwin-nunez-babykleidung","9":"product_tag-darwin-nunez-fussballtrikot","10":"product_tag-darwin-nunez-kleidung-kinder","11":"product_tag-darwin-nunez-trikot-fuer-kinder","12":"product_tag-fussballtrikot-deutschland","13":"product_tag-fussballtrikot-fuer-herren","14":"product_tag-fussballtrikot-kurzarm","15":"product_tag-guenstiges-fussballtrikot","16":"product_tag-liverpool-fussballtrikot","17":"product_tag-liverpool-trikot","18":"product_tag-liverpool-trikots","19":"product_tag-liverpool-trikots-23-24","21":"first","22":"instock","23":"shipping-taxable","24":"purchasable","25":"product-type-variable"},"_links":{"self":[{"href":"https:\/\/www.billigtrikotde.com\/it\/wp-json\/wp\/v2\/product\/14062","targetHints":{"allow":["GET"]}}],"collection":[{"href":"https:\/\/www.billigtrikotde.com\/it\/wp-json\/wp\/v2\/product"}],"about":[{"href":"https:\/\/www.billigtrikotde.com\/it\/wp-json\/wp\/v2\/types\/product"}],"replies":[{"embeddable":true,"href":"https:\/\/www.billigtrikotde.com\/it\/wp-json\/wp\/v2\/comments?post=14062"}],"wp:featuredmedia":[{"embeddable":true,"href":"https:\/\/www.billigtrikotde.com\/it\/wp-json\/wp\/v2\/media\/14112"}],"wp:attachment":[{"href":"https:\/\/www.billigtrikotde.com\/it\/wp-json\/wp\/v2\/media?parent=14062"}],"wp:term":[{"taxonomy":"product_brand","embeddable":true,"href":"https:\/\/www.billigtrikotde.com\/it\/wp-json\/wp\/v2\/product_brand?post=14062"},{"taxonomy":"product_cat","embeddable":true,"href":"https:\/\/www.billigtrikotde.com\/it\/wp-json\/wp\/v2\/product_cat?post=14062"},{"taxonomy":"product_tag","embeddable":true,"href":"https:\/\/www.billigtrikotde.com\/it\/wp-json\/wp\/v2\/product_tag?post=14062"}],"curies":[{"name":"wp","href":"https:\/\/api.w.org\/{rel}","templated":true}]}}