{"id":14038,"date":"2024-10-24T06:35:16","date_gmt":"2024-10-24T04:35:16","guid":{"rendered":"http:\/\/billigtrikots.com\/?post_type=product&#038;p=14038"},"modified":"2024-10-24T06:38:00","modified_gmt":"2024-10-24T04:38:00","slug":"billige-fussballtrikots-atletico-madrid-auswaertstrikot-2023-24-kurzarm-fuer-herren","status":"publish","type":"product","link":"https:\/\/www.billigtrikotde.com\/it\/billige-fussballtrikots-atletico-madrid-auswaertstrikot-2023-24-kurzarm-fuer-herren\/","title":{"rendered":"Economici Camicie di calcio Atletico Madrid Away Shirt 2023-24 Manica corta per gli uomini"},"content":{"rendered":"<p>La maglia da trasferta dell'Atletico Madrid 2023-2024 rende omaggio alla prima maglia del club, che aveva un design a met\u00e0. Combinando il blu reale a destra e il bianco a sinistra con maniche raglan blu, la maglia dell'Atl\u00e9tico Madrid 2023-24 utilizza il primo logo del club al posto dell'attuale stemma dell'Atletico. \u00c8 molto diverso dall'attuale stemma e da tutti i successivi loghi dell'Atleti.<\/p>\n<p>Suggerimenti per la stampa: Se il nome e il numero dell'immagine sono esattamente quelli desiderati, non \u00e8 necessario inserirli nuovamente. In caso contrario, \u00e8 necessario inserire il nome e il numero desiderati.<\/p>\n<p>Consigli per il lavaggio: Si consiglia di lavare le magliette da calcio a mano. Se si desidera utilizzare la lavatrice, ricordarsi di capovolgere le magliette da calcio e poi lavarle. Riempire la macchina con acqua fredda e utilizzare un ciclo delicato per proteggere meglio i colori.<\/p>","protected":false},"excerpt":{"rendered":"<p>La maglia da trasferta dell'Atletico Madrid 2023-2024 rende omaggio alla prima maglia del club, che aveva un design a met\u00e0. Combinando il blu reale a destra e il bianco a sinistra con maniche raglan blu, la maglia dell'Atl\u00e9tico Madrid 2023-24 utilizza il primo logo del club al posto dell'attuale stemma dell'Atletico. \u00c8 molto diverso dall'attuale stemma e da tutti i successivi loghi dell'Atleti.<\/p>","protected":false},"featured_media":14080,"comment_status":"open","ping_status":"closed","template":"","meta":[],"product_brand":[],"product_cat":[88],"product_tag":[487,488,90,20,21,22,23,24],"class_list":{"0":"post-14038","1":"product","2":"type-product","3":"status-publish","4":"has-post-thumbnail","6":"product_cat-atletico-madrid","7":"product_tag-atletico-madrid-fussballtrikot","8":"product_tag-atletico-madrid-trikot","9":"product_tag-atletico-madrid-trikots","10":"product_tag-coole-fussballtrikots","11":"product_tag-fussballtrikot-fuer-herren","12":"product_tag-fussballtrikot-guenstig-kaufen","13":"product_tag-fussballtrikot-kurzarm","14":"product_tag-guenstiges-fussballtrikot","16":"first","17":"instock","18":"shipping-taxable","19":"purchasable","20":"product-type-variable"},"_links":{"self":[{"href":"https:\/\/www.billigtrikotde.com\/it\/wp-json\/wp\/v2\/product\/14038","targetHints":{"allow":["GET"]}}],"collection":[{"href":"https:\/\/www.billigtrikotde.com\/it\/wp-json\/wp\/v2\/product"}],"about":[{"href":"https:\/\/www.billigtrikotde.com\/it\/wp-json\/wp\/v2\/types\/product"}],"replies":[{"embeddable":true,"href":"https:\/\/www.billigtrikotde.com\/it\/wp-json\/wp\/v2\/comments?post=14038"}],"wp:featuredmedia":[{"embeddable":true,"href":"https:\/\/www.billigtrikotde.com\/it\/wp-json\/wp\/v2\/media\/14080"}],"wp:attachment":[{"href":"https:\/\/www.billigtrikotde.com\/it\/wp-json\/wp\/v2\/media?parent=14038"}],"wp:term":[{"taxonomy":"product_brand","embeddable":true,"href":"https:\/\/www.billigtrikotde.com\/it\/wp-json\/wp\/v2\/product_brand?post=14038"},{"taxonomy":"product_cat","embeddable":true,"href":"https:\/\/www.billigtrikotde.com\/it\/wp-json\/wp\/v2\/product_cat?post=14038"},{"taxonomy":"product_tag","embeddable":true,"href":"https:\/\/www.billigtrikotde.com\/it\/wp-json\/wp\/v2\/product_tag?post=14038"}],"curies":[{"name":"wp","href":"https:\/\/api.w.org\/{rel}","templated":true}]}}