{"id":14028,"date":"2024-10-24T06:34:44","date_gmt":"2024-10-24T04:34:44","guid":{"rendered":"http:\/\/billigtrikots.com\/?post_type=product&#038;p=14028"},"modified":"2024-10-24T06:37:29","modified_gmt":"2024-10-24T04:37:29","slug":"herren-fussballtrikots-atletico-madrid-heimtrikot-2023-24-kurzarm-axel-witsel-20","status":"publish","type":"product","link":"https:\/\/www.billigtrikotde.com\/it\/herren-fussballtrikots-atletico-madrid-heimtrikot-2023-24-kurzarm-axel-witsel-20\/","title":{"rendered":"Maglie calcio uomo Atletico Madrid Home Shirt 2023-24 Manica corta Axel Witsel 20"},"content":{"rendered":"<p>La nuova maglia dell'Atletico 23-24 \u00e8 stata presentata con lo slogan \"Puro Atleti\" (Pure Atl\u00e9tico). Per la prima volta dopo quattro anni, la maglia presenta le strisce classiche del club senza modificarle e, con la maglia dell'Atletico Madrid 2023-24, il club torna alle strisce classiche e rinuncia al design ondulato di quest'anno.La maglia dell'Atletico 2023-2024 presenta quattro strisce bianche e tre rosse. Le maniche, il colletto e il retro della maglia home dell'Atl\u00e9tico Madrid 23-24 sono prevalentemente rossi.<br \/>\nLe strisce rosse della maglia home dell'Atl\u00e9tico 23-24 hanno un sottile effetto sfumato. Passano da una tonalit\u00e0 di rosso pi\u00f9 chiara in alto a una pi\u00f9 scura al centro e in basso. Il gradiente di colore \u00e8 creato da piccoli rettangoli.<\/p>\n<p>Suggerimenti per la stampa: Se il nome e il numero dell'immagine sono esattamente quelli desiderati, non \u00e8 necessario inserirli nuovamente. In caso contrario, \u00e8 necessario inserire il nome e il numero desiderati.<\/p>\n<p>Consigli per il lavaggio: Si consiglia di lavare le magliette da calcio a mano. Se si desidera utilizzare la lavatrice, ricordarsi di capovolgere le magliette da calcio e poi lavarle. Riempire la macchina con acqua fredda e utilizzare un ciclo delicato per proteggere meglio i colori.<\/p>","protected":false},"excerpt":{"rendered":"<p>Das neue Atletico 23-24 Trikot wurde unter dem Slogan &#8222;Puro Atleti&#8220; (Reines Atl\u00e9tico) ver\u00f6ffentlicht. Zum ersten Mal seit vier Jahren zeigt es die klassischen Streifen des Vereins, ohne sie zu ver\u00e4ndern.Mit dem Atletico Madrid 2023-24 Trikot kehrt der Verein zu den klassischen Streifen zur\u00fcck und verzichtet auf das gewellte Design von diesem Jahr.Atleticos Trikot 2023-2024 [&hellip;]<\/p>","protected":false},"featured_media":14068,"comment_status":"open","ping_status":"closed","template":"","meta":[],"product_brand":[],"product_cat":[88],"product_tag":[487,488,90,719,720,721,20,21,22,23,24],"class_list":{"0":"post-14028","1":"product","2":"type-product","3":"status-publish","4":"has-post-thumbnail","6":"product_cat-atletico-madrid","7":"product_tag-atletico-madrid-fussballtrikot","8":"product_tag-atletico-madrid-trikot","9":"product_tag-atletico-madrid-trikots","10":"product_tag-axel-witsel-babykleidung","11":"product_tag-axel-witsel-fussballtrikot","12":"product_tag-axel-witsel-kleidung-kinder","13":"product_tag-coole-fussballtrikots","14":"product_tag-fussballtrikot-fuer-herren","15":"product_tag-fussballtrikot-guenstig-kaufen","16":"product_tag-fussballtrikot-kurzarm","17":"product_tag-guenstiges-fussballtrikot","19":"first","20":"instock","21":"shipping-taxable","22":"purchasable","23":"product-type-variable"},"_links":{"self":[{"href":"https:\/\/www.billigtrikotde.com\/it\/wp-json\/wp\/v2\/product\/14028","targetHints":{"allow":["GET"]}}],"collection":[{"href":"https:\/\/www.billigtrikotde.com\/it\/wp-json\/wp\/v2\/product"}],"about":[{"href":"https:\/\/www.billigtrikotde.com\/it\/wp-json\/wp\/v2\/types\/product"}],"replies":[{"embeddable":true,"href":"https:\/\/www.billigtrikotde.com\/it\/wp-json\/wp\/v2\/comments?post=14028"}],"wp:featuredmedia":[{"embeddable":true,"href":"https:\/\/www.billigtrikotde.com\/it\/wp-json\/wp\/v2\/media\/14068"}],"wp:attachment":[{"href":"https:\/\/www.billigtrikotde.com\/it\/wp-json\/wp\/v2\/media?parent=14028"}],"wp:term":[{"taxonomy":"product_brand","embeddable":true,"href":"https:\/\/www.billigtrikotde.com\/it\/wp-json\/wp\/v2\/product_brand?post=14028"},{"taxonomy":"product_cat","embeddable":true,"href":"https:\/\/www.billigtrikotde.com\/it\/wp-json\/wp\/v2\/product_cat?post=14028"},{"taxonomy":"product_tag","embeddable":true,"href":"https:\/\/www.billigtrikotde.com\/it\/wp-json\/wp\/v2\/product_tag?post=14028"}],"curies":[{"name":"wp","href":"https:\/\/api.w.org\/{rel}","templated":true}]}}