{"id":13877,"date":"2024-10-24T06:26:56","date_gmt":"2024-10-24T04:26:56","guid":{"rendered":"http:\/\/billigtrikots.com\/?post_type=product&#038;p=13877"},"modified":"2024-10-24T06:29:38","modified_gmt":"2024-10-24T04:29:38","slug":"manchester-united-heimtrikot-2023-24-kurzarm-bestellen-mit-aufdruck-casemiro-18","status":"publish","type":"product","link":"https:\/\/www.billigtrikotde.com\/it\/manchester-united-heimtrikot-2023-24-kurzarm-bestellen-mit-aufdruck-casemiro-18\/","title":{"rendered":"Maglia Manchester United home 2023-24 manica corta con stampa Casemiro 18"},"content":{"rendered":"<p>Das Manchester United 2023-2024 Trikot kombiniert eine klassische rote Hauptfarbe mit Schwarz f\u00fcr Logos und die Drei Streifen sowie wei\u00dfen Details. Es ist das erste Mal seit der Saison 2019-2020, dass Schwarz als Sekund\u00e4rfarbe verwendet. Offiziell wird die rote Farbe &#8222;Team Collage Red&#8220; genannt.<\/p>\n<p>In termini di design, la maglia del Manchester United 2023-24 si ispira al patrimonio industriale di Manchester. La maglia presenta un motivo ripetuto che combina una rosa del Lancashire con un motivo geometrico ispirato al Trafford Road Bridge, costruito all'epoca della rivoluzione industriale.<\/p>\n<p>Suggerimenti per la stampa: Se il nome e il numero dell'immagine sono esattamente quelli desiderati, non \u00e8 necessario inserirli nuovamente. In caso contrario, \u00e8 necessario inserire il nome e il numero desiderati.<\/p>\n<p>Consigli per il lavaggio: Si consiglia di lavare le magliette da calcio a mano. Se si desidera utilizzare la lavatrice, ricordarsi di capovolgere le magliette da calcio e poi lavarle. Riempire la macchina con acqua fredda e utilizzare un ciclo delicato per proteggere meglio i colori.<\/p>","protected":false},"excerpt":{"rendered":"<p>La maglia Manchester United 2023-2024 combina un classico rosso come colore principale con il nero per i loghi e le Tre Strisce, nonch\u00e9 dettagli bianchi. \u00c8 la prima volta dalla stagione 2019-2020 che il nero venga utilizzato come colore secondario. Ufficialmente il colore rosso \u00e8 chiamato \u201eTeam Collage Red\u201c. Per quanto riguarda il design, la maglia 2023-24 di Manchester [\u2026]<\/p>","protected":false},"featured_media":13917,"comment_status":"open","ping_status":"closed","template":"","meta":[],"product_brand":[],"product_cat":[50],"product_tag":[20,668,669,670,671,21,22,23,24,672,673],"class_list":{"0":"post-13877","1":"product","2":"type-product","3":"status-publish","4":"has-post-thumbnail","6":"product_cat-manchester-united","7":"product_tag-coole-fussballtrikots","8":"product_tag-casemiro-babykleidung","9":"product_tag-casemiro-fussballtrikot","10":"product_tag-casemiro-kleidung-kinder","11":"product_tag-casemiro-trikot-fuer-kinder","12":"product_tag-fussballtrikot-fuer-herren","13":"product_tag-fussballtrikot-guenstig-kaufen","14":"product_tag-fussballtrikot-kurzarm","15":"product_tag-guenstiges-fussballtrikot","16":"product_tag-manchester-united-fussballtrikot","17":"product_tag-manchester-united-trikot","19":"first","20":"instock","21":"shipping-taxable","22":"purchasable","23":"product-type-variable"},"_links":{"self":[{"href":"https:\/\/www.billigtrikotde.com\/it\/wp-json\/wp\/v2\/product\/13877","targetHints":{"allow":["GET"]}}],"collection":[{"href":"https:\/\/www.billigtrikotde.com\/it\/wp-json\/wp\/v2\/product"}],"about":[{"href":"https:\/\/www.billigtrikotde.com\/it\/wp-json\/wp\/v2\/types\/product"}],"replies":[{"embeddable":true,"href":"https:\/\/www.billigtrikotde.com\/it\/wp-json\/wp\/v2\/comments?post=13877"}],"wp:featuredmedia":[{"embeddable":true,"href":"https:\/\/www.billigtrikotde.com\/it\/wp-json\/wp\/v2\/media\/13917"}],"wp:attachment":[{"href":"https:\/\/www.billigtrikotde.com\/it\/wp-json\/wp\/v2\/media?parent=13877"}],"wp:term":[{"taxonomy":"product_brand","embeddable":true,"href":"https:\/\/www.billigtrikotde.com\/it\/wp-json\/wp\/v2\/product_brand?post=13877"},{"taxonomy":"product_cat","embeddable":true,"href":"https:\/\/www.billigtrikotde.com\/it\/wp-json\/wp\/v2\/product_cat?post=13877"},{"taxonomy":"product_tag","embeddable":true,"href":"https:\/\/www.billigtrikotde.com\/it\/wp-json\/wp\/v2\/product_tag?post=13877"}],"curies":[{"name":"wp","href":"https:\/\/api.w.org\/{rel}","templated":true}]}}