{"id":13812,"date":"2024-10-24T06:23:09","date_gmt":"2024-10-24T04:23:09","guid":{"rendered":"http:\/\/billigtrikots.com\/?post_type=product&#038;p=13812"},"modified":"2024-10-24T06:25:46","modified_gmt":"2024-10-24T04:25:46","slug":"kinder-fussballtrikots-manchester-united-2023-24-trikot-rot-kurzarm-weiss-kurze-hosen-ronaldo-7","status":"publish","type":"product","link":"https:\/\/www.billigtrikotde.com\/it\/kinder-fussballtrikots-manchester-united-2023-24-trikot-rot-kurzarm-weiss-kurze-hosen-ronaldo-7\/","title":{"rendered":"Magliette calcio bambino Manchester United 2023-24 maglia rossa manica corta + pantaloncini bianchi RONALDO 7"},"content":{"rendered":"<p>La maglia Man United 2023-2024 combina un classico colore rosso principale con il nero per i loghi e le tre strisce, oltre a dettagli bianchi. \u00c8 la prima volta dal stagione 2019-2020 che il nero viene utilizzato come colore secondario. Ufficialmente, il colore rosso \u00e8 chiamato \"Team Collage Red\". Lo sponsor principale, i nomi e i numeri, cos\u00ec come i loghi degli sponsor sulle maniche di DXC Technology sono bianchi. Il logo dello sponsor TeamViewer \u00e8 stato aggiornato rispetto al passato.<br \/>\nPer quanto riguarda il design, la maglia Manchester United 2023-24 \u00e8 ispirata dall\u2019eredit\u00e0 industriale di Manchester. La maglia presenta un motivo ripetitivo che combina una rosa di Lancashire in un motivo geometrico, ispirato al Trafford Road Bridge, costruito durante la rivoluzione industriale. La rosa di Lancashire \u00e8 un simbolo araldico che rappresenta la storica contea di Lancashire nel nord-ovest dell'Inghilterra. \u00c8 una rosa rossa con un centro dorato e viene utilizzata da secoli come emblema della contea. La rosa di Lancashire viene ancora oggi utilizzata in diverse forme, ad esempio sulla bandiera della contea e sugli stemmi delle squadre di cricket e rugby di Lancashire.<\/p>\n<p>Suggerimenti per la stampa: Se il nome e il numero dell'immagine sono esattamente quelli desiderati, non \u00e8 necessario inserirli nuovamente. In caso contrario, \u00e8 necessario inserire il nome e il numero desiderati.<\/p>\n<p>Consigli per il lavaggio: Si consiglia di lavare le magliette da calcio a mano. Se si desidera utilizzare la lavatrice, ricordarsi di capovolgere le magliette da calcio e poi lavarle. Riempire la macchina con acqua fredda e utilizzare un ciclo delicato per proteggere meglio i colori.<\/p>","protected":false},"excerpt":{"rendered":"<p>Das Man United 2023-2024 Trikot kombiniert eine klassische rote Hauptfarbe mit Schwarz f\u00fcr Logos und die Drei Streifen sowie wei\u00dfen Details. Es ist das erste Mal seit der Saison 2019-2020, dass Schwarz als Sekund\u00e4rfarbe verwendet. Offiziell wird die rote Farbe \u201eTeam Collage Red\u201c genannt.Der Hauptsponsor, die Namen und Nummern sowie die Logos der \u00c4rmelsponsoren von [&hellip;]<\/p>","protected":false},"featured_media":13853,"comment_status":"open","ping_status":"closed","template":"","meta":[],"product_brand":[],"product_cat":[140],"product_tag":[20,574,21,22,664,228,24,141,52,142],"class_list":{"0":"post-13812","1":"product","2":"type-product","3":"status-publish","4":"has-post-thumbnail","6":"product_cat-manchester-united-kindertrikot","7":"product_tag-coole-fussballtrikots","8":"product_tag-fussballtrikot-deutschland","9":"product_tag-fussballtrikot-fuer-herren","10":"product_tag-fussballtrikot-guenstig-kaufen","11":"product_tag-fussballtrikot-trikotsatz","12":"product_tag-guenstige-fussballtrikot","13":"product_tag-guenstiges-fussballtrikot","14":"product_tag-manchester-united-heimtrikot","15":"product_tag-manchester-united-trikots","16":"product_tag-manchester-united-trikotsatz-fuer-kinder","18":"first","19":"instock","20":"shipping-taxable","21":"purchasable","22":"product-type-variable"},"_links":{"self":[{"href":"https:\/\/www.billigtrikotde.com\/it\/wp-json\/wp\/v2\/product\/13812","targetHints":{"allow":["GET"]}}],"collection":[{"href":"https:\/\/www.billigtrikotde.com\/it\/wp-json\/wp\/v2\/product"}],"about":[{"href":"https:\/\/www.billigtrikotde.com\/it\/wp-json\/wp\/v2\/types\/product"}],"replies":[{"embeddable":true,"href":"https:\/\/www.billigtrikotde.com\/it\/wp-json\/wp\/v2\/comments?post=13812"}],"wp:featuredmedia":[{"embeddable":true,"href":"https:\/\/www.billigtrikotde.com\/it\/wp-json\/wp\/v2\/media\/13853"}],"wp:attachment":[{"href":"https:\/\/www.billigtrikotde.com\/it\/wp-json\/wp\/v2\/media?parent=13812"}],"wp:term":[{"taxonomy":"product_brand","embeddable":true,"href":"https:\/\/www.billigtrikotde.com\/it\/wp-json\/wp\/v2\/product_brand?post=13812"},{"taxonomy":"product_cat","embeddable":true,"href":"https:\/\/www.billigtrikotde.com\/it\/wp-json\/wp\/v2\/product_cat?post=13812"},{"taxonomy":"product_tag","embeddable":true,"href":"https:\/\/www.billigtrikotde.com\/it\/wp-json\/wp\/v2\/product_tag?post=13812"}],"curies":[{"name":"wp","href":"https:\/\/api.w.org\/{rel}","templated":true}]}}