{"id":13656,"date":"2024-10-24T06:14:21","date_gmt":"2024-10-24T04:14:21","guid":{"rendered":"http:\/\/billigtrikots.com\/?post_type=product&#038;p=13656"},"modified":"2024-10-24T06:17:03","modified_gmt":"2024-10-24T04:17:03","slug":"kinderheim-trikot-fc-barcelona-23-24-trikot-kurzarm-kurze-hosen-o-dembele-7","status":"publish","type":"product","link":"https:\/\/www.billigtrikotde.com\/it\/kinderheim-trikot-fc-barcelona-23-24-trikot-kurzarm-kurze-hosen-o-dembele-7\/","title":{"rendered":"Camicia da bambino Home FC Barcelona 23-24 Camicia a maniche corte + pantaloncini O.DEMB\u00c9L\u00c9 7"},"content":{"rendered":"<p>Dopo molte fughe di notizie, la maglia del Barcellona 2023-2024 \u00e8 stata finalmente svelata. Le strisce hanno un motivo a rombi sui bordi e il logo presenta un diamante brillante nascosto \u2013 entrambi un omaggio alla squadra femminile.<\/p>\n<p>La maglia FC Barcellona 2023-2024 torna al design pi\u00f9 classico della squadra, presentato nel 1912 e utilizzato, pi\u00f9 o meno, nello stesso stile fino agli anni '90. La maglia Nike FC Barcellona 23-24 presenta due ampie strisce rosse sulla parte anteriore. Le maniche sono rosse. Unica \u00e8 la caratteristica che le strisce classiche della maglia ai bordi presentano un motivo a rombi. Questo \u00e8 ispirato al vecchio logo romboidale dell'attuale squadra femminile di Barcellona.<\/p>\n<p>Suggerimenti per la stampa: Se il nome e il numero dell'immagine sono esattamente quelli desiderati, non \u00e8 necessario inserirli nuovamente. In caso contrario, \u00e8 necessario inserire il nome e il numero desiderati.<\/p>\n<p>Consigli per il lavaggio: Si consiglia di lavare le magliette da calcio a mano. Se si desidera utilizzare la lavatrice, ricordarsi di capovolgere le magliette da calcio e poi lavarle. Riempire la macchina con acqua fredda e utilizzare un ciclo delicato per proteggere meglio i colori.<\/p>","protected":false},"excerpt":{"rendered":"<p>Dopo molte fughe di notizie, finalmente \u00e8 stato svelato il kit del Barcellona 2023-2024. Le strisce hanno un motivo a rombi sui bordi e il logo presenta un diamante luccicante nascosto \u2013 entrambi sono un omaggio alla squadra femminile. Il kit FC Barcelona 2023-2024 torna al design pi\u00f9 classico della squadra, presentato nel 1912 e rimasto fino agli anni '90 [\u2026]<\/p>","protected":false},"featured_media":13697,"comment_status":"open","ping_status":"closed","template":"","meta":[],"product_brand":[],"product_cat":[146],"product_tag":[147,20,460,33,574,21,22,24,94],"class_list":{"0":"post-13656","1":"product","2":"type-product","3":"status-publish","4":"has-post-thumbnail","6":"product_cat-barcelona-kindertrikot","7":"product_tag-barcelona-trikotsatz-fuer-kinder","8":"product_tag-coole-fussballtrikots","9":"product_tag-deutschland-fussballtrikots","10":"product_tag-fc-barcelona-trikots","11":"product_tag-fussballtrikot-deutschland","12":"product_tag-fussballtrikot-fuer-herren","13":"product_tag-fussballtrikot-guenstig-kaufen","14":"product_tag-guenstiges-fussballtrikot","15":"product_tag-kinder-fussball-trikotsatz","17":"first","18":"instock","19":"shipping-taxable","20":"purchasable","21":"product-type-variable"},"_links":{"self":[{"href":"https:\/\/www.billigtrikotde.com\/it\/wp-json\/wp\/v2\/product\/13656","targetHints":{"allow":["GET"]}}],"collection":[{"href":"https:\/\/www.billigtrikotde.com\/it\/wp-json\/wp\/v2\/product"}],"about":[{"href":"https:\/\/www.billigtrikotde.com\/it\/wp-json\/wp\/v2\/types\/product"}],"replies":[{"embeddable":true,"href":"https:\/\/www.billigtrikotde.com\/it\/wp-json\/wp\/v2\/comments?post=13656"}],"wp:featuredmedia":[{"embeddable":true,"href":"https:\/\/www.billigtrikotde.com\/it\/wp-json\/wp\/v2\/media\/13697"}],"wp:attachment":[{"href":"https:\/\/www.billigtrikotde.com\/it\/wp-json\/wp\/v2\/media?parent=13656"}],"wp:term":[{"taxonomy":"product_brand","embeddable":true,"href":"https:\/\/www.billigtrikotde.com\/it\/wp-json\/wp\/v2\/product_brand?post=13656"},{"taxonomy":"product_cat","embeddable":true,"href":"https:\/\/www.billigtrikotde.com\/it\/wp-json\/wp\/v2\/product_cat?post=13656"},{"taxonomy":"product_tag","embeddable":true,"href":"https:\/\/www.billigtrikotde.com\/it\/wp-json\/wp\/v2\/product_tag?post=13656"}],"curies":[{"name":"wp","href":"https:\/\/api.w.org\/{rel}","templated":true}]}}