{"id":13628,"date":"2024-10-24T06:12:41","date_gmt":"2024-10-24T04:12:41","guid":{"rendered":"http:\/\/billigtrikots.com\/?post_type=product&#038;p=13628"},"modified":"2025-10-16T16:03:16","modified_gmt":"2025-10-16T14:03:16","slug":"kinder-fussballtrikots-trikotsatz-real-madrid-23-24-heim-trikot-hazard-7","status":"publish","type":"product","link":"https:\/\/www.billigtrikotde.com\/it\/kinder-fussballtrikots-trikotsatz-real-madrid-23-24-heim-trikot-hazard-7\/","title":{"rendered":"Kit maglie calcio bambini Real Madrid 23-24 Home Shirt HAZARD 7"},"content":{"rendered":"<p>La maglia casalinga 23-24 del Real Madrid ha un design moderno e semplice. Particolarmente interessante \u00e8 la combinazione di colori: il bianco viene abbinato a un blu marino scuro (\u00abLegend Ink\u00bb) e a un arancione dorato. L'arancione dorato non \u00e8 n\u00e9 un giallo puro n\u00e9 un oro metallico, ma si trova da qualche parte nel mezzo. Il blu marino e l'arancione dorato sono gli stessi colori usati anche per la maglia in trasferta 23-24 del Real Madrid.<br \/>\nPer la prima volta nella storia del club, la maglia 23-24 del Real Madrid porta sulla scollatura lo slogan \u00ab\u00a1Hala Madrid!\u00bb. Per il colletto, Adidas combina i colori \u00abOro-Arancio\u00bb, bianco e leggenda in una tricolore. Anche i polsini delle maniche sono in tricolore. Come tutte le altre maglie da calcio Adidas 23-24, anche la nuova maglia 23-24 del Real Madrid \u00e8 dotata del nuovo logo Adidas. Ai lati e sulla schiena ci sono pannelli blu marino, simili a quelli di alcune maglie Adidas per i Mondiali 2022.<\/p>\n<p>Suggerimenti per la stampa: Se il nome e il numero dell'immagine sono esattamente quelli desiderati, non \u00e8 necessario inserirli nuovamente. In caso contrario, \u00e8 necessario inserire il nome e il numero desiderati.<\/p>\n<p>Consigli per il lavaggio: Si consiglia di lavare le magliette da calcio a mano. Se si desidera utilizzare la lavatrice, ricordarsi di capovolgere le magliette da calcio e poi lavarle. Riempire la macchina con acqua fredda e utilizzare un ciclo delicato per proteggere meglio i colori.<\/p>","protected":false},"excerpt":{"rendered":"<p>Das Real Madrid 23-24 Heim trikot hat ein modernes und einfaches Design. Besonders interessant ist die Farbgebung: Wei\u00df wird mit einem dunklen Marineblau (&#8222;Legend Ink&#8220;) und einem goldfarbenen Orange kombiniert.Das goldige Orange ist weder reines Gelb noch metallisches Gold, sondern liegt irgendwo dazwischen. Marineblau und Goldorange sind die gleichen Farben, die auch f\u00fcr das Ausw\u00e4rtstrikot [&hellip;]<\/p>","protected":false},"featured_media":13670,"comment_status":"open","ping_status":"closed","template":"","meta":[],"product_brand":[],"product_cat":[165],"product_tag":[20,574,21,22,24,94,651,47,166],"class_list":{"0":"post-13628","1":"product","2":"type-product","3":"status-publish","4":"has-post-thumbnail","6":"product_cat-real-madrid-kindertrikot","7":"product_tag-coole-fussballtrikots","8":"product_tag-fussballtrikot-deutschland","9":"product_tag-fussballtrikot-fuer-herren","10":"product_tag-fussballtrikot-guenstig-kaufen","11":"product_tag-guenstiges-fussballtrikot","12":"product_tag-kinder-fussball-trikotsatz","13":"product_tag-real-madrid-heim-trikot","14":"product_tag-real-madrid-trikots","15":"product_tag-real-madrid-trikotsatz-fuer-kinder","17":"first","18":"instock","19":"shipping-taxable","20":"purchasable","21":"product-type-variable"},"_links":{"self":[{"href":"https:\/\/www.billigtrikotde.com\/it\/wp-json\/wp\/v2\/product\/13628","targetHints":{"allow":["GET"]}}],"collection":[{"href":"https:\/\/www.billigtrikotde.com\/it\/wp-json\/wp\/v2\/product"}],"about":[{"href":"https:\/\/www.billigtrikotde.com\/it\/wp-json\/wp\/v2\/types\/product"}],"replies":[{"embeddable":true,"href":"https:\/\/www.billigtrikotde.com\/it\/wp-json\/wp\/v2\/comments?post=13628"}],"wp:featuredmedia":[{"embeddable":true,"href":"https:\/\/www.billigtrikotde.com\/it\/wp-json\/wp\/v2\/media\/13670"}],"wp:attachment":[{"href":"https:\/\/www.billigtrikotde.com\/it\/wp-json\/wp\/v2\/media?parent=13628"}],"wp:term":[{"taxonomy":"product_brand","embeddable":true,"href":"https:\/\/www.billigtrikotde.com\/it\/wp-json\/wp\/v2\/product_brand?post=13628"},{"taxonomy":"product_cat","embeddable":true,"href":"https:\/\/www.billigtrikotde.com\/it\/wp-json\/wp\/v2\/product_cat?post=13628"},{"taxonomy":"product_tag","embeddable":true,"href":"https:\/\/www.billigtrikotde.com\/it\/wp-json\/wp\/v2\/product_tag?post=13628"}],"curies":[{"name":"wp","href":"https:\/\/api.w.org\/{rel}","templated":true}]}}