{"id":13609,"date":"2024-10-24T06:11:36","date_gmt":"2024-10-24T04:11:36","guid":{"rendered":"http:\/\/billigtrikots.com\/?post_type=product&#038;p=13609"},"modified":"2024-10-24T06:14:15","modified_gmt":"2024-10-24T04:14:15","slug":"neuen-herren-paris-saint-germain-psg-23-24-heimtrikot-bestellen-mit-aufdruck-verratti-6","status":"publish","type":"product","link":"https:\/\/www.billigtrikotde.com\/it\/neuen-herren-paris-saint-germain-psg-23-24-heimtrikot-bestellen-mit-aufdruck-verratti-6\/","title":{"rendered":"Ordina la nuova maglia Paris Saint-Germain PSG 23-24 uomo con stampa VERRATTi 6"},"content":{"rendered":"<p>La maglia Nike PSG 2023-24 \u00e8 blu navy con una striscia rossa sul lato sinistro che sfuma verso la parte inferiore della maglia. C'\u00e8 anche una striscia bianca a sinistra e a destra della maglia rossa, ispirata al classico disegno di Hechter della squadra, e il disegno sfumato \u00e8 ispirato allo skyline di Parigi che sfuma nel cielo notturno. \u00c8 interessante notare che lo swoosh \u00e8 rosso e non bianco. Tutti gli altri loghi degli sponsor sono bianchi.<\/p>\n<p>Suggerimenti per la stampa: Se il nome e il numero dell'immagine sono esattamente quelli desiderati, non \u00e8 necessario inserirli nuovamente. In caso contrario, \u00e8 necessario inserire il nome e il numero desiderati.<\/p>\n<p>Consigli per il lavaggio: Si consiglia di lavare le magliette da calcio a mano. Se si desidera utilizzare la lavatrice, ricordarsi di capovolgere le magliette da calcio e poi lavarle. Riempire la macchina con acqua fredda e utilizzare un ciclo delicato per proteggere meglio i colori.<\/p>","protected":false},"excerpt":{"rendered":"<p>Das Nike PSG 2023-24 Trikot ist marineblau mit einem roten Streifen auf der linken Seite, der zum unteren Teil des Trikots hin verblasst. Links und rechts des roten Trikots befindet sich au\u00dferdem ein wei\u00dfer Streifen, der vom klassischen Hechter-Design der Mannschaft inspiriert ist.Das verblassende Design ist davon inspiriert, wie die Pariser Skyline im Nachthimmel verblasst. [&hellip;]<\/p>","protected":false},"featured_media":13652,"comment_status":"open","ping_status":"closed","template":"","meta":[],"product_brand":[],"product_cat":[39],"product_tag":[20,535,43,574,21,22,24,484,485,41,575],"class_list":{"0":"post-13609","1":"product","2":"type-product","3":"status-publish","4":"has-post-thumbnail","6":"product_cat-paris-saint-germain","7":"product_tag-coole-fussballtrikots","8":"product_tag-deutschland-trikot","9":"product_tag-fussballkleidung","10":"product_tag-fussballtrikot-deutschland","11":"product_tag-fussballtrikot-fuer-herren","12":"product_tag-fussballtrikot-guenstig-kaufen","13":"product_tag-guenstiges-fussballtrikot","14":"product_tag-paris-saint-germain-psg-fussballtrikot","15":"product_tag-paris-saint-germain-psg-trikot","16":"product_tag-paris-saint-germain-trikots","17":"product_tag-psg-23-24-trikot","19":"first","20":"instock","21":"shipping-taxable","22":"purchasable","23":"product-type-variable"},"_links":{"self":[{"href":"https:\/\/www.billigtrikotde.com\/it\/wp-json\/wp\/v2\/product\/13609","targetHints":{"allow":["GET"]}}],"collection":[{"href":"https:\/\/www.billigtrikotde.com\/it\/wp-json\/wp\/v2\/product"}],"about":[{"href":"https:\/\/www.billigtrikotde.com\/it\/wp-json\/wp\/v2\/types\/product"}],"replies":[{"embeddable":true,"href":"https:\/\/www.billigtrikotde.com\/it\/wp-json\/wp\/v2\/comments?post=13609"}],"wp:featuredmedia":[{"embeddable":true,"href":"https:\/\/www.billigtrikotde.com\/it\/wp-json\/wp\/v2\/media\/13652"}],"wp:attachment":[{"href":"https:\/\/www.billigtrikotde.com\/it\/wp-json\/wp\/v2\/media?parent=13609"}],"wp:term":[{"taxonomy":"product_brand","embeddable":true,"href":"https:\/\/www.billigtrikotde.com\/it\/wp-json\/wp\/v2\/product_brand?post=13609"},{"taxonomy":"product_cat","embeddable":true,"href":"https:\/\/www.billigtrikotde.com\/it\/wp-json\/wp\/v2\/product_cat?post=13609"},{"taxonomy":"product_tag","embeddable":true,"href":"https:\/\/www.billigtrikotde.com\/it\/wp-json\/wp\/v2\/product_tag?post=13609"}],"curies":[{"name":"wp","href":"https:\/\/api.w.org\/{rel}","templated":true}]}}