{"id":1357,"date":"2024-10-23T13:26:46","date_gmt":"2024-10-23T11:26:46","guid":{"rendered":"http:\/\/billigtrikots.com\/?post_type=product&#038;p=1357"},"modified":"2024-10-23T13:28:46","modified_gmt":"2024-10-23T11:28:46","slug":"fc-arsenal-auswaerts-fussball-trikot-2022-gelb-mit-aufdruck-saka-7","status":"publish","type":"product","link":"https:\/\/www.billigtrikotde.com\/it\/fc-arsenal-auswaerts-fussball-trikot-2022-gelb-mit-aufdruck-saka-7\/","title":{"rendered":"Arsenal FC Away Football Shirt 2022 Giallo con stampa SAKA 7"},"content":{"rendered":"<p>Arriva la maglia a-didas in giallo, che vi aiuter\u00e0 a sostenere il vostro club preferito in ogni situazione e a mostrare per cosa batte il vostro cuore. Ampliate la vostra collezione di FC Arsenal London con la maglia da trasferta indossata dai giocatori della Premier League. La funzionalit\u00e0 traspirante, confortevole e traspirante la rende vincente. Si distingue visivamente per lo stemma del club sul petto. Non importa quanto sia dura la sessione di allenamento o la partita, con questo modello sarete sempre ben vestiti.<\/p>\n<p>Suggerimenti per la stampa: Se il nome e il numero dell'immagine sono esattamente quelli desiderati, non \u00e8 necessario inserirli nuovamente. In caso contrario, \u00e8 necessario inserire il nome e il numero desiderati.<\/p>\n<p>Consigli per il lavaggio: Si consiglia di lavare le magliette da calcio a mano. Se si desidera utilizzare la lavatrice, ricordarsi di capovolgere le magliette da calcio e poi lavarle. Riempire la macchina con acqua fredda e utilizzare un ciclo delicato per proteggere meglio i colori.<\/p>","protected":false},"excerpt":{"rendered":"<p>Hier kommt das adidas Trikot in Gelb, das dir hilft, deinen Lieblingsverein in jeder Lage zu supporten und zu zeigen, wof\u00fcr dein Herz schl\u00e4gt. Erweitere deine FC Arsenal London-Sammlung mit dem Ausw\u00e4rts-Trikot, das auch die Spieler in der Premier League tragen. Die atmungsaktive, bequeme und schwei\u00dfableitende Funktionsweise l\u00e4sst es \u00fcberzeugen. Es besticht optisch mit einem [&hellip;]<\/p>","protected":false},"featured_media":1387,"comment_status":"open","ping_status":"closed","template":"","meta":[],"product_brand":[],"product_cat":[55],"product_tag":[20,58,57,21,22,23,24],"class_list":{"0":"post-1357","1":"product","2":"type-product","3":"status-publish","4":"has-post-thumbnail","6":"product_cat-arsenal","7":"product_tag-coole-fussballtrikots","8":"product_tag-fc-arsenal-auswaertstrikot","9":"product_tag-fc-arsenal-trikots","10":"product_tag-fussballtrikot-fuer-herren","11":"product_tag-fussballtrikot-guenstig-kaufen","12":"product_tag-fussballtrikot-kurzarm","13":"product_tag-guenstiges-fussballtrikot","15":"first","16":"instock","17":"shipping-taxable","18":"purchasable","19":"product-type-variable"},"_links":{"self":[{"href":"https:\/\/www.billigtrikotde.com\/it\/wp-json\/wp\/v2\/product\/1357","targetHints":{"allow":["GET"]}}],"collection":[{"href":"https:\/\/www.billigtrikotde.com\/it\/wp-json\/wp\/v2\/product"}],"about":[{"href":"https:\/\/www.billigtrikotde.com\/it\/wp-json\/wp\/v2\/types\/product"}],"replies":[{"embeddable":true,"href":"https:\/\/www.billigtrikotde.com\/it\/wp-json\/wp\/v2\/comments?post=1357"}],"wp:featuredmedia":[{"embeddable":true,"href":"https:\/\/www.billigtrikotde.com\/it\/wp-json\/wp\/v2\/media\/1387"}],"wp:attachment":[{"href":"https:\/\/www.billigtrikotde.com\/it\/wp-json\/wp\/v2\/media?parent=1357"}],"wp:term":[{"taxonomy":"product_brand","embeddable":true,"href":"https:\/\/www.billigtrikotde.com\/it\/wp-json\/wp\/v2\/product_brand?post=1357"},{"taxonomy":"product_cat","embeddable":true,"href":"https:\/\/www.billigtrikotde.com\/it\/wp-json\/wp\/v2\/product_cat?post=1357"},{"taxonomy":"product_tag","embeddable":true,"href":"https:\/\/www.billigtrikotde.com\/it\/wp-json\/wp\/v2\/product_tag?post=1357"}],"curies":[{"name":"wp","href":"https:\/\/api.w.org\/{rel}","templated":true}]}}