{"id":1347,"date":"2024-10-23T13:26:17","date_gmt":"2024-10-23T11:26:17","guid":{"rendered":"http:\/\/billigtrikots.com\/?post_type=product&#038;p=1347"},"modified":"2024-10-23T13:28:14","modified_gmt":"2024-10-23T11:28:14","slug":"fc-arsenal-heimtrikot-2022-langarm-weiss-rot-kurze-hosen","status":"publish","type":"product","link":"https:\/\/www.billigtrikotde.com\/it\/fc-arsenal-heimtrikot-2022-langarm-weiss-rot-kurze-hosen\/","title":{"rendered":"FC Arsenal home kit 2022 manica lunga bianco\/rosso + pantaloncini"},"content":{"rendered":"<p>Vesti come i tuoi giocatori preferiti. La maglia a maniche corte viene indossata dalla squadra nei giorni di partita ed \u00e8 ideale per mostrare con orgoglio la tua passione.<\/p>\n<p>Suggerimenti per la stampa: Se il nome e il numero dell'immagine sono esattamente quelli desiderati, non \u00e8 necessario inserirli nuovamente. In caso contrario, \u00e8 necessario inserire il nome e il numero desiderati.<\/p>\n<p>Consigli per il lavaggio: Si consiglia di lavare le magliette da calcio a mano. Se si desidera utilizzare la lavatrice, ricordarsi di capovolgere le magliette da calcio e poi lavarle. Riempire la macchina con acqua fredda e utilizzare un ciclo delicato per proteggere meglio i colori.<\/p>","protected":false},"excerpt":{"rendered":"<p>Kleiden Sie sich wie Ihre Lieblingsspieler. Das kurz\u00e4rmelige Trikot wird vom Team an Spieltagen getragen und ist ideal, um Ihre Leidenschaft voll Stolz zu zeigen. Tipps zum Drucken: Wenn der Name und die Nummer auf dem Bild genau Ihren W\u00fcnschen entsprechen, m\u00fcssen Sie sie nicht erneut eingeben. Wenn nicht, sollten Sie Ihren gew\u00fcnschten Namen und [&hellip;]<\/p>","protected":false},"featured_media":1384,"comment_status":"open","ping_status":"closed","template":"","meta":[],"product_brand":[],"product_cat":[55],"product_tag":[20,56,57,38,21,22,24],"class_list":{"0":"post-1347","1":"product","2":"type-product","3":"status-publish","4":"has-post-thumbnail","6":"product_cat-arsenal","7":"product_tag-coole-fussballtrikots","8":"product_tag-fc-arsenal-heimtrikot","9":"product_tag-fc-arsenal-trikots","10":"product_tag-fussball-trikot-langarm","11":"product_tag-fussballtrikot-fuer-herren","12":"product_tag-fussballtrikot-guenstig-kaufen","13":"product_tag-guenstiges-fussballtrikot","15":"first","16":"instock","17":"shipping-taxable","18":"purchasable","19":"product-type-variable"},"_links":{"self":[{"href":"https:\/\/www.billigtrikotde.com\/it\/wp-json\/wp\/v2\/product\/1347","targetHints":{"allow":["GET"]}}],"collection":[{"href":"https:\/\/www.billigtrikotde.com\/it\/wp-json\/wp\/v2\/product"}],"about":[{"href":"https:\/\/www.billigtrikotde.com\/it\/wp-json\/wp\/v2\/types\/product"}],"replies":[{"embeddable":true,"href":"https:\/\/www.billigtrikotde.com\/it\/wp-json\/wp\/v2\/comments?post=1347"}],"wp:featuredmedia":[{"embeddable":true,"href":"https:\/\/www.billigtrikotde.com\/it\/wp-json\/wp\/v2\/media\/1384"}],"wp:attachment":[{"href":"https:\/\/www.billigtrikotde.com\/it\/wp-json\/wp\/v2\/media?parent=1347"}],"wp:term":[{"taxonomy":"product_brand","embeddable":true,"href":"https:\/\/www.billigtrikotde.com\/it\/wp-json\/wp\/v2\/product_brand?post=1347"},{"taxonomy":"product_cat","embeddable":true,"href":"https:\/\/www.billigtrikotde.com\/it\/wp-json\/wp\/v2\/product_cat?post=1347"},{"taxonomy":"product_tag","embeddable":true,"href":"https:\/\/www.billigtrikotde.com\/it\/wp-json\/wp\/v2\/product_tag?post=1347"}],"curies":[{"name":"wp","href":"https:\/\/api.w.org\/{rel}","templated":true}]}}