{"id":1261,"date":"2024-10-23T13:22:37","date_gmt":"2024-10-23T11:22:37","guid":{"rendered":"http:\/\/billigtrikots.com\/?post_type=product&#038;p=1261"},"modified":"2024-10-23T13:24:35","modified_gmt":"2024-10-23T11:24:35","slug":"manchester-united-f-c-pogba-6-herren-home-2022-rot-trikot-guenstig","status":"publish","type":"product","link":"https:\/\/www.billigtrikotde.com\/it\/manchester-united-f-c-pogba-6-herren-home-2022-rot-trikot-guenstig\/","title":{"rendered":"Manchester United F.C. Pogba 6 Uomini Home 2022 Camicia rossa a buon mercato"},"content":{"rendered":"<p>Ecco la maglia a-didas in rosso che vi aiuter\u00e0 a sostenere il vostro club preferito in qualsiasi situazione e a mostrare per cosa batte il vostro cuore. Mostrate la vostra fedelt\u00e0: con questa maglia home del Manchester United potrete ampliare la vostra collezione di tifosi con un capo di abbigliamento dal design originale indossato dai giocatori della Premier League. Vi consigliamo questo modello comodo, leggero e traspirante, con una sensazione piacevole al tatto. Questa maglia sportiva \u00e8 stata creata per portare le vostre prestazioni a un livello superiore. Si distingue visivamente per lo stemma del club sul petto.<\/p>\n<p>Suggerimenti per la stampa: Se il nome e il numero dell'immagine sono esattamente quelli desiderati, non \u00e8 necessario inserirli nuovamente. In caso contrario, \u00e8 necessario inserire il nome e il numero desiderati.<\/p>\n<p>Consigli per il lavaggio: Si consiglia di lavare le magliette da calcio a mano. Se si desidera utilizzare la lavatrice, ricordarsi di capovolgere le magliette da calcio e poi lavarle. Riempire la macchina con acqua fredda e utilizzare un ciclo delicato per proteggere meglio i colori.<\/p>","protected":false},"excerpt":{"rendered":"<p>Hier kommt das a-didas Trikot in Rot, das dir hilft, deinen Lieblingsverein in jeder Lage zu unterst\u00fctzen und zu zeigen, wof\u00fcr dein Herz schl\u00e4gt. Zeige deine Zugeh\u00f6rigkeit \u2013 mit diesem Manchester United-Heim-Trikot erweiterst du deine Fan-Kollektion um ein Kleidungsst\u00fcck im Original-Design, wie es die Spieler in der Premier League tragen. Wir empfehlen dieses bequeme, leichte [&hellip;]<\/p>","protected":false},"featured_media":1291,"comment_status":"open","ping_status":"closed","template":"","meta":[],"product_brand":[],"product_cat":[50],"product_tag":[20,21,22,23,24,52],"class_list":{"0":"post-1261","1":"product","2":"type-product","3":"status-publish","4":"has-post-thumbnail","6":"product_cat-manchester-united","7":"product_tag-coole-fussballtrikots","8":"product_tag-fussballtrikot-fuer-herren","9":"product_tag-fussballtrikot-guenstig-kaufen","10":"product_tag-fussballtrikot-kurzarm","11":"product_tag-guenstiges-fussballtrikot","12":"product_tag-manchester-united-trikots","14":"first","15":"instock","16":"shipping-taxable","17":"purchasable","18":"product-type-variable"},"_links":{"self":[{"href":"https:\/\/www.billigtrikotde.com\/it\/wp-json\/wp\/v2\/product\/1261","targetHints":{"allow":["GET"]}}],"collection":[{"href":"https:\/\/www.billigtrikotde.com\/it\/wp-json\/wp\/v2\/product"}],"about":[{"href":"https:\/\/www.billigtrikotde.com\/it\/wp-json\/wp\/v2\/types\/product"}],"replies":[{"embeddable":true,"href":"https:\/\/www.billigtrikotde.com\/it\/wp-json\/wp\/v2\/comments?post=1261"}],"wp:featuredmedia":[{"embeddable":true,"href":"https:\/\/www.billigtrikotde.com\/it\/wp-json\/wp\/v2\/media\/1291"}],"wp:attachment":[{"href":"https:\/\/www.billigtrikotde.com\/it\/wp-json\/wp\/v2\/media?parent=1261"}],"wp:term":[{"taxonomy":"product_brand","embeddable":true,"href":"https:\/\/www.billigtrikotde.com\/it\/wp-json\/wp\/v2\/product_brand?post=1261"},{"taxonomy":"product_cat","embeddable":true,"href":"https:\/\/www.billigtrikotde.com\/it\/wp-json\/wp\/v2\/product_cat?post=1261"},{"taxonomy":"product_tag","embeddable":true,"href":"https:\/\/www.billigtrikotde.com\/it\/wp-json\/wp\/v2\/product_tag?post=1261"}],"curies":[{"name":"wp","href":"https:\/\/api.w.org\/{rel}","templated":true}]}}