{"id":12532,"date":"2024-10-24T05:16:55","date_gmt":"2024-10-24T03:16:55","guid":{"rendered":"http:\/\/billigtrikots.com\/?post_type=product&#038;p=12532"},"modified":"2024-10-24T05:19:45","modified_gmt":"2024-10-24T03:19:45","slug":"billige-fussballtrikots-ssc-napoli-22-23-valentinstags-trikot-kurzarm-online-personalisierbar","status":"publish","type":"product","link":"https:\/\/www.billigtrikotde.com\/it\/billige-fussballtrikots-ssc-napoli-22-23-valentinstags-trikot-kurzarm-online-personalisierbar\/","title":{"rendered":"Magliette calcio SSC Napoli 22-23 San Valentino Camicia manica corta Online Personalizzabile"},"content":{"rendered":"<p>La maglia di San Valentino EA7 Napoli 2022-23 utilizza lo stesso modello delle maglie casalinghe e in trasferta attuali. In questa versione, il colore di base \u00e8 bianco, mentre le maniche presentano una sfumatura dal rosso al rosa. Un grande bacio rosso si trova sulla parte inferiore destra della maglia di San Valentino EA7 Napoli 2022-23. EA7 combina la maglia di San Valentino Napoli 22-23 con pantaloni e calzettoni bianchi.<\/p>\n<p>Suggerimenti per la stampa: Se il nome e il numero dell'immagine sono esattamente quelli desiderati, non \u00e8 necessario inserirli nuovamente. In caso contrario, \u00e8 necessario inserire il nome e il numero desiderati.<\/p>\n<p>Consigli per il lavaggio: Si consiglia di lavare le magliette da calcio a mano. Se si desidera utilizzare la lavatrice, ricordarsi di capovolgere le magliette da calcio e poi lavarle. Riempire la macchina con acqua fredda e utilizzare un ciclo delicato per proteggere meglio i colori.<\/p>","protected":false},"excerpt":{"rendered":"<p>Das EA7 Napoli 2022-23 Valentine&#8217;s Trikot verwendet die gleiche Template wie die aktuellen Heim- und Ausw\u00e4rtstrikots. Bei dieser Ausgabe ist die Grundfarbe wei\u00df, w\u00e4hrend die \u00c4rmel einen Farbverlauf von Rot zu Rosa aufweisen.Ein gro\u00dfer roter Kussmund befindet sich auf der rechten unteren Seite des EA7 Napoli 2022-23 Valentine&#8217;s Trikots. EA7 kombiniert das Napoli 22-23 Valentine&#8217;s [&hellip;]<\/p>","protected":false},"featured_media":12578,"comment_status":"open","ping_status":"closed","template":"","meta":[],"product_brand":[],"product_cat":[192],"product_tag":[504,505,506,496,497],"class_list":{"0":"post-12532","1":"product","2":"type-product","3":"status-publish","4":"has-post-thumbnail","6":"product_cat-ssc-napoli","7":"product_tag-napoli-22-23-valentinstags-trikot-for-sale","8":"product_tag-napoli-22-23-valentinstags-trikot","9":"product_tag-ssc-napoli-2022-23-valentinstags-fussballtrikot","10":"product_tag-ssc-napoli-fussballtrikot","11":"product_tag-ssc-napoli-trikot","13":"first","14":"instock","15":"shipping-taxable","16":"purchasable","17":"product-type-variable"},"_links":{"self":[{"href":"https:\/\/www.billigtrikotde.com\/it\/wp-json\/wp\/v2\/product\/12532","targetHints":{"allow":["GET"]}}],"collection":[{"href":"https:\/\/www.billigtrikotde.com\/it\/wp-json\/wp\/v2\/product"}],"about":[{"href":"https:\/\/www.billigtrikotde.com\/it\/wp-json\/wp\/v2\/types\/product"}],"replies":[{"embeddable":true,"href":"https:\/\/www.billigtrikotde.com\/it\/wp-json\/wp\/v2\/comments?post=12532"}],"wp:featuredmedia":[{"embeddable":true,"href":"https:\/\/www.billigtrikotde.com\/it\/wp-json\/wp\/v2\/media\/12578"}],"wp:attachment":[{"href":"https:\/\/www.billigtrikotde.com\/it\/wp-json\/wp\/v2\/media?parent=12532"}],"wp:term":[{"taxonomy":"product_brand","embeddable":true,"href":"https:\/\/www.billigtrikotde.com\/it\/wp-json\/wp\/v2\/product_brand?post=12532"},{"taxonomy":"product_cat","embeddable":true,"href":"https:\/\/www.billigtrikotde.com\/it\/wp-json\/wp\/v2\/product_cat?post=12532"},{"taxonomy":"product_tag","embeddable":true,"href":"https:\/\/www.billigtrikotde.com\/it\/wp-json\/wp\/v2\/product_tag?post=12532"}],"curies":[{"name":"wp","href":"https:\/\/api.w.org\/{rel}","templated":true}]}}